{"id":13350,"date":"2020-08-31T16:39:22","date_gmt":"2020-08-31T16:39:22","guid":{"rendered":"https:\/\/loftypods.com\/maisons-pod\/serie-calafate\/"},"modified":"2020-09-18T19:49:17","modified_gmt":"2020-09-18T19:49:17","slug":"serie-calafate","status":"publish","type":"page","link":"https:\/\/loftypods.com\/fr\/maisons-pod\/serie-calafate\/","title":{"rendered":"S\u00e9rie Calafate"},"content":{"rendered":"<div class=\"wpb-content-wrapper\"><p>[vc_row][vc_column width=\u00a0\u00bb1\/6&Prime;][\/vc_column][vc_column width=\u00a0\u00bb2\/3&Prime;]<div id=\"ultimate-heading-812969e46bb636227\" class=\"uvc-heading ult-adjust-bottom-margin ultimate-heading-812969e46bb636227 uvc-6096 \" data-hspacer=\"no_spacer\"  data-halign=\"center\" style=\"text-align:center\"><div class=\"uvc-heading-spacer no_spacer\" style=\"top\"><\/div><div class=\"uvc-main-heading ult-responsive\"  data-ultimate-target='.uvc-heading.ultimate-heading-812969e46bb636227 h2'  data-responsive-json-new='{\"font-size\":\"desktop:24px;\",\"line-height\":\"\"}' ><h2 style=\"font-family:&#039;Poppins&#039;;font-weight:normal;color:#374f5e;margin-bottom:40px;\">La s\u00e9rie Calafate: vous ne devineriez jamais que ces maisons ont \u00e9t\u00e9 assembl\u00e9es dans une usine.<\/h2><\/div><div class=\"uvc-sub-heading ult-responsive\"  data-ultimate-target='.uvc-heading.ultimate-heading-812969e46bb636227 .uvc-sub-heading '  data-responsive-json-new='{\"font-size\":\"\",\"line-height\":\"\"}'  style=\"font-weight:normal;\"><\/p>\n<p style=\"text-align: justify;\">Ces belles maisons pr\u00e9fabriqu\u00e9es au Qu\u00e9bec font un usage \u00e9tonnant de la construction modulaire r\u00e9sultant en une maison moderne et \u00e9l\u00e9gante que personne ne devinerait jamais construite dans une usine. La s\u00e9rie offre plusieurs tailles et convient \u00e0 une vari\u00e9t\u00e9 de besoins, y compris la vie en studio, le bureau \u00e0 domicile, l&rsquo;h\u00e9bergement et comme maison r\u00e9sidentielle.<\/p>\n<p><\/div><\/div>[\/vc_column][vc_column width=\u00a0\u00bb1\/6&Prime;][\/vc_column][\/vc_row][vc_row css=\u00a0\u00bb.vc_custom_1594401595864{padding-top: 50px !important;}\u00a0\u00bb][vc_column width=\u00a0\u00bb1\/3&Prime;]<div class=\"ult-new-ib ult-ib-effect-style11 text-shadow ult-ib-resp  \" data-min-width=\"768\" data-max-width=\"900\" style=\"background:rgba(0,0,0,0.7);\" data-opacity=\"0.8\" data-hover-opacity=\"1\" ><img data-recalc-dims=\"1\" decoding=\"async\" class=\"ult-new-ib-img\" style=\"opacity:0.8;\" alt=\"null\" src=\"https:\/\/i0.wp.com\/loftypods.com\/wp-content\/uploads\/2020\/07\/calafate-ext-1.jpg?w=1200&#038;ssl=1\"   \/><div id=\"interactive-banner-wrap-1204\" class=\"ult-new-ib-desc\" style=\"\"><h2 class=\"ult-new-ib-title ult-responsive\"  data-ultimate-target='#interactive-banner-wrap-1204 .ult-new-ib-title'  data-responsive-json-new='{\"font-size\":\"desktop:20px;\",\"line-height\":\"desktop:60px;\"}'  style=\"font-family:&#039;Poppins&#039;;font-weight:600;color:#ffffff;\">CALAFATE<\/h2><div class=\"ult-new-ib-content ult-responsive\"  data-ultimate-target='#interactive-banner-wrap-1204 .ult-new-ib-content'  data-responsive-json-new='{\"font-size\":\"desktop:16px;\",\"line-height\":\"desktop:16px;\"}'  style=\"font-family:&#039;Poppins&#039;;font-weight:500;color:#ffffff;\"><p>1 Chambre, 480 pi<\/p><\/div><\/div><a class=\"ult-new-ib-link\" href=\"https:\/\/loftypods.com\/fr\/maisons-pod\/cafalate\/\" target=\"_blank\" rel=\"noopener\"  ><\/a><\/div>[\/vc_column][vc_column width=\u00a0\u00bb1\/3&Prime;]<div class=\"ult-new-ib ult-ib-effect-style11 text-shadow ult-ib-resp  \" data-min-width=\"768\" data-max-width=\"900\" style=\"background:rgba(0,0,0,0.7);\" data-opacity=\"0.8\" data-hover-opacity=\"1\" ><img data-recalc-dims=\"1\" decoding=\"async\" class=\"ult-new-ib-img\" style=\"opacity:0.8;\" alt=\"null\" src=\"https:\/\/i0.wp.com\/loftypods.com\/wp-content\/uploads\/2020\/07\/calafate-parallel-2-white.jpg?w=1200&#038;ssl=1\"   \/><div id=\"interactive-banner-wrap-7199\" class=\"ult-new-ib-desc\" style=\"\"><h2 class=\"ult-new-ib-title ult-responsive\"  data-ultimate-target='#interactive-banner-wrap-7199 .ult-new-ib-title'  data-responsive-json-new='{\"font-size\":\"desktop:20px;\",\"line-height\":\"desktop:60px;\"}'  style=\"font-family:&#039;Poppins&#039;;font-weight:600;color:#ffffff;\">CALAFATE PARALLEL<\/h2><div class=\"ult-new-ib-content ult-responsive\"  data-ultimate-target='#interactive-banner-wrap-7199 .ult-new-ib-content'  data-responsive-json-new='{\"font-size\":\"desktop:16px;\",\"line-height\":\"desktop:16px;\"}'  style=\"font-family:&#039;Poppins&#039;;font-weight:500;color:#ffffff;\"><p>2 Chambres, 832 pi<\/p><\/div><\/div><a class=\"ult-new-ib-link\" href=\"https:\/\/loftypods.com\/fr\/maisons-pod\/calafate-parallel\/\" target=\"_blank\" rel=\"noopener\"  ><\/a><\/div>[\/vc_column][vc_column width=\u00a0\u00bb1\/3&Prime;]<div class=\"ult-new-ib ult-ib-effect-style11 text-shadow ult-ib-resp  \" data-min-width=\"768\" data-max-width=\"900\" style=\"background:rgba(0,0,0,0.7);\" data-opacity=\"0.8\" data-hover-opacity=\"1\" ><img data-recalc-dims=\"1\" decoding=\"async\" class=\"ult-new-ib-img\" style=\"opacity:0.8;\" alt=\"null\" src=\"https:\/\/i0.wp.com\/loftypods.com\/wp-content\/uploads\/2020\/07\/calate-triple-parallel-no-mezza-2.jpg?w=1200&#038;ssl=1\"   \/><div id=\"interactive-banner-wrap-4213\" class=\"ult-new-ib-desc\" style=\"\"><h2 class=\"ult-new-ib-title ult-responsive\"  data-ultimate-target='#interactive-banner-wrap-4213 .ult-new-ib-title'  data-responsive-json-new='{\"font-size\":\"desktop:20px;\",\"line-height\":\"desktop:60px;\"}'  style=\"font-family:&#039;Poppins&#039;;font-weight:600;color:#ffffff;\">CALAFATE TRIPLE PARALLEL<\/h2><div class=\"ult-new-ib-content ult-responsive\"  data-ultimate-target='#interactive-banner-wrap-4213 .ult-new-ib-content'  data-responsive-json-new='{\"font-size\":\"desktop:16px;\",\"line-height\":\"desktop:16px;\"}'  style=\"font-family:&#039;Poppins&#039;;font-weight:500;color:#ffffff;\"><p>2 Chambres, 1,184 pi<\/p><\/div><\/div><a class=\"ult-new-ib-link\" href=\"https:\/\/loftypods.com\/fr\/maisons-pod\/calafate-triple-parallel\/\" target=\"_blank\" rel=\"noopener\"  ><\/a><\/div>[\/vc_column][\/vc_row][vc_row css=\u00a0\u00bb.vc_custom_1594401619274{padding-top: 30px !important;padding-bottom: 100px !important;}\u00a0\u00bb][vc_column width=\u00a0\u00bb1\/3&Prime;][\/vc_column][vc_column width=\u00a0\u00bb1\/3&Prime;][\/vc_column][vc_column width=\u00a0\u00bb1\/3&Prime;][\/vc_column][\/vc_row][vc_row bg_type=\u00a0\u00bbbg_color\u00a0\u00bb bg_override=\u00a0\u00bbex-full\u00a0\u00bb css=\u00a0\u00bb.vc_custom_1594401642457{padding-top: 25px !important;}\u00a0\u00bb bg_color_value=\u00a0\u00bb#d7bdae\u00a0\u00bb][vc_column][vc_row_inner][vc_column_inner width=\u00a0\u00bb2\/3&Prime;]<div id=\"ultimate-heading-132669e46bb636f7b\" class=\"uvc-heading ult-adjust-bottom-margin ultimate-heading-132669e46bb636f7b uvc-8097 \" data-hspacer=\"no_spacer\"  data-halign=\"center\" style=\"text-align:center\"><div class=\"uvc-heading-spacer no_spacer\" style=\"top\"><\/div><div class=\"uvc-sub-heading ult-responsive\"  data-ultimate-target='.uvc-heading.ultimate-heading-132669e46bb636f7b .uvc-sub-heading '  data-responsive-json-new='{\"font-size\":\"desktop:22px;\",\"line-height\":\"\"}'  style=\"font-family:&#039;Poppins&#039;;font-weight:600;color:#ffffff;margin-top:15px;\">Voir notre s\u00e9lection de maisons \u00ab lofty pods \u00bb<\/div><\/div>[\/vc_column_inner][vc_column_inner width=\u00a0\u00bb1\/3&Prime;]<div class=\" ubtn-ctn-left \"><button type=\"button\" id=\"ubtn-5072\"  class=\"ubtn ult-adjust-bottom-margin ult-responsive ubtn-normal ubtn-top-bg  none  ubtn-left   tooltip-69e46bb636fec\"  data-hover=\"#d7bdae\" data-border-color=\"#ffffff\" data-bg=\"#d7bdae\" data-hover-bg=\"#ffffff\" data-border-hover=\"#ffffff\" data-shadow-hover=\"\" data-shadow-click=\"none\" data-shadow=\"\" data-shd-shadow=\"\"  data-ultimate-target='#ubtn-5072'  data-responsive-json-new='{\"font-size\":\"\",\"line-height\":\"\"}'  style=\"font-weight:normal;border-radius:3px;border-width:3px;border-color:#ffffff;border-style:solid;background: #d7bdae;color: #ffffff;\"><span class=\"ubtn-hover\" style=\"background-color:#ffffff\"><\/span><span class=\"ubtn-data ubtn-text \" >MAISONS \u00abLOFTY POD\u00bb<\/span><\/button><\/div>[\/vc_column_inner][\/vc_row_inner][\/vc_column][\/vc_row]<\/p>\n<\/div>","protected":false},"excerpt":{"rendered":"<p>[vc_row][vc_column width=\u00a0\u00bb1\/6&Prime;][\/vc_column][vc_column width=\u00a0\u00bb2\/3&Prime;][\/vc_column][vc_column width=\u00a0\u00bb1\/6&Prime;][\/vc_column][\/vc_row][vc_row css=\u00a0\u00bb.vc_custom_1594401595864{padding-top: 50px !important;}\u00a0\u00bb][vc_column width=\u00a0\u00bb1\/3&Prime;][\/vc_column][vc_column width=\u00a0\u00bb1\/3&Prime;][\/vc_column][vc_column width=\u00a0\u00bb1\/3&Prime;][\/vc_column][\/vc_row][vc_row css=\u00a0\u00bb.vc_custom_1594401619274{padding-top: 30px !important;padding-bottom: 100px !important;}\u00a0\u00bb][vc_column width=\u00a0\u00bb1\/3&Prime;][\/vc_column][vc_column width=\u00a0\u00bb1\/3&Prime;][\/vc_column][vc_column width=\u00a0\u00bb1\/3&Prime;][\/vc_column][\/vc_row][vc_row bg_type=\u00a0\u00bbbg_color\u00a0\u00bb bg_override=\u00a0\u00bbex-full\u00a0\u00bb css=\u00a0\u00bb.vc_custom_1594401642457{padding-top: 25px !important;}\u00a0\u00bb bg_color_value=\u00a0\u00bb#d7bdae\u00a0\u00bb][vc_column][vc_row_inner][vc_column_inner width=\u00a0\u00bb2\/3&Prime;][\/vc_column_inner][vc_column_inner width=\u00a0\u00bb1\/3&Prime;][\/vc_column_inner][\/vc_row_inner][\/vc_column][\/vc_row]<\/p>\n","protected":false},"author":1,"featured_media":0,"parent":3480,"menu_order":0,"comment_status":"closed","ping_status":"closed","template":"","meta":{"footnotes":""},"class_list":["post-13350","page","type-page","status-publish","hentry","description-off"],"yoast_head":"<!-- This site is optimized with the Yoast SEO Premium plugin v22.0 (Yoast SEO v27.4) - https:\/\/yoast.com\/product\/yoast-seo-premium-wordpress\/ -->\n<title>S\u00e9rie Calafate: Belles maisons pr\u00e9fabriqu\u00e9es au Qu\u00e9bec<\/title>\n<meta name=\"description\" content=\"Ces belles maisons pr\u00e9fabriqu\u00e9es au Qu\u00e9bec conviennent \u00e0 une vari\u00e9t\u00e9 de besoins, y compris le studio, le bureau \u00e0 domicile, l&#039;h\u00e9bergement et comme maison r\u00e9sidentielle.\" \/>\n<meta name=\"robots\" content=\"index, follow, max-snippet:-1, max-image-preview:large, max-video-preview:-1\" \/>\n<link rel=\"canonical\" href=\"https:\/\/loftypods.com\/fr\/maisons-pod\/serie-calafate\/\" \/>\n<meta property=\"og:locale\" content=\"fr_FR\" \/>\n<meta property=\"og:type\" content=\"article\" \/>\n<meta property=\"og:title\" content=\"S\u00e9rie Calafate\" \/>\n<meta property=\"og:description\" content=\"Ces belles maisons pr\u00e9fabriqu\u00e9es au Qu\u00e9bec conviennent \u00e0 une vari\u00e9t\u00e9 de besoins, y compris le studio, le bureau \u00e0 domicile, l&#039;h\u00e9bergement et comme maison r\u00e9sidentielle.\" \/>\n<meta property=\"og:url\" content=\"https:\/\/loftypods.com\/fr\/maisons-pod\/serie-calafate\/\" \/>\n<meta property=\"og:site_name\" content=\"LoftyPod modular homes\" \/>\n<meta property=\"article:publisher\" content=\"https:\/\/www.facebook.com\/Loftypods-102210318534979\/\" \/>\n<meta property=\"article:modified_time\" content=\"2020-09-18T19:49:17+00:00\" \/>\n<meta property=\"og:image\" content=\"https:\/\/loftypods.com\/wp-content\/uploads\/2021\/03\/loftypod-modular-homes-quebec.jpg\" \/>\n\t<meta property=\"og:image:width\" content=\"1500\" \/>\n\t<meta property=\"og:image:height\" content=\"843\" \/>\n\t<meta property=\"og:image:type\" content=\"image\/jpeg\" \/>\n<meta name=\"twitter:card\" content=\"summary_large_image\" \/>\n<meta name=\"twitter:label1\" content=\"Dur\u00e9e de lecture estim\u00e9e\" \/>\n\t<meta name=\"twitter:data1\" content=\"4 minutes\" \/>\n<script type=\"application\/ld+json\" class=\"yoast-schema-graph\">{\"@context\":\"https:\\\/\\\/schema.org\",\"@graph\":[{\"@type\":\"WebPage\",\"@id\":\"https:\\\/\\\/loftypods.com\\\/fr\\\/maisons-pod\\\/serie-calafate\\\/\",\"url\":\"https:\\\/\\\/loftypods.com\\\/fr\\\/maisons-pod\\\/serie-calafate\\\/\",\"name\":\"S\u00e9rie Calafate: Belles maisons pr\u00e9fabriqu\u00e9es au Qu\u00e9bec\",\"isPartOf\":{\"@id\":\"https:\\\/\\\/loftypods.com\\\/fr\\\/#website\"},\"datePublished\":\"2020-08-31T16:39:22+00:00\",\"dateModified\":\"2020-09-18T19:49:17+00:00\",\"description\":\"Ces belles maisons pr\u00e9fabriqu\u00e9es au Qu\u00e9bec conviennent \u00e0 une vari\u00e9t\u00e9 de besoins, y compris le studio, le bureau \u00e0 domicile, l'h\u00e9bergement et comme maison r\u00e9sidentielle.\",\"breadcrumb\":{\"@id\":\"https:\\\/\\\/loftypods.com\\\/fr\\\/maisons-pod\\\/serie-calafate\\\/#breadcrumb\"},\"inLanguage\":\"fr-FR\",\"potentialAction\":[{\"@type\":\"ReadAction\",\"target\":[\"https:\\\/\\\/loftypods.com\\\/fr\\\/maisons-pod\\\/serie-calafate\\\/\"]}]},{\"@type\":\"BreadcrumbList\",\"@id\":\"https:\\\/\\\/loftypods.com\\\/fr\\\/maisons-pod\\\/serie-calafate\\\/#breadcrumb\",\"itemListElement\":[{\"@type\":\"ListItem\",\"position\":1,\"name\":\"Home\",\"item\":\"https:\\\/\\\/loftypods.com\\\/fr\\\/\"},{\"@type\":\"ListItem\",\"position\":2,\"name\":\"Maisons Pod\",\"item\":\"https:\\\/\\\/loftypods.com\\\/fr\\\/maisons-pod\\\/\"},{\"@type\":\"ListItem\",\"position\":3,\"name\":\"S\u00e9rie Calafate\"}]},{\"@type\":\"WebSite\",\"@id\":\"https:\\\/\\\/loftypods.com\\\/fr\\\/#website\",\"url\":\"https:\\\/\\\/loftypods.com\\\/fr\\\/\",\"name\":\"LoftyPods modular homes Quebec\",\"description\":\"highest quality modular homes in Quebec\",\"publisher\":{\"@id\":\"https:\\\/\\\/loftypods.com\\\/fr\\\/#organization\"},\"potentialAction\":[{\"@type\":\"SearchAction\",\"target\":{\"@type\":\"EntryPoint\",\"urlTemplate\":\"https:\\\/\\\/loftypods.com\\\/fr\\\/?s={search_term_string}\"},\"query-input\":{\"@type\":\"PropertyValueSpecification\",\"valueRequired\":true,\"valueName\":\"search_term_string\"}}],\"inLanguage\":\"fr-FR\"},{\"@type\":\"Organization\",\"@id\":\"https:\\\/\\\/loftypods.com\\\/fr\\\/#organization\",\"name\":\"Lofty Pod modular homes\",\"url\":\"https:\\\/\\\/loftypods.com\\\/fr\\\/\",\"logo\":{\"@type\":\"ImageObject\",\"inLanguage\":\"fr-FR\",\"@id\":\"https:\\\/\\\/loftypods.com\\\/fr\\\/#\\\/schema\\\/logo\\\/image\\\/\",\"url\":\"https:\\\/\\\/loftypods.com\\\/wp-content\\\/uploads\\\/2020\\\/04\\\/LOFTY-TONE-1.png?v=1593034548\",\"contentUrl\":\"https:\\\/\\\/loftypods.com\\\/wp-content\\\/uploads\\\/2020\\\/04\\\/LOFTY-TONE-1.png?v=1593034548\",\"width\":225,\"height\":72,\"caption\":\"Lofty Pod modular homes\"},\"image\":{\"@id\":\"https:\\\/\\\/loftypods.com\\\/fr\\\/#\\\/schema\\\/logo\\\/image\\\/\"},\"sameAs\":[\"https:\\\/\\\/www.facebook.com\\\/Loftypods-102210318534979\\\/\",\"https:\\\/\\\/www.instagram.com\\\/loftypods\\\/?hl=en\",\"https:\\\/\\\/www.linkedin.com\\\/in\\\/lofty-pods\\\/\",\"https:\\\/\\\/www.pinterest.ca\\\/loftypods\\\/\"]}]}<\/script>\n<!-- \/ Yoast SEO Premium plugin. -->","yoast_head_json":{"title":"S\u00e9rie Calafate: Belles maisons pr\u00e9fabriqu\u00e9es au Qu\u00e9bec","description":"Ces belles maisons pr\u00e9fabriqu\u00e9es au Qu\u00e9bec conviennent \u00e0 une vari\u00e9t\u00e9 de besoins, y compris le studio, le bureau \u00e0 domicile, l'h\u00e9bergement et comme maison r\u00e9sidentielle.","robots":{"index":"index","follow":"follow","max-snippet":"max-snippet:-1","max-image-preview":"max-image-preview:large","max-video-preview":"max-video-preview:-1"},"canonical":"https:\/\/loftypods.com\/fr\/maisons-pod\/serie-calafate\/","og_locale":"fr_FR","og_type":"article","og_title":"S\u00e9rie Calafate","og_description":"Ces belles maisons pr\u00e9fabriqu\u00e9es au Qu\u00e9bec conviennent \u00e0 une vari\u00e9t\u00e9 de besoins, y compris le studio, le bureau \u00e0 domicile, l'h\u00e9bergement et comme maison r\u00e9sidentielle.","og_url":"https:\/\/loftypods.com\/fr\/maisons-pod\/serie-calafate\/","og_site_name":"LoftyPod modular homes","article_publisher":"https:\/\/www.facebook.com\/Loftypods-102210318534979\/","article_modified_time":"2020-09-18T19:49:17+00:00","og_image":[{"width":1500,"height":843,"url":"https:\/\/loftypods.com\/wp-content\/uploads\/2021\/03\/loftypod-modular-homes-quebec.jpg","type":"image\/jpeg"}],"twitter_card":"summary_large_image","twitter_misc":{"Dur\u00e9e de lecture estim\u00e9e":"4 minutes"},"schema":{"@context":"https:\/\/schema.org","@graph":[{"@type":"WebPage","@id":"https:\/\/loftypods.com\/fr\/maisons-pod\/serie-calafate\/","url":"https:\/\/loftypods.com\/fr\/maisons-pod\/serie-calafate\/","name":"S\u00e9rie Calafate: Belles maisons pr\u00e9fabriqu\u00e9es au Qu\u00e9bec","isPartOf":{"@id":"https:\/\/loftypods.com\/fr\/#website"},"datePublished":"2020-08-31T16:39:22+00:00","dateModified":"2020-09-18T19:49:17+00:00","description":"Ces belles maisons pr\u00e9fabriqu\u00e9es au Qu\u00e9bec conviennent \u00e0 une vari\u00e9t\u00e9 de besoins, y compris le studio, le bureau \u00e0 domicile, l'h\u00e9bergement et comme maison r\u00e9sidentielle.","breadcrumb":{"@id":"https:\/\/loftypods.com\/fr\/maisons-pod\/serie-calafate\/#breadcrumb"},"inLanguage":"fr-FR","potentialAction":[{"@type":"ReadAction","target":["https:\/\/loftypods.com\/fr\/maisons-pod\/serie-calafate\/"]}]},{"@type":"BreadcrumbList","@id":"https:\/\/loftypods.com\/fr\/maisons-pod\/serie-calafate\/#breadcrumb","itemListElement":[{"@type":"ListItem","position":1,"name":"Home","item":"https:\/\/loftypods.com\/fr\/"},{"@type":"ListItem","position":2,"name":"Maisons Pod","item":"https:\/\/loftypods.com\/fr\/maisons-pod\/"},{"@type":"ListItem","position":3,"name":"S\u00e9rie Calafate"}]},{"@type":"WebSite","@id":"https:\/\/loftypods.com\/fr\/#website","url":"https:\/\/loftypods.com\/fr\/","name":"LoftyPods modular homes Quebec","description":"highest quality modular homes in Quebec","publisher":{"@id":"https:\/\/loftypods.com\/fr\/#organization"},"potentialAction":[{"@type":"SearchAction","target":{"@type":"EntryPoint","urlTemplate":"https:\/\/loftypods.com\/fr\/?s={search_term_string}"},"query-input":{"@type":"PropertyValueSpecification","valueRequired":true,"valueName":"search_term_string"}}],"inLanguage":"fr-FR"},{"@type":"Organization","@id":"https:\/\/loftypods.com\/fr\/#organization","name":"Lofty Pod modular homes","url":"https:\/\/loftypods.com\/fr\/","logo":{"@type":"ImageObject","inLanguage":"fr-FR","@id":"https:\/\/loftypods.com\/fr\/#\/schema\/logo\/image\/","url":"https:\/\/loftypods.com\/wp-content\/uploads\/2020\/04\/LOFTY-TONE-1.png?v=1593034548","contentUrl":"https:\/\/loftypods.com\/wp-content\/uploads\/2020\/04\/LOFTY-TONE-1.png?v=1593034548","width":225,"height":72,"caption":"Lofty Pod modular homes"},"image":{"@id":"https:\/\/loftypods.com\/fr\/#\/schema\/logo\/image\/"},"sameAs":["https:\/\/www.facebook.com\/Loftypods-102210318534979\/","https:\/\/www.instagram.com\/loftypods\/?hl=en","https:\/\/www.linkedin.com\/in\/lofty-pods\/","https:\/\/www.pinterest.ca\/loftypods\/"]}]}},"jetpack_sharing_enabled":true,"_links":{"self":[{"href":"https:\/\/loftypods.com\/fr\/wp-json\/wp\/v2\/pages\/13350","targetHints":{"allow":["GET"]}}],"collection":[{"href":"https:\/\/loftypods.com\/fr\/wp-json\/wp\/v2\/pages"}],"about":[{"href":"https:\/\/loftypods.com\/fr\/wp-json\/wp\/v2\/types\/page"}],"author":[{"embeddable":true,"href":"https:\/\/loftypods.com\/fr\/wp-json\/wp\/v2\/users\/1"}],"replies":[{"embeddable":true,"href":"https:\/\/loftypods.com\/fr\/wp-json\/wp\/v2\/comments?post=13350"}],"version-history":[{"count":3,"href":"https:\/\/loftypods.com\/fr\/wp-json\/wp\/v2\/pages\/13350\/revisions"}],"predecessor-version":[{"id":13437,"href":"https:\/\/loftypods.com\/fr\/wp-json\/wp\/v2\/pages\/13350\/revisions\/13437"}],"up":[{"embeddable":true,"href":"https:\/\/loftypods.com\/fr\/wp-json\/wp\/v2\/pages\/3480"}],"wp:attachment":[{"href":"https:\/\/loftypods.com\/fr\/wp-json\/wp\/v2\/media?parent=13350"}],"curies":[{"name":"wp","href":"https:\/\/api.w.org\/{rel}","templated":true}]}}