{"id":14529,"date":"2021-02-27T19:40:34","date_gmt":"2021-02-27T19:40:34","guid":{"rendered":"https:\/\/loftypods.com\/notre-entreprise\/faqs\/"},"modified":"2021-02-27T19:42:08","modified_gmt":"2021-02-27T19:42:08","slug":"faqs","status":"publish","type":"page","link":"https:\/\/loftypods.com\/fr\/notre-entreprise\/faqs\/","title":{"rendered":"FAQS"},"content":{"rendered":"<div class=\"wpb-content-wrapper\"><p>[vc_row css=\u00a0\u00bb.vc_custom_1594503707346{padding-top: 25px !important;}\u00a0\u00bb][vc_column]<div id=\"ultimate-heading-715069de26819bbc0\" class=\"uvc-heading ult-adjust-bottom-margin ultimate-heading-715069de26819bbc0 uvc-6705 \" data-hspacer=\"no_spacer\"  data-halign=\"center\" style=\"text-align:center\"><div class=\"uvc-heading-spacer no_spacer\" style=\"top\"><\/div><div class=\"uvc-main-heading ult-responsive\"  data-ultimate-target='.uvc-heading.ultimate-heading-715069de26819bbc0 h2'  data-responsive-json-new='{\"font-size\":\"desktop:20px;\",\"line-height\":\"\"}' ><h2 style=\"font-family:&#039;Poppins&#039;;font-weight:600;margin-bottom:25px;\">Foire aux questions sur nos maisons modulaires au Qu\u00e9bec<\/h2><\/div><\/div>[\/vc_column][\/vc_row][vc_row gap=\u00a0\u00bb35&Prime; css=\u00a0\u00bb.vc_custom_1594505209842{padding-bottom: 50px !important;}\u00a0\u00bb][vc_column][vc_column_text]<\/p>\n<p style=\"text-align: JUSTIFY;\"><span style=\"font-weight: 400;\">Notre entreprise a \u00e9t\u00e9 cofond\u00e9e par Michel Paquin, fondateur de Maisons Izomax, et Eric Harari, un promoteur immobilier accompli. Tous deux ont des dizaines d\u2019ann\u00e9es d\u2019exp\u00e9rience dans le secteur de la construction. Notre talentueux groupe d\u2019associ\u00e9s et de partenaires travaillent ensemble pour cr\u00e9er le concept modulaire ultime que nous appelons Lofty Pods.<\/span><\/p>\n<p style=\"text-align: JUSTIFY;\"><span style=\"font-weight: 400;\">Nos petites maisons \u00e0 vendre au Qu\u00e9bec sont des maisons modulaires modernes et minimalistes qui plaisent \u00e0 ceux qui veulent vivre un style de vie branch\u00e9 dans une petite maison spacieuse et durable.<\/span><\/p>\n<p style=\"text-align: JUSTIFY;\"><span style=\"font-weight: 400;\">Souvent appel\u00e9s \u201ctiny home\u201d, \u201cmicro maison\u201d ou \u201cmini maison\u201d, ces espaces de vie abordables et de haute qualit\u00e9 ne sont pas seulement une tendance, c\u2019est un choix de vie fait par des personnes aux quatre coins du monde.<\/span><\/p>\n<p>[\/vc_column_text][\/vc_column][\/vc_row][vc_row gap=\u00a0\u00bb35&Prime; css=\u00a0\u00bb.vc_custom_1594505217386{padding-bottom: 100px !important;}\u00a0\u00bb][vc_column][vc_toggle title=\u00a0\u00bbPouvez-vous faire une maison modulaire \u00e0 partir de mes plans et de mon design ?\u00a0\u00bb style=\u00a0\u00bbsquare_outline\u00a0\u00bb color=\u00a0\u00bbchino\u00a0\u00bb open=\u00a0\u00bbtrue\u00a0\u00bb css=\u00a0\u00bb.vc_custom_1594503874449{padding-bottom: 20px !important;}\u00a0\u00bb]<span style=\"font-weight: 400;\">Non, LoftyPods ne construit que des tiny homes au Qu\u00e9bec sur la base de nos propres plans et design. Nous offrons un grand nombre de mod\u00e8les de maisons parmi lesquels vous pouvez choisir. Nous offrons \u00e9galement de nombreuses options compl\u00e9mentaires que vous pouvez choisir d\u2019ajouter \u00e0 tout moment.<\/span>[\/vc_toggle][vc_toggle title=\u00a0\u00bbEst-ce que des maisons modulaires sont propos\u00e9es aux autoconstructeurs ?\u00a0\u00bb style=\u00a0\u00bbsquare_outline\u00a0\u00bb color=\u00a0\u00bbchino\u00a0\u00bb css=\u00a0\u00bb.vc_custom_1594503753724{padding-bottom: 20px !important;}\u00a0\u00bb]Non, chez LoftyPods nous construisons toutes nos maisons dans notre propre usine. Cependant, il existe de nombreuses entreprises au Qu\u00e9bec qui offrent des plans modulaires \u00e0 fabriquer soi-m\u00eame.[\/vc_toggle][vc_toggle title=\u00a0\u00bbEst-ce que les toits plats sont adapt\u00e9s au climat hivernal ?\u00a0\u00bb style=\u00a0\u00bbsquare_outline\u00a0\u00bb color=\u00a0\u00bbchino\u00a0\u00bb css=\u00a0\u00bb.vc_custom_1594503761610{padding-bottom: 20px !important;}\u00a0\u00bb]C\u2019est une question tr\u00e8s courante et la r\u00e9ponse est \u201coui\u201d. En r\u00e9alit\u00e9, nos toits et la plupart des toits qui semblent plats ne le sont pas en r\u00e9alit\u00e9. Tous les toits doivent \u00eatre construits avec une l\u00e9g\u00e8re pente et les codes de construction exigent que nous construisions un toit suffisamment solide pour supporter une lourde charge de neige.[\/vc_toggle][vc_toggle title=\u00a0\u00bbPourquoi ne pas construire de plus grandes maisons ?\u00a0\u00bb style=\u00a0\u00bbsquare_outline\u00a0\u00bb color=\u00a0\u00bbchino\u00a0\u00bb css=\u00a0\u00bb.vc_custom_1594503782661{padding-bottom: 20px !important;}\u00a0\u00bb]Nous sommes une entreprise innovante avec des ann\u00e9es d\u2019exp\u00e9rience dans la construction de grandes maisons. Cependant, l\u2019adaptation aux derni\u00e8res tendances du march\u00e9 permet la construction de maisons plus grandes, mais nous avons d\u00e9cid\u00e9 de sp\u00e9cifier notre travail aux petites maisons, qui sont nos propres mod\u00e8les. Notre entreprise a d\u00e9cid\u00e9 de d\u00e9velopper ce concept de mini maisons avec une architecture et un design innovants et totalement uniques. Nous sommes des pr\u00e9curseurs et ne nous int\u00e9ressons qu\u2019\u00e0 l\u2019innovation.[\/vc_toggle][vc_toggle title=\u00a0\u00bbPourquoi ne pas construire des maisons plus traditionnelles ?\u00a0\u00bb style=\u00a0\u00bbsquare_outline\u00a0\u00bb color=\u00a0\u00bbchino\u00a0\u00bb css=\u00a0\u00bb.vc_custom_1594503889528{padding-bottom: 20px !important;}\u00a0\u00bb]Nous sommes des pionniers passionn\u00e9s par la cr\u00e9ation de designs innovants; des pionniers avec une m\u00e9thode de construction modulaire innovante qui ont fait le choix de se concentrer sur la cr\u00e9ation de maisons modulaires de type loft. Nous ne sommes pas int\u00e9ress\u00e9s par la vente de maisons traditionnelles de type rustique.[\/vc_toggle][vc_toggle title=\u00a0\u00bbEst-ce qu\u2019une maison modulaire peut \u00eatre construite \u00e0 tout moment de l\u2019ann\u00e9e ?\u00a0\u00bb style=\u00a0\u00bbsquare_outline\u00a0\u00bb color=\u00a0\u00bbchino\u00a0\u00bb css=\u00a0\u00bb.vc_custom_1594504018140{padding-bottom: 20px !important;}\u00a0\u00bb]L\u2019un des avantages de la construction modulaire est que les maisons sont construites en usine, ce qui signifie qu\u2019il n\u2019y a pas de retard d\u00fb aux intemp\u00e9ries. Vous pouvez passer une commande et la maison peut \u00eatre construite quelque soit la saison.[\/vc_toggle][vc_toggle title=\u00a0\u00bbEst-ce qu\u2019une maison modulaire peut \u00eatre install\u00e9e \u00e0 tout moment ?\u00a0\u00bb style=\u00a0\u00bbsquare_outline\u00a0\u00bb color=\u00a0\u00bbchino\u00a0\u00bb css=\u00a0\u00bb.vc_custom_1594503995518{padding-bottom: 20px !important;}\u00a0\u00bb]Tant que le terrain de la maison est accessible, l\u2019installation peut se faire \u00e0 tout moment, quels que soient le temps et la temp\u00e9rature. Le plus important est que votre fondation soit en place avant qu\u2019il n\u2019y ait du gel. Si votre pod est pr\u00eat pendant l\u2019hiver, nous pouvons l\u2019installer sans probl\u00e8me si votre fondation est pr\u00eate.[\/vc_toggle][vc_toggle title=\u00a0\u00bbPuis-je d\u00e9placer mon pod \u00e0 un autre endroit dans le futur ?\u00a0\u00bb style=\u00a0\u00bbsquare_outline\u00a0\u00bb color=\u00a0\u00bbchino\u00a0\u00bb css=\u00a0\u00bb.vc_custom_1594503977002{padding-bottom: 20px !important;}\u00a0\u00bb]Selon le type de fondation que vous choisissez, il est possible de d\u00e9placer nos pods d\u2019un endroit \u00e0 l\u2019autre. Nos LoftyPods sont construits de fa\u00e7on beaucoup plus solide qu\u2019une maison traditionnelle, de sorte qu\u2019ils peuvent r\u00e9sister aux difficult\u00e9s du transport de l\u2019usine au terrain.<br \/>\nSi vous souhaitez avoir la possibilit\u00e9 de d\u00e9placer votre maison, il sera n\u00e9cessaire de la placer sur un syst\u00e8me de fondation qui permet le mouvement. Si la maison est bien entretenue et en bon \u00e9tat, il sera ensuite possible de la d\u00e9placer sur un autre terrain.[\/vc_toggle][vc_toggle title=\u00a0\u00bbEst-ce que les maisons modulaires sont moins co\u00fbteuses que les maisons traditionnelles ?\u00a0\u00bb style=\u00a0\u00bbsquare_outline\u00a0\u00bb color=\u00a0\u00bbchino\u00a0\u00bb css=\u00a0\u00bb.vc_custom_1594503959788{padding-bottom: 20px !important;}\u00a0\u00bb]C\u2019est une question courante et la r\u00e9ponse est oui, absolument. On estime que les \u00e9conomies que vous r\u00e9alisez par rapport \u00e0 une maison traditionnelle peuvent se situer entre 15 et 20%.[\/vc_toggle][vc_toggle title=\u00a0\u00bbPourquoi le co\u00fbt par pied carr\u00e9 est plus \u00e9lev\u00e9 pour les petites surfaces ?\u00a0\u00bb style=\u00a0\u00bbsquare_outline\u00a0\u00bb color=\u00a0\u00bbchino\u00a0\u00bb css=\u00a0\u00bb.vc_custom_1594503941367{padding-bottom: 20px !important;}\u00a0\u00bb]A priori, il ne semble pas tr\u00e8s logique que plus la maison est petite, plus le prix au pied carr\u00e9 est \u00e9lev\u00e9. Cependant, il est important de noter que tous les co\u00fbts ne sont pas proportionnels \u00e0 la taille de la maison. Le co\u00fbt d\u2019une cuisine de 50 pieds carr\u00e9s n\u2019est pas 3 fois moins cher qu\u2019une cuisine de 150 pieds carr\u00e9s. Vous devez prendre en consid\u00e9ration les co\u00fbts fixes qui sont la plomberie, l&rsquo;\u00e9lectricit\u00e9, le r\u00e9frig\u00e9rateur, etc. Cela s\u2019applique aussi aux salles de bain et aux \u00e9quipements. En outre, une porte d\u2019entr\u00e9e pour une petite maison ou une grande maison sera au m\u00eame prix, ainsi que la m\u00eame fen\u00eatre sur un petit mur ou un grand mur. La diff\u00e9rence de prix en pieds carr\u00e9s entre une maison de 5000 pieds carr\u00e9s et une maison de 500 pieds carr\u00e9s peut \u00eatre double ou triple.[\/vc_toggle][vc_toggle title=\u00a0\u00bbL\u2019entreprise LoftyPods est plut\u00f4t r\u00e9cente, est-ce que cela devrait m\u2019inqui\u00e9ter ?\u00a0\u00bb style=\u00a0\u00bbsquare_outline\u00a0\u00bb color=\u00a0\u00bbchino\u00a0\u00bb]Pas du tout, les deux cofondateurs de l\u2019entreprise ont de nombreuses ann\u00e9es d\u2019exp\u00e9rience dans le secteur de la construction, une vingtaine d\u2019ann\u00e9es environ. Michel Pacquin construit des maisons et des immeubles multifamiliaux depuis plus de 30 ans et a r\u00e9alis\u00e9 des milliers de cr\u00e9ations par le biais de son entreprise Maisons Izomax.<\/p>\n<p>Eric Harari est un promoteur immobilier depuis plus de 20 ans. Il a r\u00e9alis\u00e9 avec succ\u00e8s des projets au Qu\u00e9bec, aux \u00c9tats-Unis et aux Bahamas. Il a construit et r\u00e9nov\u00e9 des centaines de b\u00e2timents multifamiliaux et de maisons unifamiliales.<\/p>\n<p>LoftyPods compte plus de 30 employ\u00e9s \u00e0 temps plein et plus de 100 sous-traitants qui travaillent presque exclusivement pour nous.<\/p>\n<p>Nous sommes fiers de cr\u00e9er et de construire nos pods localement, avec amour et dans le respect des normes les plus strictes[\/vc_toggle][\/vc_column][\/vc_row][vc_row bg_type=\u00a0\u00bbbg_color\u00a0\u00bb bg_override=\u00a0\u00bbex-full\u00a0\u00bb css=\u00a0\u00bb.vc_custom_1594504605108{padding-top: 25px !important;}\u00a0\u00bb bg_color_value=\u00a0\u00bb#d7bdae\u00a0\u00bb][vc_column][vc_row_inner][vc_column_inner width=\u00a0\u00bb2\/3&Prime;]<div id=\"ultimate-heading-36069de26819bc96\" class=\"uvc-heading ult-adjust-bottom-margin ultimate-heading-36069de26819bc96 uvc-3376 \" data-hspacer=\"no_spacer\"  data-halign=\"center\" style=\"text-align:center\"><div class=\"uvc-heading-spacer no_spacer\" style=\"top\"><\/div><div class=\"uvc-sub-heading ult-responsive\"  data-ultimate-target='.uvc-heading.ultimate-heading-36069de26819bc96 .uvc-sub-heading '  data-responsive-json-new='{\"font-size\":\"desktop:26px;\",\"line-height\":\"\"}'  style=\"font-family:&#039;Poppins&#039;;font-weight:normal;color:#ffffff;margin-top:15px;\">Voir notre s\u00e9lection de maisons \u00ab lofty pods \u00bb<\/div><\/div>[\/vc_column_inner][vc_column_inner width=\u00a0\u00bb1\/3&Prime;]<div class=\" ubtn-ctn-left \"><button type=\"button\" id=\"ubtn-3437\"  class=\"ubtn ult-adjust-bottom-margin ult-responsive ubtn-normal ubtn-top-bg  none  ubtn-left   tooltip-69de26819bd3b\"  data-hover=\"#d7bdae\" data-border-color=\"#ffffff\" data-bg=\"#d7bdae\" data-hover-bg=\"#ffffff\" data-border-hover=\"#ffffff\" data-shadow-hover=\"\" data-shadow-click=\"none\" data-shadow=\"\" data-shd-shadow=\"\"  data-ultimate-target='#ubtn-3437'  data-responsive-json-new='{\"font-size\":\"desktop:14px;\",\"line-height\":\"\"}'  style=\"font-family:&#039;Poppins&#039;;font-weight:600;border-radius:px;border-width:3px;border-color:#ffffff;border-style:solid;background: #d7bdae;color: #ffffff;\"><span class=\"ubtn-hover\" style=\"background-color:#ffffff\"><\/span><span class=\"ubtn-data ubtn-text \" >MAISONS  \u00abLOFTY POD\u00bb<\/span><\/button><\/div>[\/vc_column_inner][\/vc_row_inner][\/vc_column][\/vc_row]<\/p>\n<\/div>","protected":false},"excerpt":{"rendered":"<p>[vc_row css=\u00a0\u00bb.vc_custom_1594503707346{padding-top: 25px !important;}\u00a0\u00bb][vc_column][\/vc_column][\/vc_row][vc_row gap=\u00a0\u00bb35&Prime; css=\u00a0\u00bb.vc_custom_1594505209842{padding-bottom: 50px !important;}\u00a0\u00bb][vc_column][vc_column_text] Notre entreprise a \u00e9t\u00e9 cofond\u00e9e par Michel Paquin, fondateur de Maisons Izomax, et Eric Harari, un promoteur immobilier accompli. Tous deux ont des dizaines d\u2019ann\u00e9es d\u2019exp\u00e9rience dans le secteur de la construction. Notre talentueux groupe d\u2019associ\u00e9s et de partenaires travaillent ensemble pour cr\u00e9er le concept modulaire ultime&hellip;<\/p>\n","protected":false},"author":1,"featured_media":0,"parent":3464,"menu_order":0,"comment_status":"closed","ping_status":"closed","template":"","meta":{"footnotes":""},"class_list":["post-14529","page","type-page","status-publish","hentry","description-off"],"yoast_head":"<!-- This site is optimized with the Yoast SEO Premium plugin v22.0 (Yoast SEO v27.3) - https:\/\/yoast.com\/product\/yoast-seo-premium-wordpress\/ -->\n<title>Foire aux questions sur nos maisons modulaires au Qu\u00e9bec<\/title>\n<meta name=\"description\" content=\"Foire aux questions sur nos maisons modulaires au Qu\u00e9bec\" \/>\n<meta name=\"robots\" content=\"index, follow, max-snippet:-1, max-image-preview:large, max-video-preview:-1\" \/>\n<link rel=\"canonical\" href=\"https:\/\/loftypods.com\/fr\/notre-entreprise\/faqs\/\" \/>\n<meta property=\"og:locale\" content=\"fr_FR\" \/>\n<meta property=\"og:type\" content=\"article\" \/>\n<meta property=\"og:title\" content=\"FAQS\" \/>\n<meta property=\"og:description\" content=\"Foire aux questions sur nos maisons modulaires au Qu\u00e9bec\" \/>\n<meta property=\"og:url\" content=\"https:\/\/loftypods.com\/fr\/notre-entreprise\/faqs\/\" \/>\n<meta property=\"og:site_name\" content=\"LoftyPod modular homes\" \/>\n<meta property=\"article:publisher\" content=\"https:\/\/www.facebook.com\/Loftypods-102210318534979\/\" \/>\n<meta property=\"article:modified_time\" content=\"2021-02-27T19:42:08+00:00\" \/>\n<meta property=\"og:image\" content=\"https:\/\/loftypods.com\/wp-content\/uploads\/2021\/03\/loftypod-modular-homes-quebec.jpg\" \/>\n\t<meta property=\"og:image:width\" content=\"1500\" \/>\n\t<meta property=\"og:image:height\" content=\"843\" \/>\n\t<meta property=\"og:image:type\" content=\"image\/jpeg\" \/>\n<meta name=\"twitter:card\" content=\"summary_large_image\" \/>\n<meta name=\"twitter:label1\" content=\"Dur\u00e9e de lecture estim\u00e9e\" \/>\n\t<meta name=\"twitter:data1\" content=\"8 minutes\" \/>\n<script type=\"application\/ld+json\" class=\"yoast-schema-graph\">{\"@context\":\"https:\\\/\\\/schema.org\",\"@graph\":[{\"@type\":\"WebPage\",\"@id\":\"https:\\\/\\\/loftypods.com\\\/fr\\\/notre-entreprise\\\/faqs\\\/\",\"url\":\"https:\\\/\\\/loftypods.com\\\/fr\\\/notre-entreprise\\\/faqs\\\/\",\"name\":\"Foire aux questions sur nos maisons modulaires au Qu\u00e9bec\",\"isPartOf\":{\"@id\":\"https:\\\/\\\/loftypods.com\\\/fr\\\/#website\"},\"datePublished\":\"2021-02-27T19:40:34+00:00\",\"dateModified\":\"2021-02-27T19:42:08+00:00\",\"description\":\"Foire aux questions sur nos maisons modulaires au Qu\u00e9bec\",\"breadcrumb\":{\"@id\":\"https:\\\/\\\/loftypods.com\\\/fr\\\/notre-entreprise\\\/faqs\\\/#breadcrumb\"},\"inLanguage\":\"fr-FR\",\"potentialAction\":[{\"@type\":\"ReadAction\",\"target\":[\"https:\\\/\\\/loftypods.com\\\/fr\\\/notre-entreprise\\\/faqs\\\/\"]}]},{\"@type\":\"BreadcrumbList\",\"@id\":\"https:\\\/\\\/loftypods.com\\\/fr\\\/notre-entreprise\\\/faqs\\\/#breadcrumb\",\"itemListElement\":[{\"@type\":\"ListItem\",\"position\":1,\"name\":\"Home\",\"item\":\"https:\\\/\\\/loftypods.com\\\/fr\\\/\"},{\"@type\":\"ListItem\",\"position\":2,\"name\":\"Notre entreprise\",\"item\":\"https:\\\/\\\/loftypods.com\\\/fr\\\/our-company\\\/\"},{\"@type\":\"ListItem\",\"position\":3,\"name\":\"FAQS\"}]},{\"@type\":\"WebSite\",\"@id\":\"https:\\\/\\\/loftypods.com\\\/fr\\\/#website\",\"url\":\"https:\\\/\\\/loftypods.com\\\/fr\\\/\",\"name\":\"LoftyPods modular homes Quebec\",\"description\":\"highest quality modular homes in Quebec\",\"publisher\":{\"@id\":\"https:\\\/\\\/loftypods.com\\\/fr\\\/#organization\"},\"potentialAction\":[{\"@type\":\"SearchAction\",\"target\":{\"@type\":\"EntryPoint\",\"urlTemplate\":\"https:\\\/\\\/loftypods.com\\\/fr\\\/?s={search_term_string}\"},\"query-input\":{\"@type\":\"PropertyValueSpecification\",\"valueRequired\":true,\"valueName\":\"search_term_string\"}}],\"inLanguage\":\"fr-FR\"},{\"@type\":\"Organization\",\"@id\":\"https:\\\/\\\/loftypods.com\\\/fr\\\/#organization\",\"name\":\"Lofty Pod modular homes\",\"url\":\"https:\\\/\\\/loftypods.com\\\/fr\\\/\",\"logo\":{\"@type\":\"ImageObject\",\"inLanguage\":\"fr-FR\",\"@id\":\"https:\\\/\\\/loftypods.com\\\/fr\\\/#\\\/schema\\\/logo\\\/image\\\/\",\"url\":\"https:\\\/\\\/loftypods.com\\\/wp-content\\\/uploads\\\/2020\\\/04\\\/LOFTY-TONE-1.png?v=1593034548\",\"contentUrl\":\"https:\\\/\\\/loftypods.com\\\/wp-content\\\/uploads\\\/2020\\\/04\\\/LOFTY-TONE-1.png?v=1593034548\",\"width\":225,\"height\":72,\"caption\":\"Lofty Pod modular homes\"},\"image\":{\"@id\":\"https:\\\/\\\/loftypods.com\\\/fr\\\/#\\\/schema\\\/logo\\\/image\\\/\"},\"sameAs\":[\"https:\\\/\\\/www.facebook.com\\\/Loftypods-102210318534979\\\/\",\"https:\\\/\\\/www.instagram.com\\\/loftypods\\\/?hl=en\",\"https:\\\/\\\/www.linkedin.com\\\/in\\\/lofty-pods\\\/\",\"https:\\\/\\\/www.pinterest.ca\\\/loftypods\\\/\"]}]}<\/script>\n<!-- \/ Yoast SEO Premium plugin. -->","yoast_head_json":{"title":"Foire aux questions sur nos maisons modulaires au Qu\u00e9bec","description":"Foire aux questions sur nos maisons modulaires au Qu\u00e9bec","robots":{"index":"index","follow":"follow","max-snippet":"max-snippet:-1","max-image-preview":"max-image-preview:large","max-video-preview":"max-video-preview:-1"},"canonical":"https:\/\/loftypods.com\/fr\/notre-entreprise\/faqs\/","og_locale":"fr_FR","og_type":"article","og_title":"FAQS","og_description":"Foire aux questions sur nos maisons modulaires au Qu\u00e9bec","og_url":"https:\/\/loftypods.com\/fr\/notre-entreprise\/faqs\/","og_site_name":"LoftyPod modular homes","article_publisher":"https:\/\/www.facebook.com\/Loftypods-102210318534979\/","article_modified_time":"2021-02-27T19:42:08+00:00","og_image":[{"width":1500,"height":843,"url":"https:\/\/loftypods.com\/wp-content\/uploads\/2021\/03\/loftypod-modular-homes-quebec.jpg","type":"image\/jpeg"}],"twitter_card":"summary_large_image","twitter_misc":{"Dur\u00e9e de lecture estim\u00e9e":"8 minutes"},"schema":{"@context":"https:\/\/schema.org","@graph":[{"@type":"WebPage","@id":"https:\/\/loftypods.com\/fr\/notre-entreprise\/faqs\/","url":"https:\/\/loftypods.com\/fr\/notre-entreprise\/faqs\/","name":"Foire aux questions sur nos maisons modulaires au Qu\u00e9bec","isPartOf":{"@id":"https:\/\/loftypods.com\/fr\/#website"},"datePublished":"2021-02-27T19:40:34+00:00","dateModified":"2021-02-27T19:42:08+00:00","description":"Foire aux questions sur nos maisons modulaires au Qu\u00e9bec","breadcrumb":{"@id":"https:\/\/loftypods.com\/fr\/notre-entreprise\/faqs\/#breadcrumb"},"inLanguage":"fr-FR","potentialAction":[{"@type":"ReadAction","target":["https:\/\/loftypods.com\/fr\/notre-entreprise\/faqs\/"]}]},{"@type":"BreadcrumbList","@id":"https:\/\/loftypods.com\/fr\/notre-entreprise\/faqs\/#breadcrumb","itemListElement":[{"@type":"ListItem","position":1,"name":"Home","item":"https:\/\/loftypods.com\/fr\/"},{"@type":"ListItem","position":2,"name":"Notre entreprise","item":"https:\/\/loftypods.com\/fr\/our-company\/"},{"@type":"ListItem","position":3,"name":"FAQS"}]},{"@type":"WebSite","@id":"https:\/\/loftypods.com\/fr\/#website","url":"https:\/\/loftypods.com\/fr\/","name":"LoftyPods modular homes Quebec","description":"highest quality modular homes in Quebec","publisher":{"@id":"https:\/\/loftypods.com\/fr\/#organization"},"potentialAction":[{"@type":"SearchAction","target":{"@type":"EntryPoint","urlTemplate":"https:\/\/loftypods.com\/fr\/?s={search_term_string}"},"query-input":{"@type":"PropertyValueSpecification","valueRequired":true,"valueName":"search_term_string"}}],"inLanguage":"fr-FR"},{"@type":"Organization","@id":"https:\/\/loftypods.com\/fr\/#organization","name":"Lofty Pod modular homes","url":"https:\/\/loftypods.com\/fr\/","logo":{"@type":"ImageObject","inLanguage":"fr-FR","@id":"https:\/\/loftypods.com\/fr\/#\/schema\/logo\/image\/","url":"https:\/\/loftypods.com\/wp-content\/uploads\/2020\/04\/LOFTY-TONE-1.png?v=1593034548","contentUrl":"https:\/\/loftypods.com\/wp-content\/uploads\/2020\/04\/LOFTY-TONE-1.png?v=1593034548","width":225,"height":72,"caption":"Lofty Pod modular homes"},"image":{"@id":"https:\/\/loftypods.com\/fr\/#\/schema\/logo\/image\/"},"sameAs":["https:\/\/www.facebook.com\/Loftypods-102210318534979\/","https:\/\/www.instagram.com\/loftypods\/?hl=en","https:\/\/www.linkedin.com\/in\/lofty-pods\/","https:\/\/www.pinterest.ca\/loftypods\/"]}]}},"jetpack_sharing_enabled":true,"_links":{"self":[{"href":"https:\/\/loftypods.com\/fr\/wp-json\/wp\/v2\/pages\/14529","targetHints":{"allow":["GET"]}}],"collection":[{"href":"https:\/\/loftypods.com\/fr\/wp-json\/wp\/v2\/pages"}],"about":[{"href":"https:\/\/loftypods.com\/fr\/wp-json\/wp\/v2\/types\/page"}],"author":[{"embeddable":true,"href":"https:\/\/loftypods.com\/fr\/wp-json\/wp\/v2\/users\/1"}],"replies":[{"embeddable":true,"href":"https:\/\/loftypods.com\/fr\/wp-json\/wp\/v2\/comments?post=14529"}],"version-history":[{"count":2,"href":"https:\/\/loftypods.com\/fr\/wp-json\/wp\/v2\/pages\/14529\/revisions"}],"predecessor-version":[{"id":14531,"href":"https:\/\/loftypods.com\/fr\/wp-json\/wp\/v2\/pages\/14529\/revisions\/14531"}],"up":[{"embeddable":true,"href":"https:\/\/loftypods.com\/fr\/wp-json\/wp\/v2\/pages\/3464"}],"wp:attachment":[{"href":"https:\/\/loftypods.com\/fr\/wp-json\/wp\/v2\/media?parent=14529"}],"curies":[{"name":"wp","href":"https:\/\/api.w.org\/{rel}","templated":true}]}}