{"id":14533,"date":"2021-02-27T20:26:01","date_gmt":"2021-02-27T20:26:01","guid":{"rendered":"https:\/\/loftypods.com\/nos-pods\/abordabilite\/"},"modified":"2021-03-03T16:29:54","modified_gmt":"2021-03-03T16:29:54","slug":"abordabilite","status":"publish","type":"page","link":"https:\/\/loftypods.com\/fr\/nos-pods\/abordabilite\/","title":{"rendered":"Abordabilite"},"content":{"rendered":"<div class=\"wpb-content-wrapper\"><p>[vc_row full_width=\u00a0\u00bbstretch_row\u00a0\u00bb css=\u00a0\u00bb.vc_custom_1591637536209{padding-top: 25px !important;}\u00a0\u00bb][vc_column]<div id=\"ultimate-heading-837069d5848b37c43\" class=\"uvc-heading ult-adjust-bottom-margin ultimate-heading-837069d5848b37c43 uvc-164 \" data-hspacer=\"no_spacer\"  data-halign=\"center\" style=\"text-align:center\"><div class=\"uvc-heading-spacer no_spacer\" style=\"top\"><\/div><div class=\"uvc-sub-heading ult-responsive\"  data-ultimate-target='.uvc-heading.ultimate-heading-837069d5848b37c43 .uvc-sub-heading '  data-responsive-json-new='{\"font-size\":\"desktop:24px;\",\"line-height\":\"desktop:36px;\"}'  style=\"font-family:&#039;Poppins&#039;;font-weight:500;color:#2f4858;\"><\/p>\n<p style=\"text-align: center;\">Ne sacrifiez pas la qualit\u00e9 au profit de l\u2019abordabilit\u00e9.<\/p>\n<p style=\"text-align: center;\">Choisissez LoftyPods, les maisons pr\u00e9fabriqu\u00e9es au Qu\u00e9bec.<\/p>\n<p><\/div><\/div>[\/vc_column][\/vc_row][vc_row full_width=\u00a0\u00bbstretch_row\u00a0\u00bb css=\u00a0\u00bb.vc_custom_1591637529115{padding-top: 50px !important;padding-bottom: 20px !important;}\u00a0\u00bb][vc_column]<div id=\"ultimate-heading-620769d5848b37cfe\" class=\"uvc-heading ult-adjust-bottom-margin ultimate-heading-620769d5848b37cfe uvc-8525 \" data-hspacer=\"no_spacer\"  data-halign=\"left\" style=\"text-align:left\"><div class=\"uvc-heading-spacer no_spacer\" style=\"top\"><\/div><div class=\"uvc-main-heading ult-responsive\"  data-ultimate-target='.uvc-heading.ultimate-heading-620769d5848b37cfe h2'  data-responsive-json-new='{\"font-size\":\"desktop:18px;\",\"line-height\":\"\"}' ><h2 style=\"font-family:&#039;Poppins&#039;;font-weight:500;color:#2f4858;margin-bottom:5px;\">Une tarification transparente<\/h2><\/div><div class=\"uvc-sub-heading ult-responsive\"  data-ultimate-target='.uvc-heading.ultimate-heading-620769d5848b37cfe .uvc-sub-heading '  data-responsive-json-new='{\"font-size\":\"\",\"line-height\":\"\"}'  style=\"font-weight:normal;\"><\/p>\n<p style=\"text-align: justify;\">Nos maisons modulaires pr\u00e9fabriqu\u00e9es au Qu\u00e9bec sont construites en usine selon des<br \/>\ntechniques de construction de pr\u00e9cision permettant de faire toute la planification du design et l\u2019achat avant le d\u00e9but de la construction. Il n\u2019y a pas de co\u00fbts impr\u00e9vus en cours de route, ce qui vous permet de savoir exactement combien votre maison va co\u00fbter avant sa construction.<\/p>\n<p><\/div><\/div>[\/vc_column][\/vc_row][vc_row full_width=\u00a0\u00bbstretch_row\u00a0\u00bb css=\u00a0\u00bb.vc_custom_1591637523369{padding-top: 20px !important;padding-bottom: 20px !important;}\u00a0\u00bb][vc_column]<div id=\"ultimate-heading-166769d5848b37d73\" class=\"uvc-heading ult-adjust-bottom-margin ultimate-heading-166769d5848b37d73 uvc-6360 \" data-hspacer=\"no_spacer\"  data-halign=\"left\" style=\"text-align:left\"><div class=\"uvc-heading-spacer no_spacer\" style=\"top\"><\/div><div class=\"uvc-main-heading ult-responsive\"  data-ultimate-target='.uvc-heading.ultimate-heading-166769d5848b37d73 h2'  data-responsive-json-new='{\"font-size\":\"desktop:18px;\",\"line-height\":\"\"}' ><h2 style=\"font-family:&#039;Poppins&#039;;font-weight:500;color:#2f4858;margin-bottom:5px;\">R\u00e9duction des co\u00fbts de construction des usines <\/h2><\/div><div class=\"uvc-sub-heading ult-responsive\"  data-ultimate-target='.uvc-heading.ultimate-heading-166769d5848b37d73 .uvc-sub-heading '  data-responsive-json-new='{\"font-size\":\"\",\"line-height\":\"\"}'  style=\"font-weight:normal;\"><\/p>\n<p style=\"text-align: justify;\">Le prix de nos maisons est consid\u00e9rablement r\u00e9duit par l\u2019efficacit\u00e9 de notre processus de construction qui se d\u00e9roule \u00e0 l&rsquo;int\u00e9rieur dans un environnement industriel contr\u00f4l\u00e9. Nous utilisons une technologie informatique avanc\u00e9e qui fournit les mesures pr\u00e9cises des mat\u00e9riaux utilis\u00e9s dans la conception de chaque maison, ce qui nous permet de ne commander que ce dont nous avons besoin. Comme nous construisons plus rapidement, nous construisons davantage, c&rsquo;est pourquoi nous commandons des mat\u00e9riaux en vrac \u00e0 prix r\u00e9duit et faisons profiter nos clients des \u00e9conomies r\u00e9alis\u00e9es.<\/p>\n<p><\/div><\/div>[\/vc_column][\/vc_row][vc_row full_width=\u00a0\u00bbstretch_row\u00a0\u00bb css=\u00a0\u00bb.vc_custom_1591637516003{padding-top: 20px !important;padding-bottom: 50px !important;}\u00a0\u00bb][vc_column]<div id=\"ultimate-heading-543869d5848b37de7\" class=\"uvc-heading ult-adjust-bottom-margin ultimate-heading-543869d5848b37de7 uvc-468 \" data-hspacer=\"no_spacer\"  data-halign=\"left\" style=\"text-align:left\"><div class=\"uvc-heading-spacer no_spacer\" style=\"top\"><\/div><div class=\"uvc-main-heading ult-responsive\"  data-ultimate-target='.uvc-heading.ultimate-heading-543869d5848b37de7 h2'  data-responsive-json-new='{\"font-size\":\"desktop:18px;\",\"line-height\":\"\"}' ><h2 style=\"font-family:&#039;Poppins&#039;;font-weight:500;color:#2f4858;margin-bottom:10px;\">Prix des maisons modulaires - \u00c9conomies de co\u00fbts<\/h2><\/div><\/div><div class=\"standard-arrow bullet-top\"><ul>\n<li style=\"font-weight: 400;\" aria-level=\"1\"><span style=\"font-weight: 400;\">R\u00e9duction des d\u00e9chets et des co\u00fbts d\u2019\u00e9limination<\/span><\/li>\n<li style=\"font-weight: 400;\" aria-level=\"1\"><span style=\"font-weight: 400;\">\u00c9conomies dues \u00e0 l\u2019achat en gros de mat\u00e9riaux<\/span><\/li>\n<li style=\"font-weight: 400;\" aria-level=\"1\"><span style=\"font-weight: 400;\">Les logiciels informatiques permettant une utilisation optimale des mat\u00e9riaux<\/span><\/li>\n<li style=\"font-weight: 400;\" aria-level=\"1\"><span style=\"font-weight: 400;\">Le travail sur les chantier est consid\u00e9rablement r\u00e9duit<\/span><\/li>\n<li style=\"font-weight: 400;\" aria-level=\"1\"><span style=\"font-weight: 400;\">Moins de mat\u00e9riaux susceptibles de vol<\/span><\/li>\n<li style=\"font-weight: 400;\" aria-level=\"1\"><span style=\"font-weight: 400;\">Les composants pr\u00e9fabriqu\u00e9s r\u00e9duisent le temps de construction, ce qui se traduit par une diminution des co\u00fbts de main-d\u2019oeuvre<\/span><\/li>\n<li style=\"font-weight: 400;\" aria-level=\"1\"><span style=\"font-weight: 400;\">Le processus de production informatis\u00e9 permet une personnalisation de haut niveau \u00e0 un co\u00fbt abordable<\/span><\/li>\n<li style=\"font-weight: 400;\" aria-level=\"1\"><span style=\"font-weight: 400;\">Le contr\u00f4le de qualit\u00e9, le scellement et la conception de l\u2019usine assurent une grande efficacit\u00e9 \u00e9nerg\u00e9tique et des factures mensuelles nettement moins \u00e9lev\u00e9es.<\/span><\/li>\n<\/ul>\n<\/div>[\/vc_column][\/vc_row][vc_row bg_type=\u00a0\u00bbbg_color\u00a0\u00bb bg_override=\u00a0\u00bbex-full\u00a0\u00bb css=\u00a0\u00bb.vc_custom_1593735836804{padding-top: 25px !important;}\u00a0\u00bb bg_color_value=\u00a0\u00bb#d7bdae\u00a0\u00bb][vc_column][vc_row_inner][vc_column_inner width=\u00a0\u00bb2\/3&Prime;]<div id=\"ultimate-heading-854969d5848b37f12\" class=\"uvc-heading ult-adjust-bottom-margin ultimate-heading-854969d5848b37f12 uvc-3700 \" data-hspacer=\"no_spacer\"  data-halign=\"center\" style=\"text-align:center\"><div class=\"uvc-heading-spacer no_spacer\" style=\"top\"><\/div><div class=\"uvc-sub-heading ult-responsive\"  data-ultimate-target='.uvc-heading.ultimate-heading-854969d5848b37f12 .uvc-sub-heading '  data-responsive-json-new='{\"font-size\":\"desktop:26px;\",\"line-height\":\"\"}'  style=\"font-family:&#039;Poppins&#039;;font-weight:normal;color:#ffffff;margin-top:15px;\">Voir notre s\u00e9lection de maisons \u00ab lofty pods \u00bb<\/div><\/div>[\/vc_column_inner][vc_column_inner width=\u00a0\u00bb1\/3&Prime;]<div class=\" ubtn-ctn-left \"><a class=\"ubtn-link ult-adjust-bottom-margin ubtn-left ubtn-normal \" href=\"https:\/\/loftypods.com\/fr\/maisons-pod\/\" rel=\"nofollow \" ><button type=\"button\" id=\"ubtn-6182\"  class=\"ubtn ult-adjust-bottom-margin ult-responsive ubtn-normal ubtn-top-bg  none  ubtn-left   tooltip-69d5848b37f9c\"  data-hover=\"#d7bdae\" data-border-color=\"#ffffff\" data-bg=\"#d7bdae\" data-hover-bg=\"#ffffff\" data-border-hover=\"#ffffff\" data-shadow-hover=\"\" data-shadow-click=\"none\" data-shadow=\"\" data-shd-shadow=\"\"  data-ultimate-target='#ubtn-6182'  data-responsive-json-new='{\"font-size\":\"desktop:14px;\",\"line-height\":\"\"}'  style=\"font-family:&#039;Poppins&#039;;font-weight:600;border-radius:px;border-width:3px;border-color:#ffffff;border-style:solid;background: #d7bdae;color: #ffffff;\"><span class=\"ubtn-hover\" style=\"background-color:#ffffff\"><\/span><span class=\"ubtn-data ubtn-text \" >MAISONS \u00abLOFTY POD\u00bb<\/span><\/button><\/a><\/div>[\/vc_column_inner][\/vc_row_inner][\/vc_column][\/vc_row]<\/p>\n<\/div>","protected":false},"excerpt":{"rendered":"<p>[vc_row full_width=\u00a0\u00bbstretch_row\u00a0\u00bb css=\u00a0\u00bb.vc_custom_1591637536209{padding-top: 25px !important;}\u00a0\u00bb][vc_column][\/vc_column][\/vc_row][vc_row full_width=\u00a0\u00bbstretch_row\u00a0\u00bb css=\u00a0\u00bb.vc_custom_1591637529115{padding-top: 50px !important;padding-bottom: 20px !important;}\u00a0\u00bb][vc_column][\/vc_column][\/vc_row][vc_row full_width=\u00a0\u00bbstretch_row\u00a0\u00bb css=\u00a0\u00bb.vc_custom_1591637523369{padding-top: 20px !important;padding-bottom: 20px !important;}\u00a0\u00bb][vc_column][\/vc_column][\/vc_row][vc_row full_width=\u00a0\u00bbstretch_row\u00a0\u00bb css=\u00a0\u00bb.vc_custom_1591637516003{padding-top: 20px !important;padding-bottom: 50px !important;}\u00a0\u00bb][vc_column][\/vc_column][\/vc_row][vc_row bg_type=\u00a0\u00bbbg_color\u00a0\u00bb bg_override=\u00a0\u00bbex-full\u00a0\u00bb css=\u00a0\u00bb.vc_custom_1593735836804{padding-top: 25px !important;}\u00a0\u00bb bg_color_value=\u00a0\u00bb#d7bdae\u00a0\u00bb][vc_column][vc_row_inner][vc_column_inner width=\u00a0\u00bb2\/3&Prime;][\/vc_column_inner][vc_column_inner width=\u00a0\u00bb1\/3&Prime;][\/vc_column_inner][\/vc_row_inner][\/vc_column][\/vc_row]<\/p>\n","protected":false},"author":1,"featured_media":0,"parent":3470,"menu_order":0,"comment_status":"closed","ping_status":"closed","template":"","meta":{"footnotes":""},"class_list":["post-14533","page","type-page","status-publish","hentry","description-off"],"yoast_head":"<!-- This site is optimized with the Yoast SEO Premium plugin v22.0 (Yoast SEO v27.3) - https:\/\/yoast.com\/product\/yoast-seo-premium-wordpress\/ -->\n<title>Ne sacrifiez pas la qualit\u00e9 pour l&#039;abordabilit\u00e9. Choisissez LoftyPods, des maisons pr\u00e9fabriqu\u00e9es au Qu\u00e9bec.<\/title>\n<meta name=\"description\" content=\"Ne sacrifiez pas la qualit\u00e9 au profit de l\u2019abordabilit\u00e9. Choisissez les maisons pr\u00e9fabriqu\u00e9es LoftyPods au Qu\u00e9bec.\" \/>\n<meta name=\"robots\" content=\"index, follow, max-snippet:-1, max-image-preview:large, max-video-preview:-1\" \/>\n<link rel=\"canonical\" href=\"https:\/\/loftypods.com\/fr\/nos-pods\/abordabilite\/\" \/>\n<meta property=\"og:locale\" content=\"fr_FR\" \/>\n<meta property=\"og:type\" content=\"article\" \/>\n<meta property=\"og:title\" content=\"Abordabilite\" \/>\n<meta property=\"og:description\" content=\"Ne sacrifiez pas la qualit\u00e9 au profit de l\u2019abordabilit\u00e9. Choisissez les maisons pr\u00e9fabriqu\u00e9es LoftyPods au Qu\u00e9bec.\" \/>\n<meta property=\"og:url\" content=\"https:\/\/loftypods.com\/fr\/nos-pods\/abordabilite\/\" \/>\n<meta property=\"og:site_name\" content=\"LoftyPod modular homes\" \/>\n<meta property=\"article:publisher\" content=\"https:\/\/www.facebook.com\/Loftypods-102210318534979\/\" \/>\n<meta property=\"article:modified_time\" content=\"2021-03-03T16:29:54+00:00\" \/>\n<meta property=\"og:image\" content=\"https:\/\/loftypods.com\/wp-content\/uploads\/2021\/03\/loftypod-modular-homes-quebec.jpg\" \/>\n\t<meta property=\"og:image:width\" content=\"1500\" \/>\n\t<meta property=\"og:image:height\" content=\"843\" \/>\n\t<meta property=\"og:image:type\" content=\"image\/jpeg\" \/>\n<meta name=\"twitter:card\" content=\"summary_large_image\" \/>\n<meta name=\"twitter:label1\" content=\"Dur\u00e9e de lecture estim\u00e9e\" \/>\n\t<meta name=\"twitter:data1\" content=\"4 minutes\" \/>\n<script type=\"application\/ld+json\" class=\"yoast-schema-graph\">{\"@context\":\"https:\\\/\\\/schema.org\",\"@graph\":[{\"@type\":\"WebPage\",\"@id\":\"https:\\\/\\\/loftypods.com\\\/fr\\\/nos-pods\\\/abordabilite\\\/\",\"url\":\"https:\\\/\\\/loftypods.com\\\/fr\\\/nos-pods\\\/abordabilite\\\/\",\"name\":\"Ne sacrifiez pas la qualit\u00e9 pour l'abordabilit\u00e9. Choisissez LoftyPods, des maisons pr\u00e9fabriqu\u00e9es au Qu\u00e9bec.\",\"isPartOf\":{\"@id\":\"https:\\\/\\\/loftypods.com\\\/fr\\\/#website\"},\"datePublished\":\"2021-02-27T20:26:01+00:00\",\"dateModified\":\"2021-03-03T16:29:54+00:00\",\"description\":\"Ne sacrifiez pas la qualit\u00e9 au profit de l\u2019abordabilit\u00e9. Choisissez les maisons pr\u00e9fabriqu\u00e9es LoftyPods au Qu\u00e9bec.\",\"breadcrumb\":{\"@id\":\"https:\\\/\\\/loftypods.com\\\/fr\\\/nos-pods\\\/abordabilite\\\/#breadcrumb\"},\"inLanguage\":\"fr-FR\",\"potentialAction\":[{\"@type\":\"ReadAction\",\"target\":[\"https:\\\/\\\/loftypods.com\\\/fr\\\/nos-pods\\\/abordabilite\\\/\"]}]},{\"@type\":\"BreadcrumbList\",\"@id\":\"https:\\\/\\\/loftypods.com\\\/fr\\\/nos-pods\\\/abordabilite\\\/#breadcrumb\",\"itemListElement\":[{\"@type\":\"ListItem\",\"position\":1,\"name\":\"Home\",\"item\":\"https:\\\/\\\/loftypods.com\\\/fr\\\/\"},{\"@type\":\"ListItem\",\"position\":2,\"name\":\"NOS PODS\",\"item\":\"https:\\\/\\\/loftypods.com\\\/fr\\\/our-pods\\\/\"},{\"@type\":\"ListItem\",\"position\":3,\"name\":\"Abordabilite\"}]},{\"@type\":\"WebSite\",\"@id\":\"https:\\\/\\\/loftypods.com\\\/fr\\\/#website\",\"url\":\"https:\\\/\\\/loftypods.com\\\/fr\\\/\",\"name\":\"LoftyPods modular homes Quebec\",\"description\":\"highest quality modular homes in Quebec\",\"publisher\":{\"@id\":\"https:\\\/\\\/loftypods.com\\\/fr\\\/#organization\"},\"potentialAction\":[{\"@type\":\"SearchAction\",\"target\":{\"@type\":\"EntryPoint\",\"urlTemplate\":\"https:\\\/\\\/loftypods.com\\\/fr\\\/?s={search_term_string}\"},\"query-input\":{\"@type\":\"PropertyValueSpecification\",\"valueRequired\":true,\"valueName\":\"search_term_string\"}}],\"inLanguage\":\"fr-FR\"},{\"@type\":\"Organization\",\"@id\":\"https:\\\/\\\/loftypods.com\\\/fr\\\/#organization\",\"name\":\"Lofty Pod modular homes\",\"url\":\"https:\\\/\\\/loftypods.com\\\/fr\\\/\",\"logo\":{\"@type\":\"ImageObject\",\"inLanguage\":\"fr-FR\",\"@id\":\"https:\\\/\\\/loftypods.com\\\/fr\\\/#\\\/schema\\\/logo\\\/image\\\/\",\"url\":\"https:\\\/\\\/loftypods.com\\\/wp-content\\\/uploads\\\/2020\\\/04\\\/LOFTY-TONE-1.png?v=1593034548\",\"contentUrl\":\"https:\\\/\\\/loftypods.com\\\/wp-content\\\/uploads\\\/2020\\\/04\\\/LOFTY-TONE-1.png?v=1593034548\",\"width\":225,\"height\":72,\"caption\":\"Lofty Pod modular homes\"},\"image\":{\"@id\":\"https:\\\/\\\/loftypods.com\\\/fr\\\/#\\\/schema\\\/logo\\\/image\\\/\"},\"sameAs\":[\"https:\\\/\\\/www.facebook.com\\\/Loftypods-102210318534979\\\/\",\"https:\\\/\\\/www.instagram.com\\\/loftypods\\\/?hl=en\",\"https:\\\/\\\/www.linkedin.com\\\/in\\\/lofty-pods\\\/\",\"https:\\\/\\\/www.pinterest.ca\\\/loftypods\\\/\"]}]}<\/script>\n<!-- \/ Yoast SEO Premium plugin. -->","yoast_head_json":{"title":"Ne sacrifiez pas la qualit\u00e9 pour l'abordabilit\u00e9. Choisissez LoftyPods, des maisons pr\u00e9fabriqu\u00e9es au Qu\u00e9bec.","description":"Ne sacrifiez pas la qualit\u00e9 au profit de l\u2019abordabilit\u00e9. Choisissez les maisons pr\u00e9fabriqu\u00e9es LoftyPods au Qu\u00e9bec.","robots":{"index":"index","follow":"follow","max-snippet":"max-snippet:-1","max-image-preview":"max-image-preview:large","max-video-preview":"max-video-preview:-1"},"canonical":"https:\/\/loftypods.com\/fr\/nos-pods\/abordabilite\/","og_locale":"fr_FR","og_type":"article","og_title":"Abordabilite","og_description":"Ne sacrifiez pas la qualit\u00e9 au profit de l\u2019abordabilit\u00e9. Choisissez les maisons pr\u00e9fabriqu\u00e9es LoftyPods au Qu\u00e9bec.","og_url":"https:\/\/loftypods.com\/fr\/nos-pods\/abordabilite\/","og_site_name":"LoftyPod modular homes","article_publisher":"https:\/\/www.facebook.com\/Loftypods-102210318534979\/","article_modified_time":"2021-03-03T16:29:54+00:00","og_image":[{"width":1500,"height":843,"url":"https:\/\/loftypods.com\/wp-content\/uploads\/2021\/03\/loftypod-modular-homes-quebec.jpg","type":"image\/jpeg"}],"twitter_card":"summary_large_image","twitter_misc":{"Dur\u00e9e de lecture estim\u00e9e":"4 minutes"},"schema":{"@context":"https:\/\/schema.org","@graph":[{"@type":"WebPage","@id":"https:\/\/loftypods.com\/fr\/nos-pods\/abordabilite\/","url":"https:\/\/loftypods.com\/fr\/nos-pods\/abordabilite\/","name":"Ne sacrifiez pas la qualit\u00e9 pour l'abordabilit\u00e9. Choisissez LoftyPods, des maisons pr\u00e9fabriqu\u00e9es au Qu\u00e9bec.","isPartOf":{"@id":"https:\/\/loftypods.com\/fr\/#website"},"datePublished":"2021-02-27T20:26:01+00:00","dateModified":"2021-03-03T16:29:54+00:00","description":"Ne sacrifiez pas la qualit\u00e9 au profit de l\u2019abordabilit\u00e9. Choisissez les maisons pr\u00e9fabriqu\u00e9es LoftyPods au Qu\u00e9bec.","breadcrumb":{"@id":"https:\/\/loftypods.com\/fr\/nos-pods\/abordabilite\/#breadcrumb"},"inLanguage":"fr-FR","potentialAction":[{"@type":"ReadAction","target":["https:\/\/loftypods.com\/fr\/nos-pods\/abordabilite\/"]}]},{"@type":"BreadcrumbList","@id":"https:\/\/loftypods.com\/fr\/nos-pods\/abordabilite\/#breadcrumb","itemListElement":[{"@type":"ListItem","position":1,"name":"Home","item":"https:\/\/loftypods.com\/fr\/"},{"@type":"ListItem","position":2,"name":"NOS PODS","item":"https:\/\/loftypods.com\/fr\/our-pods\/"},{"@type":"ListItem","position":3,"name":"Abordabilite"}]},{"@type":"WebSite","@id":"https:\/\/loftypods.com\/fr\/#website","url":"https:\/\/loftypods.com\/fr\/","name":"LoftyPods modular homes Quebec","description":"highest quality modular homes in Quebec","publisher":{"@id":"https:\/\/loftypods.com\/fr\/#organization"},"potentialAction":[{"@type":"SearchAction","target":{"@type":"EntryPoint","urlTemplate":"https:\/\/loftypods.com\/fr\/?s={search_term_string}"},"query-input":{"@type":"PropertyValueSpecification","valueRequired":true,"valueName":"search_term_string"}}],"inLanguage":"fr-FR"},{"@type":"Organization","@id":"https:\/\/loftypods.com\/fr\/#organization","name":"Lofty Pod modular homes","url":"https:\/\/loftypods.com\/fr\/","logo":{"@type":"ImageObject","inLanguage":"fr-FR","@id":"https:\/\/loftypods.com\/fr\/#\/schema\/logo\/image\/","url":"https:\/\/loftypods.com\/wp-content\/uploads\/2020\/04\/LOFTY-TONE-1.png?v=1593034548","contentUrl":"https:\/\/loftypods.com\/wp-content\/uploads\/2020\/04\/LOFTY-TONE-1.png?v=1593034548","width":225,"height":72,"caption":"Lofty Pod modular homes"},"image":{"@id":"https:\/\/loftypods.com\/fr\/#\/schema\/logo\/image\/"},"sameAs":["https:\/\/www.facebook.com\/Loftypods-102210318534979\/","https:\/\/www.instagram.com\/loftypods\/?hl=en","https:\/\/www.linkedin.com\/in\/lofty-pods\/","https:\/\/www.pinterest.ca\/loftypods\/"]}]}},"jetpack_sharing_enabled":true,"_links":{"self":[{"href":"https:\/\/loftypods.com\/fr\/wp-json\/wp\/v2\/pages\/14533","targetHints":{"allow":["GET"]}}],"collection":[{"href":"https:\/\/loftypods.com\/fr\/wp-json\/wp\/v2\/pages"}],"about":[{"href":"https:\/\/loftypods.com\/fr\/wp-json\/wp\/v2\/types\/page"}],"author":[{"embeddable":true,"href":"https:\/\/loftypods.com\/fr\/wp-json\/wp\/v2\/users\/1"}],"replies":[{"embeddable":true,"href":"https:\/\/loftypods.com\/fr\/wp-json\/wp\/v2\/comments?post=14533"}],"version-history":[{"count":5,"href":"https:\/\/loftypods.com\/fr\/wp-json\/wp\/v2\/pages\/14533\/revisions"}],"predecessor-version":[{"id":14570,"href":"https:\/\/loftypods.com\/fr\/wp-json\/wp\/v2\/pages\/14533\/revisions\/14570"}],"up":[{"embeddable":true,"href":"https:\/\/loftypods.com\/fr\/wp-json\/wp\/v2\/pages\/3470"}],"wp:attachment":[{"href":"https:\/\/loftypods.com\/fr\/wp-json\/wp\/v2\/media?parent=14533"}],"curies":[{"name":"wp","href":"https:\/\/api.w.org\/{rel}","templated":true}]}}