{"id":14536,"date":"2021-03-01T12:57:14","date_gmt":"2021-03-01T12:57:14","guid":{"rendered":"https:\/\/loftypods.com\/nos-pods\/durabilite\/"},"modified":"2021-03-03T16:28:27","modified_gmt":"2021-03-03T16:28:27","slug":"durabilite","status":"publish","type":"page","link":"https:\/\/loftypods.com\/fr\/nos-pods\/durabilite\/","title":{"rendered":"Durabilite"},"content":{"rendered":"<div class=\"wpb-content-wrapper\"><p>[vc_row full_width=\u00a0\u00bbstretch_row\u00a0\u00bb css=\u00a0\u00bb.vc_custom_1591637536209{padding-top: 25px !important;}\u00a0\u00bb][vc_column]<div id=\"ultimate-heading-889069d57378dbe73\" class=\"uvc-heading ult-adjust-bottom-margin ultimate-heading-889069d57378dbe73 uvc-44 \" data-hspacer=\"no_spacer\"  data-halign=\"center\" style=\"text-align:center\"><div class=\"uvc-heading-spacer no_spacer\" style=\"top\"><\/div><div class=\"uvc-sub-heading ult-responsive\"  data-ultimate-target='.uvc-heading.ultimate-heading-889069d57378dbe73 .uvc-sub-heading '  data-responsive-json-new='{\"font-size\":\"desktop:24px;\",\"line-height\":\"desktop:36px;\"}'  style=\"font-family:&#039;Poppins&#039;;font-weight:500;color:#2f4858;\"><\/p>\n<p style=\"text-align: center;\">Les maisons modulaires sont g\u00e9n\u00e9ralement con\u00e7ues pour \u00eatre beaucoup<\/p>\n<p style=\"text-align: center;\">plus solides que les maisons traditionnelles.<\/p>\n<p><\/div><\/div>[\/vc_column][\/vc_row][vc_row full_width=\u00a0\u00bbstretch_row\u00a0\u00bb css=\u00a0\u00bb.vc_custom_1591712826081{padding-top: 20px !important;padding-bottom: 10px !important;}\u00a0\u00bb][vc_column]<div id=\"ultimate-heading-149069d57378dbf29\" class=\"uvc-heading ult-adjust-bottom-margin ultimate-heading-149069d57378dbf29 uvc-7508 \" data-hspacer=\"no_spacer\"  data-halign=\"left\" style=\"text-align:left\"><div class=\"uvc-heading-spacer no_spacer\" style=\"top\"><\/div><div class=\"uvc-sub-heading ult-responsive\"  data-ultimate-target='.uvc-heading.ultimate-heading-149069d57378dbf29 .uvc-sub-heading '  data-responsive-json-new='{\"font-size\":\"\",\"line-height\":\"\"}'  style=\"font-weight:normal;\"><\/p>\n<p style=\"text-align: justify;\">Dans l\u2019ensemble, les maisons modulaires qu\u00e9b\u00e9coises sont construites beaucoup plus solidement que les maisons traditionnelles construites sur place. Au Canada, les maisons modulaires pr\u00e9fabriqu\u00e9es sont construites pour r\u00e9sister aux difficult\u00e9s de transport vers le site d\u2019habitation. Cela signifie que la qualit\u00e9 structurelle de nos LoftyPods doit \u00eatre suffisamment solide pour r\u00e9sister aux vents violents, aux vibrations constantes et aux routes cahoteuses, ainsi qu\u2019aux changements extr\u00eames de la r\u00e9partition du poids lors des freinages et des virages sur la route.<\/p>\n<p style=\"text-align: justify;\">Les maisons modulaires sont con\u00e7ues pour \u00eatre plus r\u00e9sistantes que les maisons traditionnelles et ont \u00e9t\u00e9 reconnues par la FEMA pour leurs performances sup\u00e9rieures face aux ouragans\n<\/p>\n<p><\/div><\/div>[\/vc_column][\/vc_row][vc_row css=\u00a0\u00bb.vc_custom_1591713443698{padding-right: 75px !important;padding-left: 75px !important;}\u00a0\u00bb][vc_column]<q class=\"text-normal shortcode-pullquote wf-cell align-left wf-1\"><p><span style=\"color: #2f4858;\"><em>\u201cDans l\u2019ensemble, des dommages structurels relativement minimes ont \u00e9t\u00e9 constat\u00e9s dans les d\u00e9veloppements de logements modulaires. La combinaison d\u2019unit\u00e9s module par module semble avoir fourni un syst\u00e8me intrins\u00e8quement rigide qui a donn\u00e9 de bien meilleurs r\u00e9sultats que la charpente r\u00e9sidentielle conventionnelle\u201d. <\/em><\/span><\/p>\n<p style=\"text-align: right;\"><strong>-Rapport de la FEMA 1992<\/strong><\/p>\n<\/q>[\/vc_column][\/vc_row][vc_row full_width=\u00a0\u00bbstretch_row\u00a0\u00bb css=\u00a0\u00bb.vc_custom_1591713453151{padding-bottom: 10px !important;}\u00a0\u00bb][vc_column]<div id=\"ultimate-heading-369d57378dc036\" class=\"uvc-heading ult-adjust-bottom-margin ultimate-heading-369d57378dc036 uvc-3115 \" data-hspacer=\"no_spacer\"  data-halign=\"left\" style=\"text-align:left\"><div class=\"uvc-heading-spacer no_spacer\" style=\"top\"><\/div><div class=\"uvc-main-heading ult-responsive\"  data-ultimate-target='.uvc-heading.ultimate-heading-369d57378dc036 h2'  data-responsive-json-new='{\"font-size\":\"desktop:18px;\",\"line-height\":\"\"}' ><h2 style=\"font-family:&#039;Poppins&#039;;font-weight:500;color:#2f4858;margin-bottom:5px;\">Structurellement solide<\/h2><\/div><div class=\"uvc-sub-heading ult-responsive\"  data-ultimate-target='.uvc-heading.ultimate-heading-369d57378dc036 .uvc-sub-heading '  data-responsive-json-new='{\"font-size\":\"\",\"line-height\":\"\"}'  style=\"font-weight:normal;\"><\/p>\n<p style=\"text-align: justify;\">Plusieurs facteurs expliquent la force de nos maisons modulaires fabriqu\u00e9es au Qu\u00e9bec, par exemple :<\/p>\n<p><\/div><\/div>[\/vc_column][\/vc_row][vc_row full_width=\u00a0\u00bbstretch_row\u00a0\u00bb css=\u00a0\u00bb.vc_custom_1591637516003{padding-top: 20px !important;padding-bottom: 50px !important;}\u00a0\u00bb][vc_column]<div class=\"standard-arrow bullet-top\"><ul>\n<li style=\"font-weight: 400;\" aria-level=\"1\"><span style=\"font-weight: 400;\">Les maisons modulaires sont construites avec 15 \u00e0 20% plus de bois qu\u2019une maison traditionnelle construite sur place.<\/span><\/li>\n<li style=\"font-weight: 400;\" aria-level=\"1\"><span style=\"font-weight: 400;\">Une plus grande quantit\u00e9 de bois est utilis\u00e9e pour la charpente des maisons modulaires.<\/span><\/li>\n<li style=\"font-weight: 400;\" aria-level=\"1\"><span style=\"font-weight: 400;\">Elles sont g\u00e9n\u00e9ralement construites avec 8 \u00e0 10% plus d\u2019attaches structurelles que les maisons construites sur place.<\/span><\/li>\n<li style=\"font-weight: 400;\" aria-level=\"1\"><span style=\"font-weight: 400;\">Les coins sont fortement renforc\u00e9s et les \u00e9l\u00e9ments de la charpente sont \u00e0 la fois coll\u00e9s et clou\u00e9s.<\/span><\/li>\n<\/ul>\n<\/div>[\/vc_column][\/vc_row][vc_row bg_type=\u00a0\u00bbbg_color\u00a0\u00bb bg_override=\u00a0\u00bbex-full\u00a0\u00bb css=\u00a0\u00bb.vc_custom_1593735836804{padding-top: 25px !important;}\u00a0\u00bb bg_color_value=\u00a0\u00bb#d7bdae\u00a0\u00bb][vc_column][vc_row_inner][vc_column_inner width=\u00a0\u00bb2\/3&Prime;]<div id=\"ultimate-heading-284969d57378dc14c\" class=\"uvc-heading ult-adjust-bottom-margin ultimate-heading-284969d57378dc14c uvc-1750 \" data-hspacer=\"no_spacer\"  data-halign=\"center\" style=\"text-align:center\"><div class=\"uvc-heading-spacer no_spacer\" style=\"top\"><\/div><div class=\"uvc-sub-heading ult-responsive\"  data-ultimate-target='.uvc-heading.ultimate-heading-284969d57378dc14c .uvc-sub-heading '  data-responsive-json-new='{\"font-size\":\"desktop:26px;\",\"line-height\":\"\"}'  style=\"font-family:&#039;Poppins&#039;;font-weight:normal;color:#ffffff;margin-top:15px;\">Voir notre s\u00e9lection de maisons \u00ab lofty pods \u00bb<\/div><\/div>[\/vc_column_inner][vc_column_inner width=\u00a0\u00bb1\/3&Prime;]<div class=\" ubtn-ctn-left \"><a class=\"ubtn-link ult-adjust-bottom-margin ubtn-left ubtn-normal \" href=\"https:\/\/loftypods.com\/fr\/maisons-pod\/\" rel=\"nofollow \" ><button type=\"button\" id=\"ubtn-2401\"  class=\"ubtn ult-adjust-bottom-margin ult-responsive ubtn-normal ubtn-top-bg  none  ubtn-left   tooltip-69d57378dc1bb\"  data-hover=\"#d7bdae\" data-border-color=\"#ffffff\" data-bg=\"#d7bdae\" data-hover-bg=\"#ffffff\" data-border-hover=\"#ffffff\" data-shadow-hover=\"\" data-shadow-click=\"none\" data-shadow=\"\" data-shd-shadow=\"\"  data-ultimate-target='#ubtn-2401'  data-responsive-json-new='{\"font-size\":\"desktop:14px;\",\"line-height\":\"\"}'  style=\"font-family:&#039;Poppins&#039;;font-weight:600;border-radius:px;border-width:3px;border-color:#ffffff;border-style:solid;background: #d7bdae;color: #ffffff;\"><span class=\"ubtn-hover\" style=\"background-color:#ffffff\"><\/span><span class=\"ubtn-data ubtn-text \" >MAISONS \u00abLOFTY POD\u00bb<\/span><\/button><\/a><\/div>[\/vc_column_inner][\/vc_row_inner][\/vc_column][\/vc_row]<\/p>\n<\/div>","protected":false},"excerpt":{"rendered":"<p>[vc_row full_width=\u00a0\u00bbstretch_row\u00a0\u00bb css=\u00a0\u00bb.vc_custom_1591637536209{padding-top: 25px !important;}\u00a0\u00bb][vc_column][\/vc_column][\/vc_row][vc_row full_width=\u00a0\u00bbstretch_row\u00a0\u00bb css=\u00a0\u00bb.vc_custom_1591712826081{padding-top: 20px !important;padding-bottom: 10px !important;}\u00a0\u00bb][vc_column][\/vc_column][\/vc_row][vc_row css=\u00a0\u00bb.vc_custom_1591713443698{padding-right: 75px !important;padding-left: 75px !important;}\u00a0\u00bb][vc_column][\/vc_column][\/vc_row][vc_row full_width=\u00a0\u00bbstretch_row\u00a0\u00bb css=\u00a0\u00bb.vc_custom_1591713453151{padding-bottom: 10px !important;}\u00a0\u00bb][vc_column][\/vc_column][\/vc_row][vc_row full_width=\u00a0\u00bbstretch_row\u00a0\u00bb css=\u00a0\u00bb.vc_custom_1591637516003{padding-top: 20px !important;padding-bottom: 50px !important;}\u00a0\u00bb][vc_column][\/vc_column][\/vc_row][vc_row bg_type=\u00a0\u00bbbg_color\u00a0\u00bb bg_override=\u00a0\u00bbex-full\u00a0\u00bb css=\u00a0\u00bb.vc_custom_1593735836804{padding-top: 25px !important;}\u00a0\u00bb bg_color_value=\u00a0\u00bb#d7bdae\u00a0\u00bb][vc_column][vc_row_inner][vc_column_inner width=\u00a0\u00bb2\/3&Prime;][\/vc_column_inner][vc_column_inner width=\u00a0\u00bb1\/3&Prime;][\/vc_column_inner][\/vc_row_inner][\/vc_column][\/vc_row]<\/p>\n","protected":false},"author":1,"featured_media":0,"parent":3470,"menu_order":0,"comment_status":"closed","ping_status":"closed","template":"","meta":{"footnotes":""},"class_list":["post-14536","page","type-page","status-publish","hentry","description-off"],"yoast_head":"<!-- This site is optimized with the Yoast SEO Premium plugin v22.0 (Yoast SEO v27.3) - https:\/\/yoast.com\/product\/yoast-seo-premium-wordpress\/ -->\n<title>maisons modulaires au Qu\u00e9bec<\/title>\n<meta name=\"description\" content=\"Maisons modulaires au Qu\u00e9bec\" \/>\n<meta name=\"robots\" content=\"index, follow, max-snippet:-1, max-image-preview:large, max-video-preview:-1\" \/>\n<link rel=\"canonical\" href=\"https:\/\/loftypods.com\/fr\/nos-pods\/durabilite\/\" \/>\n<meta property=\"og:locale\" content=\"fr_FR\" \/>\n<meta property=\"og:type\" content=\"article\" \/>\n<meta property=\"og:title\" content=\"Durabilite\" \/>\n<meta property=\"og:description\" content=\"Maisons modulaires au Qu\u00e9bec\" \/>\n<meta property=\"og:url\" content=\"https:\/\/loftypods.com\/fr\/nos-pods\/durabilite\/\" \/>\n<meta property=\"og:site_name\" content=\"LoftyPod modular homes\" \/>\n<meta property=\"article:publisher\" content=\"https:\/\/www.facebook.com\/Loftypods-102210318534979\/\" \/>\n<meta property=\"article:modified_time\" content=\"2021-03-03T16:28:27+00:00\" \/>\n<meta property=\"og:image\" content=\"https:\/\/loftypods.com\/wp-content\/uploads\/2021\/03\/loftypod-modular-homes-quebec.jpg\" \/>\n\t<meta property=\"og:image:width\" content=\"1500\" \/>\n\t<meta property=\"og:image:height\" content=\"843\" \/>\n\t<meta property=\"og:image:type\" content=\"image\/jpeg\" \/>\n<meta name=\"twitter:card\" content=\"summary_large_image\" \/>\n<meta name=\"twitter:label1\" content=\"Dur\u00e9e de lecture estim\u00e9e\" \/>\n\t<meta name=\"twitter:data1\" content=\"4 minutes\" \/>\n<script type=\"application\/ld+json\" class=\"yoast-schema-graph\">{\"@context\":\"https:\\\/\\\/schema.org\",\"@graph\":[{\"@type\":\"WebPage\",\"@id\":\"https:\\\/\\\/loftypods.com\\\/fr\\\/nos-pods\\\/durabilite\\\/\",\"url\":\"https:\\\/\\\/loftypods.com\\\/fr\\\/nos-pods\\\/durabilite\\\/\",\"name\":\"maisons modulaires au Qu\u00e9bec\",\"isPartOf\":{\"@id\":\"https:\\\/\\\/loftypods.com\\\/fr\\\/#website\"},\"datePublished\":\"2021-03-01T12:57:14+00:00\",\"dateModified\":\"2021-03-03T16:28:27+00:00\",\"description\":\"Maisons modulaires au Qu\u00e9bec\",\"breadcrumb\":{\"@id\":\"https:\\\/\\\/loftypods.com\\\/fr\\\/nos-pods\\\/durabilite\\\/#breadcrumb\"},\"inLanguage\":\"fr-FR\",\"potentialAction\":[{\"@type\":\"ReadAction\",\"target\":[\"https:\\\/\\\/loftypods.com\\\/fr\\\/nos-pods\\\/durabilite\\\/\"]}]},{\"@type\":\"BreadcrumbList\",\"@id\":\"https:\\\/\\\/loftypods.com\\\/fr\\\/nos-pods\\\/durabilite\\\/#breadcrumb\",\"itemListElement\":[{\"@type\":\"ListItem\",\"position\":1,\"name\":\"Home\",\"item\":\"https:\\\/\\\/loftypods.com\\\/fr\\\/\"},{\"@type\":\"ListItem\",\"position\":2,\"name\":\"NOS PODS\",\"item\":\"https:\\\/\\\/loftypods.com\\\/fr\\\/our-pods\\\/\"},{\"@type\":\"ListItem\",\"position\":3,\"name\":\"Durabilite\"}]},{\"@type\":\"WebSite\",\"@id\":\"https:\\\/\\\/loftypods.com\\\/fr\\\/#website\",\"url\":\"https:\\\/\\\/loftypods.com\\\/fr\\\/\",\"name\":\"LoftyPods modular homes Quebec\",\"description\":\"highest quality modular homes in Quebec\",\"publisher\":{\"@id\":\"https:\\\/\\\/loftypods.com\\\/fr\\\/#organization\"},\"potentialAction\":[{\"@type\":\"SearchAction\",\"target\":{\"@type\":\"EntryPoint\",\"urlTemplate\":\"https:\\\/\\\/loftypods.com\\\/fr\\\/?s={search_term_string}\"},\"query-input\":{\"@type\":\"PropertyValueSpecification\",\"valueRequired\":true,\"valueName\":\"search_term_string\"}}],\"inLanguage\":\"fr-FR\"},{\"@type\":\"Organization\",\"@id\":\"https:\\\/\\\/loftypods.com\\\/fr\\\/#organization\",\"name\":\"Lofty Pod modular homes\",\"url\":\"https:\\\/\\\/loftypods.com\\\/fr\\\/\",\"logo\":{\"@type\":\"ImageObject\",\"inLanguage\":\"fr-FR\",\"@id\":\"https:\\\/\\\/loftypods.com\\\/fr\\\/#\\\/schema\\\/logo\\\/image\\\/\",\"url\":\"https:\\\/\\\/loftypods.com\\\/wp-content\\\/uploads\\\/2020\\\/04\\\/LOFTY-TONE-1.png?v=1593034548\",\"contentUrl\":\"https:\\\/\\\/loftypods.com\\\/wp-content\\\/uploads\\\/2020\\\/04\\\/LOFTY-TONE-1.png?v=1593034548\",\"width\":225,\"height\":72,\"caption\":\"Lofty Pod modular homes\"},\"image\":{\"@id\":\"https:\\\/\\\/loftypods.com\\\/fr\\\/#\\\/schema\\\/logo\\\/image\\\/\"},\"sameAs\":[\"https:\\\/\\\/www.facebook.com\\\/Loftypods-102210318534979\\\/\",\"https:\\\/\\\/www.instagram.com\\\/loftypods\\\/?hl=en\",\"https:\\\/\\\/www.linkedin.com\\\/in\\\/lofty-pods\\\/\",\"https:\\\/\\\/www.pinterest.ca\\\/loftypods\\\/\"]}]}<\/script>\n<!-- \/ Yoast SEO Premium plugin. -->","yoast_head_json":{"title":"maisons modulaires au Qu\u00e9bec","description":"Maisons modulaires au Qu\u00e9bec","robots":{"index":"index","follow":"follow","max-snippet":"max-snippet:-1","max-image-preview":"max-image-preview:large","max-video-preview":"max-video-preview:-1"},"canonical":"https:\/\/loftypods.com\/fr\/nos-pods\/durabilite\/","og_locale":"fr_FR","og_type":"article","og_title":"Durabilite","og_description":"Maisons modulaires au Qu\u00e9bec","og_url":"https:\/\/loftypods.com\/fr\/nos-pods\/durabilite\/","og_site_name":"LoftyPod modular homes","article_publisher":"https:\/\/www.facebook.com\/Loftypods-102210318534979\/","article_modified_time":"2021-03-03T16:28:27+00:00","og_image":[{"width":1500,"height":843,"url":"https:\/\/loftypods.com\/wp-content\/uploads\/2021\/03\/loftypod-modular-homes-quebec.jpg","type":"image\/jpeg"}],"twitter_card":"summary_large_image","twitter_misc":{"Dur\u00e9e de lecture estim\u00e9e":"4 minutes"},"schema":{"@context":"https:\/\/schema.org","@graph":[{"@type":"WebPage","@id":"https:\/\/loftypods.com\/fr\/nos-pods\/durabilite\/","url":"https:\/\/loftypods.com\/fr\/nos-pods\/durabilite\/","name":"maisons modulaires au Qu\u00e9bec","isPartOf":{"@id":"https:\/\/loftypods.com\/fr\/#website"},"datePublished":"2021-03-01T12:57:14+00:00","dateModified":"2021-03-03T16:28:27+00:00","description":"Maisons modulaires au Qu\u00e9bec","breadcrumb":{"@id":"https:\/\/loftypods.com\/fr\/nos-pods\/durabilite\/#breadcrumb"},"inLanguage":"fr-FR","potentialAction":[{"@type":"ReadAction","target":["https:\/\/loftypods.com\/fr\/nos-pods\/durabilite\/"]}]},{"@type":"BreadcrumbList","@id":"https:\/\/loftypods.com\/fr\/nos-pods\/durabilite\/#breadcrumb","itemListElement":[{"@type":"ListItem","position":1,"name":"Home","item":"https:\/\/loftypods.com\/fr\/"},{"@type":"ListItem","position":2,"name":"NOS PODS","item":"https:\/\/loftypods.com\/fr\/our-pods\/"},{"@type":"ListItem","position":3,"name":"Durabilite"}]},{"@type":"WebSite","@id":"https:\/\/loftypods.com\/fr\/#website","url":"https:\/\/loftypods.com\/fr\/","name":"LoftyPods modular homes Quebec","description":"highest quality modular homes in Quebec","publisher":{"@id":"https:\/\/loftypods.com\/fr\/#organization"},"potentialAction":[{"@type":"SearchAction","target":{"@type":"EntryPoint","urlTemplate":"https:\/\/loftypods.com\/fr\/?s={search_term_string}"},"query-input":{"@type":"PropertyValueSpecification","valueRequired":true,"valueName":"search_term_string"}}],"inLanguage":"fr-FR"},{"@type":"Organization","@id":"https:\/\/loftypods.com\/fr\/#organization","name":"Lofty Pod modular homes","url":"https:\/\/loftypods.com\/fr\/","logo":{"@type":"ImageObject","inLanguage":"fr-FR","@id":"https:\/\/loftypods.com\/fr\/#\/schema\/logo\/image\/","url":"https:\/\/loftypods.com\/wp-content\/uploads\/2020\/04\/LOFTY-TONE-1.png?v=1593034548","contentUrl":"https:\/\/loftypods.com\/wp-content\/uploads\/2020\/04\/LOFTY-TONE-1.png?v=1593034548","width":225,"height":72,"caption":"Lofty Pod modular homes"},"image":{"@id":"https:\/\/loftypods.com\/fr\/#\/schema\/logo\/image\/"},"sameAs":["https:\/\/www.facebook.com\/Loftypods-102210318534979\/","https:\/\/www.instagram.com\/loftypods\/?hl=en","https:\/\/www.linkedin.com\/in\/lofty-pods\/","https:\/\/www.pinterest.ca\/loftypods\/"]}]}},"jetpack_sharing_enabled":true,"_links":{"self":[{"href":"https:\/\/loftypods.com\/fr\/wp-json\/wp\/v2\/pages\/14536","targetHints":{"allow":["GET"]}}],"collection":[{"href":"https:\/\/loftypods.com\/fr\/wp-json\/wp\/v2\/pages"}],"about":[{"href":"https:\/\/loftypods.com\/fr\/wp-json\/wp\/v2\/types\/page"}],"author":[{"embeddable":true,"href":"https:\/\/loftypods.com\/fr\/wp-json\/wp\/v2\/users\/1"}],"replies":[{"embeddable":true,"href":"https:\/\/loftypods.com\/fr\/wp-json\/wp\/v2\/comments?post=14536"}],"version-history":[{"count":3,"href":"https:\/\/loftypods.com\/fr\/wp-json\/wp\/v2\/pages\/14536\/revisions"}],"predecessor-version":[{"id":14569,"href":"https:\/\/loftypods.com\/fr\/wp-json\/wp\/v2\/pages\/14536\/revisions\/14569"}],"up":[{"embeddable":true,"href":"https:\/\/loftypods.com\/fr\/wp-json\/wp\/v2\/pages\/3470"}],"wp:attachment":[{"href":"https:\/\/loftypods.com\/fr\/wp-json\/wp\/v2\/media?parent=14536"}],"curies":[{"name":"wp","href":"https:\/\/api.w.org\/{rel}","templated":true}]}}