{"id":14547,"date":"2021-03-03T14:49:15","date_gmt":"2021-03-03T14:49:15","guid":{"rendered":"https:\/\/loftypods.com\/nos-pods\/efficacite\/"},"modified":"2021-03-03T16:26:50","modified_gmt":"2021-03-03T16:26:50","slug":"efficacite","status":"publish","type":"page","link":"https:\/\/loftypods.com\/fr\/nos-pods\/efficacite\/","title":{"rendered":"Efficacit\u00e9"},"content":{"rendered":"<div class=\"wpb-content-wrapper\"><p>[vc_row full_width=\u00a0\u00bbstretch_row\u00a0\u00bb css=\u00a0\u00bb.vc_custom_1591637536209{padding-top: 25px !important;}\u00a0\u00bb][vc_column]<div id=\"ultimate-heading-979469d5c8c313377\" class=\"uvc-heading ult-adjust-bottom-margin ultimate-heading-979469d5c8c313377 uvc-7355 \" data-hspacer=\"no_spacer\"  data-halign=\"center\" style=\"text-align:center\"><div class=\"uvc-heading-spacer no_spacer\" style=\"top\"><\/div><div class=\"uvc-sub-heading ult-responsive\"  data-ultimate-target='.uvc-heading.ultimate-heading-979469d5c8c313377 .uvc-sub-heading '  data-responsive-json-new='{\"font-size\":\"desktop:24px;\",\"line-height\":\"desktop:36px;\"}'  style=\"font-family:&#039;Poppins&#039;;font-weight:500;color:#2f4858;\"><\/p>\n<p style=\"text-align: center;\">Les maisons modulaires sont en g\u00e9n\u00e9ral plus efficaces sur<\/p>\n<p style=\"text-align: center;\">le plan \u00e9nerg\u00e9tique que les maisons traditionnelles.<\/p>\n<p><\/div><\/div>[\/vc_column][\/vc_row][vc_row full_width=\u00a0\u00bbstretch_row\u00a0\u00bb css=\u00a0\u00bb.vc_custom_1591712826081{padding-top: 20px !important;padding-bottom: 10px !important;}\u00a0\u00bb][vc_column]<div id=\"ultimate-heading-216569d5c8c313429\" class=\"uvc-heading ult-adjust-bottom-margin ultimate-heading-216569d5c8c313429 uvc-7339 \" data-hspacer=\"no_spacer\"  data-halign=\"left\" style=\"text-align:left\"><div class=\"uvc-heading-spacer no_spacer\" style=\"top\"><\/div><div class=\"uvc-sub-heading ult-responsive\"  data-ultimate-target='.uvc-heading.ultimate-heading-216569d5c8c313429 .uvc-sub-heading '  data-responsive-json-new='{\"font-size\":\"\",\"line-height\":\"\"}'  style=\"font-weight:normal;\"><\/p>\n<p style=\"text-align: justify;\">Notre processus de fabrication standard utilise des m\u00e9thodes de construction optimales dans un environnement sain, contr\u00f4l\u00e9 et \u00e0 temp\u00e9rature constante. Nos maisons LoftyPods sont efficaces gr\u00e2ce \u00e0 l\u2019utilisation de mat\u00e9riaux sp\u00e9cifiques qui favorisent l\u2019optimisation \u00e9nerg\u00e9tique en am\u00e9liorant la qualit\u00e9 de l\u2019air et le confort g\u00e9n\u00e9ral. Cela se traduit par une \u00e9conomie financi\u00e8re importante dans l\u2019exploitation de votre maison et un impact environnemental minimal.<\/p>\n<p style=\"text-align: justify;\">Nos LofttyPods sont plus efficaces pour les raisons suivantes :<\/p>\n<p><\/div><\/div>[\/vc_column][\/vc_row][vc_row full_width=\u00a0\u00bbstretch_row\u00a0\u00bb css=\u00a0\u00bb.vc_custom_1591713453151{padding-bottom: 10px !important;}\u00a0\u00bb][vc_column]<div id=\"ultimate-heading-830169d5c8c31348d\" class=\"uvc-heading ult-adjust-bottom-margin ultimate-heading-830169d5c8c31348d uvc-192 \" data-hspacer=\"no_spacer\"  data-halign=\"left\" style=\"text-align:left\"><div class=\"uvc-heading-spacer no_spacer\" style=\"top\"><\/div><div class=\"uvc-main-heading ult-responsive\"  data-ultimate-target='.uvc-heading.ultimate-heading-830169d5c8c31348d h2'  data-responsive-json-new='{\"font-size\":\"desktop:18px;\",\"line-height\":\"\"}' ><h2 style=\"font-family:&#039;Poppins&#039;;font-weight:600;color:#2f4858;margin-bottom:5px;\">STRUCTURELLEMENT SOLIDES <\/h2><\/div><div class=\"uvc-sub-heading ult-responsive\"  data-ultimate-target='.uvc-heading.ultimate-heading-830169d5c8c31348d .uvc-sub-heading '  data-responsive-json-new='{\"font-size\":\"\",\"line-height\":\"\"}'  style=\"font-weight:normal;margin-bottom:20px;\"><\/p>\n<p style=\"text-align: justify;\">Nous utilisons des panneaux plus \u00e9pais pour structurer nos maisons, ce qui accro\u00eet leur durabilit\u00e9 et facilite le transport et l\u2019installation sur les fondations. Contrairement aux maisons traditionnelles, nos LoftyPods sont construits avec une charpente de 2&#215;6, ce qui nous permet de mieux isoler les murs.<\/p>\n<p><\/div><\/div>[\/vc_column][\/vc_row][vc_row full_width=\u00a0\u00bbstretch_row\u00a0\u00bb css=\u00a0\u00bb.vc_custom_1591713453151{padding-bottom: 10px !important;}\u00a0\u00bb][vc_column]<div id=\"ultimate-heading-863569d5c8c3134fd\" class=\"uvc-heading ult-adjust-bottom-margin ultimate-heading-863569d5c8c3134fd uvc-6151 \" data-hspacer=\"no_spacer\"  data-halign=\"left\" style=\"text-align:left\"><div class=\"uvc-heading-spacer no_spacer\" style=\"top\"><\/div><div class=\"uvc-main-heading ult-responsive\"  data-ultimate-target='.uvc-heading.ultimate-heading-863569d5c8c3134fd h2'  data-responsive-json-new='{\"font-size\":\"desktop:18px;\",\"line-height\":\"\"}' ><h2 style=\"font-family:&#039;Poppins&#039;;font-weight:600;color:#2f4858;margin-bottom:5px;\">UNE MEILLEURE ISOLATION THERMIQUE<\/h2><\/div><div class=\"uvc-sub-heading ult-responsive\"  data-ultimate-target='.uvc-heading.ultimate-heading-863569d5c8c3134fd .uvc-sub-heading '  data-responsive-json-new='{\"font-size\":\"\",\"line-height\":\"\"}'  style=\"font-weight:normal;margin-bottom:20px;\"><\/p>\n<p style=\"text-align: justify;\">Une meilleure isolation thermique des murs et du toit avec des facteurs R tr\u00e8s \u00e9lev\u00e9s afin de minimiser les ponts thermiques et les mouvements d\u2019air \u00e0 l\u2019int\u00e9rieur des murs et du toit. Ces mesures permettent ainsi une r\u00e9duction drastique des factures d\u2019\u00e9lectricit\u00e9 en hiver et en \u00e9t\u00e9. En outre, les maisons modulaires b\u00e9n\u00e9ficient de techniques de construction \u00e0 haut rendement \u00e9nerg\u00e9tique qui ne peuvent \u00eatre utilis\u00e9es qu\u2019en usine.<\/p>\n<p>Les zones qui sont impossibles \u00e0 atteindre lors de la construction d\u2019une maison traditionnelle sont facilement accessibles, ce qui permet aux \u00e9quipes de construction d\u2019ajouter de l\u2019isolation aux prises \u00e9lectriques, aux planchers et aux autres zones principales de gaspillage d\u2019\u00e9nergie.<\/p>\n<p><\/div><\/div>[\/vc_column][\/vc_row][vc_row full_width=\u00a0\u00bbstretch_row\u00a0\u00bb css=\u00a0\u00bb.vc_custom_1591732568227{padding-bottom: 90px !important;}\u00a0\u00bb][vc_column]<div id=\"ultimate-heading-163169d5c8c313569\" class=\"uvc-heading ult-adjust-bottom-margin ultimate-heading-163169d5c8c313569 uvc-6713 \" data-hspacer=\"no_spacer\"  data-halign=\"left\" style=\"text-align:left\"><div class=\"uvc-heading-spacer no_spacer\" style=\"top\"><\/div><div class=\"uvc-main-heading ult-responsive\"  data-ultimate-target='.uvc-heading.ultimate-heading-163169d5c8c313569 h2'  data-responsive-json-new='{\"font-size\":\"desktop:18px;\",\"line-height\":\"\"}' ><h2 style=\"font-family:&#039;Poppins&#039;;font-weight:600;color:#2f4858;margin-bottom:5px;\">PORTES ET FEN\u00caTRES \u00c0 FAIBLE CONSOMMATION D'\u00c9NERGIE<\/h2><\/div><div class=\"uvc-sub-heading ult-responsive\"  data-ultimate-target='.uvc-heading.ultimate-heading-163169d5c8c313569 .uvc-sub-heading '  data-responsive-json-new='{\"font-size\":\"\",\"line-height\":\"\"}'  style=\"font-weight:normal;\"><\/p>\n<p style=\"text-align: justify;\">Nous utilisons des fen\u00eatres et des portes \u00e0 triple vitrage Argon \u00e0 faible \u00e9missivit\u00e9 (Low E). Ces vitrages repr\u00e9sentent une arme indispensable contre les pertes d\u2019\u00e9nergie et permettent de r\u00e9aliser de s\u00e9rieuses \u00e9conomies d\u2019\u00e9nergie. Ils am\u00e9liorent l\u2019efficacit\u00e9 \u00e9nerg\u00e9tique en r\u00e9duisant les pertes de chaleur pendant les mois d\u2019hiver et les gains de chaleur pendant les mois les plus chauds.<\/p>\n<p><\/div><\/div>[\/vc_column][\/vc_row][vc_row bg_type=\u00a0\u00bbbg_color\u00a0\u00bb bg_override=\u00a0\u00bbex-full\u00a0\u00bb css=\u00a0\u00bb.vc_custom_1593735836804{padding-top: 25px !important;}\u00a0\u00bb bg_color_value=\u00a0\u00bb#d7bdae\u00a0\u00bb][vc_column][vc_row_inner][vc_column_inner width=\u00a0\u00bb2\/3&Prime;]<div id=\"ultimate-heading-540969d5c8c3135e3\" class=\"uvc-heading ult-adjust-bottom-margin ultimate-heading-540969d5c8c3135e3 uvc-3623 \" data-hspacer=\"no_spacer\"  data-halign=\"center\" style=\"text-align:center\"><div class=\"uvc-heading-spacer no_spacer\" style=\"top\"><\/div><div class=\"uvc-sub-heading ult-responsive\"  data-ultimate-target='.uvc-heading.ultimate-heading-540969d5c8c3135e3 .uvc-sub-heading '  data-responsive-json-new='{\"font-size\":\"desktop:26px;\",\"line-height\":\"\"}'  style=\"font-family:&#039;Poppins&#039;;font-weight:normal;color:#ffffff;margin-top:15px;\">Voir notre s\u00e9lection de maisons \u00ab lofty pods \u00bb<\/div><\/div>[\/vc_column_inner][vc_column_inner width=\u00a0\u00bb1\/3&Prime;]<div class=\" ubtn-ctn-left \"><a class=\"ubtn-link ult-adjust-bottom-margin ubtn-left ubtn-normal \" href=\"https:\/\/loftypods.com\/fr\/maisons-pod\/\" rel=\"nofollow \" ><button type=\"button\" id=\"ubtn-2661\"  class=\"ubtn ult-adjust-bottom-margin ult-responsive ubtn-normal ubtn-top-bg  none  ubtn-left   tooltip-69d5c8c313647\"  data-hover=\"#d7bdae\" data-border-color=\"#ffffff\" data-bg=\"#d7bdae\" data-hover-bg=\"#ffffff\" data-border-hover=\"#ffffff\" data-shadow-hover=\"\" data-shadow-click=\"none\" data-shadow=\"\" data-shd-shadow=\"\"  data-ultimate-target='#ubtn-2661'  data-responsive-json-new='{\"font-size\":\"desktop:14px;\",\"line-height\":\"\"}'  style=\"font-family:&#039;Poppins&#039;;font-weight:600;border-radius:px;border-width:3px;border-color:#ffffff;border-style:solid;background: #d7bdae;color: #ffffff;\"><span class=\"ubtn-hover\" style=\"background-color:#ffffff\"><\/span><span class=\"ubtn-data ubtn-text \" >MAISONS \u00abLOFTY POD\u00bb<\/span><\/button><\/a><\/div>[\/vc_column_inner][\/vc_row_inner][\/vc_column][\/vc_row]<\/p>\n<\/div>","protected":false},"excerpt":{"rendered":"<p>[vc_row full_width=\u00a0\u00bbstretch_row\u00a0\u00bb css=\u00a0\u00bb.vc_custom_1591637536209{padding-top: 25px !important;}\u00a0\u00bb][vc_column][\/vc_column][\/vc_row][vc_row full_width=\u00a0\u00bbstretch_row\u00a0\u00bb css=\u00a0\u00bb.vc_custom_1591712826081{padding-top: 20px !important;padding-bottom: 10px !important;}\u00a0\u00bb][vc_column][\/vc_column][\/vc_row][vc_row full_width=\u00a0\u00bbstretch_row\u00a0\u00bb css=\u00a0\u00bb.vc_custom_1591713453151{padding-bottom: 10px !important;}\u00a0\u00bb][vc_column][\/vc_column][\/vc_row][vc_row full_width=\u00a0\u00bbstretch_row\u00a0\u00bb css=\u00a0\u00bb.vc_custom_1591713453151{padding-bottom: 10px !important;}\u00a0\u00bb][vc_column][\/vc_column][\/vc_row][vc_row full_width=\u00a0\u00bbstretch_row\u00a0\u00bb css=\u00a0\u00bb.vc_custom_1591732568227{padding-bottom: 90px !important;}\u00a0\u00bb][vc_column][\/vc_column][\/vc_row][vc_row bg_type=\u00a0\u00bbbg_color\u00a0\u00bb bg_override=\u00a0\u00bbex-full\u00a0\u00bb css=\u00a0\u00bb.vc_custom_1593735836804{padding-top: 25px !important;}\u00a0\u00bb bg_color_value=\u00a0\u00bb#d7bdae\u00a0\u00bb][vc_column][vc_row_inner][vc_column_inner width=\u00a0\u00bb2\/3&Prime;][\/vc_column_inner][vc_column_inner width=\u00a0\u00bb1\/3&Prime;][\/vc_column_inner][\/vc_row_inner][\/vc_column][\/vc_row]<\/p>\n","protected":false},"author":1,"featured_media":0,"parent":3470,"menu_order":0,"comment_status":"closed","ping_status":"closed","template":"","meta":{"footnotes":""},"class_list":["post-14547","page","type-page","status-publish","hentry","description-off"],"yoast_head":"<!-- This site is optimized with the Yoast SEO Premium plugin v22.0 (Yoast SEO v27.3) - https:\/\/yoast.com\/product\/yoast-seo-premium-wordpress\/ -->\n<title>Maisons modulaires Qu\u00e9bec: ne sacrifiez pas la qualit\u00e9 pour l\u2019abordabilit\u00e9.<\/title>\n<meta name=\"description\" content=\"Lorsque vous choisissez Lofty Pod, les maisons modulaires Qu\u00e9bec, vous ne sacrifiez pas la qualit\u00e9 pour l\u2019abordabilit\u00e9.\" \/>\n<meta name=\"robots\" content=\"index, follow, max-snippet:-1, max-image-preview:large, max-video-preview:-1\" \/>\n<link rel=\"canonical\" href=\"https:\/\/loftypods.com\/fr\/nos-pods\/efficacite\/\" \/>\n<meta property=\"og:locale\" content=\"fr_FR\" \/>\n<meta property=\"og:type\" content=\"article\" \/>\n<meta property=\"og:title\" content=\"Efficacit\u00e9\" \/>\n<meta property=\"og:description\" content=\"Lorsque vous choisissez Lofty Pod, les maisons modulaires Qu\u00e9bec, vous ne sacrifiez pas la qualit\u00e9 pour l\u2019abordabilit\u00e9.\" \/>\n<meta property=\"og:url\" content=\"https:\/\/loftypods.com\/fr\/nos-pods\/efficacite\/\" \/>\n<meta property=\"og:site_name\" content=\"LoftyPod modular homes\" \/>\n<meta property=\"article:publisher\" content=\"https:\/\/www.facebook.com\/Loftypods-102210318534979\/\" \/>\n<meta property=\"article:modified_time\" content=\"2021-03-03T16:26:50+00:00\" \/>\n<meta property=\"og:image\" content=\"https:\/\/loftypods.com\/wp-content\/uploads\/2021\/03\/loftypod-modular-homes-quebec.jpg\" \/>\n\t<meta property=\"og:image:width\" content=\"1500\" \/>\n\t<meta property=\"og:image:height\" content=\"843\" \/>\n\t<meta property=\"og:image:type\" content=\"image\/jpeg\" \/>\n<meta name=\"twitter:card\" content=\"summary_large_image\" \/>\n<meta name=\"twitter:label1\" content=\"Dur\u00e9e de lecture estim\u00e9e\" \/>\n\t<meta name=\"twitter:data1\" content=\"4 minutes\" \/>\n<script type=\"application\/ld+json\" class=\"yoast-schema-graph\">{\"@context\":\"https:\\\/\\\/schema.org\",\"@graph\":[{\"@type\":\"WebPage\",\"@id\":\"https:\\\/\\\/loftypods.com\\\/fr\\\/nos-pods\\\/efficacite\\\/\",\"url\":\"https:\\\/\\\/loftypods.com\\\/fr\\\/nos-pods\\\/efficacite\\\/\",\"name\":\"Maisons modulaires Qu\u00e9bec: ne sacrifiez pas la qualit\u00e9 pour l\u2019abordabilit\u00e9.\",\"isPartOf\":{\"@id\":\"https:\\\/\\\/loftypods.com\\\/fr\\\/#website\"},\"datePublished\":\"2021-03-03T14:49:15+00:00\",\"dateModified\":\"2021-03-03T16:26:50+00:00\",\"description\":\"Lorsque vous choisissez Lofty Pod, les maisons modulaires Qu\u00e9bec, vous ne sacrifiez pas la qualit\u00e9 pour l\u2019abordabilit\u00e9.\",\"breadcrumb\":{\"@id\":\"https:\\\/\\\/loftypods.com\\\/fr\\\/nos-pods\\\/efficacite\\\/#breadcrumb\"},\"inLanguage\":\"fr-FR\",\"potentialAction\":[{\"@type\":\"ReadAction\",\"target\":[\"https:\\\/\\\/loftypods.com\\\/fr\\\/nos-pods\\\/efficacite\\\/\"]}]},{\"@type\":\"BreadcrumbList\",\"@id\":\"https:\\\/\\\/loftypods.com\\\/fr\\\/nos-pods\\\/efficacite\\\/#breadcrumb\",\"itemListElement\":[{\"@type\":\"ListItem\",\"position\":1,\"name\":\"Home\",\"item\":\"https:\\\/\\\/loftypods.com\\\/fr\\\/\"},{\"@type\":\"ListItem\",\"position\":2,\"name\":\"NOS PODS\",\"item\":\"https:\\\/\\\/loftypods.com\\\/fr\\\/our-pods\\\/\"},{\"@type\":\"ListItem\",\"position\":3,\"name\":\"Efficacit\u00e9\"}]},{\"@type\":\"WebSite\",\"@id\":\"https:\\\/\\\/loftypods.com\\\/fr\\\/#website\",\"url\":\"https:\\\/\\\/loftypods.com\\\/fr\\\/\",\"name\":\"LoftyPods modular homes Quebec\",\"description\":\"highest quality modular homes in Quebec\",\"publisher\":{\"@id\":\"https:\\\/\\\/loftypods.com\\\/fr\\\/#organization\"},\"potentialAction\":[{\"@type\":\"SearchAction\",\"target\":{\"@type\":\"EntryPoint\",\"urlTemplate\":\"https:\\\/\\\/loftypods.com\\\/fr\\\/?s={search_term_string}\"},\"query-input\":{\"@type\":\"PropertyValueSpecification\",\"valueRequired\":true,\"valueName\":\"search_term_string\"}}],\"inLanguage\":\"fr-FR\"},{\"@type\":\"Organization\",\"@id\":\"https:\\\/\\\/loftypods.com\\\/fr\\\/#organization\",\"name\":\"Lofty Pod modular homes\",\"url\":\"https:\\\/\\\/loftypods.com\\\/fr\\\/\",\"logo\":{\"@type\":\"ImageObject\",\"inLanguage\":\"fr-FR\",\"@id\":\"https:\\\/\\\/loftypods.com\\\/fr\\\/#\\\/schema\\\/logo\\\/image\\\/\",\"url\":\"https:\\\/\\\/loftypods.com\\\/wp-content\\\/uploads\\\/2020\\\/04\\\/LOFTY-TONE-1.png?v=1593034548\",\"contentUrl\":\"https:\\\/\\\/loftypods.com\\\/wp-content\\\/uploads\\\/2020\\\/04\\\/LOFTY-TONE-1.png?v=1593034548\",\"width\":225,\"height\":72,\"caption\":\"Lofty Pod modular homes\"},\"image\":{\"@id\":\"https:\\\/\\\/loftypods.com\\\/fr\\\/#\\\/schema\\\/logo\\\/image\\\/\"},\"sameAs\":[\"https:\\\/\\\/www.facebook.com\\\/Loftypods-102210318534979\\\/\",\"https:\\\/\\\/www.instagram.com\\\/loftypods\\\/?hl=en\",\"https:\\\/\\\/www.linkedin.com\\\/in\\\/lofty-pods\\\/\",\"https:\\\/\\\/www.pinterest.ca\\\/loftypods\\\/\"]}]}<\/script>\n<!-- \/ Yoast SEO Premium plugin. -->","yoast_head_json":{"title":"Maisons modulaires Qu\u00e9bec: ne sacrifiez pas la qualit\u00e9 pour l\u2019abordabilit\u00e9.","description":"Lorsque vous choisissez Lofty Pod, les maisons modulaires Qu\u00e9bec, vous ne sacrifiez pas la qualit\u00e9 pour l\u2019abordabilit\u00e9.","robots":{"index":"index","follow":"follow","max-snippet":"max-snippet:-1","max-image-preview":"max-image-preview:large","max-video-preview":"max-video-preview:-1"},"canonical":"https:\/\/loftypods.com\/fr\/nos-pods\/efficacite\/","og_locale":"fr_FR","og_type":"article","og_title":"Efficacit\u00e9","og_description":"Lorsque vous choisissez Lofty Pod, les maisons modulaires Qu\u00e9bec, vous ne sacrifiez pas la qualit\u00e9 pour l\u2019abordabilit\u00e9.","og_url":"https:\/\/loftypods.com\/fr\/nos-pods\/efficacite\/","og_site_name":"LoftyPod modular homes","article_publisher":"https:\/\/www.facebook.com\/Loftypods-102210318534979\/","article_modified_time":"2021-03-03T16:26:50+00:00","og_image":[{"width":1500,"height":843,"url":"https:\/\/loftypods.com\/wp-content\/uploads\/2021\/03\/loftypod-modular-homes-quebec.jpg","type":"image\/jpeg"}],"twitter_card":"summary_large_image","twitter_misc":{"Dur\u00e9e de lecture estim\u00e9e":"4 minutes"},"schema":{"@context":"https:\/\/schema.org","@graph":[{"@type":"WebPage","@id":"https:\/\/loftypods.com\/fr\/nos-pods\/efficacite\/","url":"https:\/\/loftypods.com\/fr\/nos-pods\/efficacite\/","name":"Maisons modulaires Qu\u00e9bec: ne sacrifiez pas la qualit\u00e9 pour l\u2019abordabilit\u00e9.","isPartOf":{"@id":"https:\/\/loftypods.com\/fr\/#website"},"datePublished":"2021-03-03T14:49:15+00:00","dateModified":"2021-03-03T16:26:50+00:00","description":"Lorsque vous choisissez Lofty Pod, les maisons modulaires Qu\u00e9bec, vous ne sacrifiez pas la qualit\u00e9 pour l\u2019abordabilit\u00e9.","breadcrumb":{"@id":"https:\/\/loftypods.com\/fr\/nos-pods\/efficacite\/#breadcrumb"},"inLanguage":"fr-FR","potentialAction":[{"@type":"ReadAction","target":["https:\/\/loftypods.com\/fr\/nos-pods\/efficacite\/"]}]},{"@type":"BreadcrumbList","@id":"https:\/\/loftypods.com\/fr\/nos-pods\/efficacite\/#breadcrumb","itemListElement":[{"@type":"ListItem","position":1,"name":"Home","item":"https:\/\/loftypods.com\/fr\/"},{"@type":"ListItem","position":2,"name":"NOS PODS","item":"https:\/\/loftypods.com\/fr\/our-pods\/"},{"@type":"ListItem","position":3,"name":"Efficacit\u00e9"}]},{"@type":"WebSite","@id":"https:\/\/loftypods.com\/fr\/#website","url":"https:\/\/loftypods.com\/fr\/","name":"LoftyPods modular homes Quebec","description":"highest quality modular homes in Quebec","publisher":{"@id":"https:\/\/loftypods.com\/fr\/#organization"},"potentialAction":[{"@type":"SearchAction","target":{"@type":"EntryPoint","urlTemplate":"https:\/\/loftypods.com\/fr\/?s={search_term_string}"},"query-input":{"@type":"PropertyValueSpecification","valueRequired":true,"valueName":"search_term_string"}}],"inLanguage":"fr-FR"},{"@type":"Organization","@id":"https:\/\/loftypods.com\/fr\/#organization","name":"Lofty Pod modular homes","url":"https:\/\/loftypods.com\/fr\/","logo":{"@type":"ImageObject","inLanguage":"fr-FR","@id":"https:\/\/loftypods.com\/fr\/#\/schema\/logo\/image\/","url":"https:\/\/loftypods.com\/wp-content\/uploads\/2020\/04\/LOFTY-TONE-1.png?v=1593034548","contentUrl":"https:\/\/loftypods.com\/wp-content\/uploads\/2020\/04\/LOFTY-TONE-1.png?v=1593034548","width":225,"height":72,"caption":"Lofty Pod modular homes"},"image":{"@id":"https:\/\/loftypods.com\/fr\/#\/schema\/logo\/image\/"},"sameAs":["https:\/\/www.facebook.com\/Loftypods-102210318534979\/","https:\/\/www.instagram.com\/loftypods\/?hl=en","https:\/\/www.linkedin.com\/in\/lofty-pods\/","https:\/\/www.pinterest.ca\/loftypods\/"]}]}},"jetpack_sharing_enabled":true,"_links":{"self":[{"href":"https:\/\/loftypods.com\/fr\/wp-json\/wp\/v2\/pages\/14547","targetHints":{"allow":["GET"]}}],"collection":[{"href":"https:\/\/loftypods.com\/fr\/wp-json\/wp\/v2\/pages"}],"about":[{"href":"https:\/\/loftypods.com\/fr\/wp-json\/wp\/v2\/types\/page"}],"author":[{"embeddable":true,"href":"https:\/\/loftypods.com\/fr\/wp-json\/wp\/v2\/users\/1"}],"replies":[{"embeddable":true,"href":"https:\/\/loftypods.com\/fr\/wp-json\/wp\/v2\/comments?post=14547"}],"version-history":[{"count":4,"href":"https:\/\/loftypods.com\/fr\/wp-json\/wp\/v2\/pages\/14547\/revisions"}],"predecessor-version":[{"id":14567,"href":"https:\/\/loftypods.com\/fr\/wp-json\/wp\/v2\/pages\/14547\/revisions\/14567"}],"up":[{"embeddable":true,"href":"https:\/\/loftypods.com\/fr\/wp-json\/wp\/v2\/pages\/3470"}],"wp:attachment":[{"href":"https:\/\/loftypods.com\/fr\/wp-json\/wp\/v2\/media?parent=14547"}],"curies":[{"name":"wp","href":"https:\/\/api.w.org\/{rel}","templated":true}]}}