{"id":14551,"date":"2021-03-03T15:04:38","date_gmt":"2021-03-03T15:04:38","guid":{"rendered":"https:\/\/loftypods.com\/nos-pods\/rapidite\/"},"modified":"2021-03-03T16:23:24","modified_gmt":"2021-03-03T16:23:24","slug":"rapidite","status":"publish","type":"page","link":"https:\/\/loftypods.com\/fr\/nos-pods\/rapidite\/","title":{"rendered":"Rapidit\u00e9"},"content":{"rendered":"<div class=\"wpb-content-wrapper\"><p>[vc_row full_width=\u00a0\u00bbstretch_row\u00a0\u00bb css=\u00a0\u00bb.vc_custom_1591637536209{padding-top: 25px !important;}\u00a0\u00bb][vc_column]<div id=\"ultimate-heading-469969deb0c77c794\" class=\"uvc-heading ult-adjust-bottom-margin ultimate-heading-469969deb0c77c794 uvc-8085 \" data-hspacer=\"no_spacer\"  data-halign=\"center\" style=\"text-align:center\"><div class=\"uvc-heading-spacer no_spacer\" style=\"top\"><\/div><div class=\"uvc-sub-heading ult-responsive\"  data-ultimate-target='.uvc-heading.ultimate-heading-469969deb0c77c794 .uvc-sub-heading '  data-responsive-json-new='{\"font-size\":\"desktop:24px;\",\"line-height\":\"desktop:36px;\"}'  style=\"font-family:&#039;Poppins&#039;;font-weight:500;color:#2f4858;\"><\/p>\n<p style=\"text-align: center;\">LoftyPod, mini-maison pr\u00e9fabriqu\u00e9es Quebec<\/p>\n<p style=\"text-align: center;\">peuvent \u00eatre construits en 9 semaines.<\/p>\n<p><\/div><\/div>[\/vc_column][\/vc_row][vc_row full_width=\u00a0\u00bbstretch_row\u00a0\u00bb css=\u00a0\u00bb.vc_custom_1591712826081{padding-top: 20px !important;padding-bottom: 10px !important;}\u00a0\u00bb][vc_column]<div id=\"ultimate-heading-901369deb0c77c844\" class=\"uvc-heading ult-adjust-bottom-margin ultimate-heading-901369deb0c77c844 uvc-7789 \" data-hspacer=\"no_spacer\"  data-halign=\"left\" style=\"text-align:left\"><div class=\"uvc-heading-spacer no_spacer\" style=\"top\"><\/div><div class=\"uvc-sub-heading ult-responsive\"  data-ultimate-target='.uvc-heading.ultimate-heading-901369deb0c77c844 .uvc-sub-heading '  data-responsive-json-new='{\"font-size\":\"\",\"line-height\":\"\"}'  style=\"font-weight:normal;\"><\/p>\n<p style=\"text-align: justify;\">Nos mini-maison pr\u00e9fabriqu\u00e9es Quebec sont livr\u00e9es \u00e0 90% dans une fraction du temps qu\u2019il faut pour construire une maison traditionnelle. Gr\u00e2ce \u00e0 une planification minutieuse, vous pouvez habiter votre nouvelle maison modulaire en six semaines environ. Nos maisons sont construites en usine, ce qui signifie qu\u2019il n\u2019y a pas de retards ou d\u2019interruptions impr\u00e9vus du d\u00e9but \u00e0 la fin de la construction.<\/p>\n<p style=\"text-align: justify;\">Gr\u00e2ce \u00e0 la construction en usine, il n\u2019y a pas de retards, de vols de mat\u00e9riel ou de dommages dus aux intemp\u00e9ries. Avec les m\u00e9thodes de construction traditionnelles, les travaux sont souvent interrompus en raison des intemp\u00e9ries, de l\u2019absence des sous-traitants ou de retards dans la livraison des mat\u00e9riaux.<\/p>\n<p style=\"text-align: justify;\">Nos petites maisons LoftyPod au Qu\u00e9bec sont construites en usine pendant que votre terrain est pr\u00e9par\u00e9. Comme la construction et la pr\u00e9paration du terrain se font simultan\u00e9ment, vous gagnez du temps.<\/p>\n<p style=\"text-align: justify;\">En outre, la construction d\u2019une maison dans une usine int\u00e9rieure climatis\u00e9e est \u00e9galement plus rapide que la construction sur le site, o\u00f9 les conditions m\u00e9t\u00e9orologiques et les p\u00e9nuries d\u2019approvisionnement peuvent ralentir le processus. Et bien que votre maison soit achev\u00e9e rapidement, des mat\u00e9riaux de qualit\u00e9 et une attention particuli\u00e8re aux d\u00e9tails sont int\u00e9gr\u00e9s dans chaque maison.<\/p>\n<p><\/div><\/div>[\/vc_column][\/vc_row][vc_row full_width=\u00a0\u00bbstretch_row\u00a0\u00bb css=\u00a0\u00bb.vc_custom_1591795382618{margin-bottom: 90px !important;padding-bottom: 10px !important;}\u00a0\u00bb][vc_column]<div id=\"ultimate-heading-262669deb0c77c8a6\" class=\"uvc-heading ult-adjust-bottom-margin ultimate-heading-262669deb0c77c8a6 uvc-3203 \" data-hspacer=\"no_spacer\"  data-halign=\"left\" style=\"text-align:left\"><div class=\"uvc-heading-spacer no_spacer\" style=\"top\"><\/div><div class=\"uvc-main-heading ult-responsive\"  data-ultimate-target='.uvc-heading.ultimate-heading-262669deb0c77c8a6 h2'  data-responsive-json-new='{\"font-size\":\"desktop:18px;\",\"line-height\":\"\"}' ><h2 style=\"font-family:&#039;Poppins&#039;;font-weight:600;color:#2f4858;margin-bottom:10px;\">LA RAPIDIT\u00c9 DE CONSTRUCTION<\/h2><\/div><\/div><div class=\"standard-arrow bullet-top\"><ul>\n<li style=\"font-weight: 400;\" aria-level=\"1\"><span style=\"font-weight: 400;\">Nos petites maisons peuvent \u00eatre construites 75% plus rapidement que les maisons traditionnelles construites sur place.\u00a0<\/span><\/li>\n<li style=\"font-weight: 400;\" aria-level=\"1\"><span style=\"font-weight: 400;\">La construction en usine \u00e9limine tout retard d\u00fb aux conditions m\u00e9t\u00e9orologiques.<\/span><\/li>\n<li style=\"font-weight: 400;\" aria-level=\"1\"><span style=\"font-weight: 400;\">La pr\u00e9paration du terrain se fait en m\u00eame temps que la construction de votre maison.<\/span><\/li>\n<li style=\"font-weight: 400;\" aria-level=\"1\"><span style=\"font-weight: 400;\">Les composants pr\u00e9fabriqu\u00e9s r\u00e9duisent le temps de construction.<\/span><\/li>\n<\/ul>\n<\/div>[\/vc_column][\/vc_row][vc_row bg_type=\u00a0\u00bbbg_color\u00a0\u00bb bg_override=\u00a0\u00bbex-full\u00a0\u00bb css=\u00a0\u00bb.vc_custom_1593735836804{padding-top: 25px !important;}\u00a0\u00bb bg_color_value=\u00a0\u00bb#d7bdae\u00a0\u00bb][vc_column][vc_row_inner][vc_column_inner width=\u00a0\u00bb2\/3&Prime;]<div id=\"ultimate-heading-577469deb0c77c9cb\" class=\"uvc-heading ult-adjust-bottom-margin ultimate-heading-577469deb0c77c9cb uvc-1162 \" data-hspacer=\"no_spacer\"  data-halign=\"center\" style=\"text-align:center\"><div class=\"uvc-heading-spacer no_spacer\" style=\"top\"><\/div><div class=\"uvc-sub-heading ult-responsive\"  data-ultimate-target='.uvc-heading.ultimate-heading-577469deb0c77c9cb .uvc-sub-heading '  data-responsive-json-new='{\"font-size\":\"desktop:26px;\",\"line-height\":\"\"}'  style=\"font-family:&#039;Poppins&#039;;font-weight:normal;color:#ffffff;margin-top:15px;\">Voir notre s\u00e9lection de maisons \u00ab lofty pods \u00bb<\/div><\/div>[\/vc_column_inner][vc_column_inner width=\u00a0\u00bb1\/3&Prime;]<div class=\" ubtn-ctn-left \"><a class=\"ubtn-link ult-adjust-bottom-margin ubtn-left ubtn-normal \" href=\"https:\/\/loftypods.com\/fr\/maisons-pod\/\" rel=\"nofollow \" ><button type=\"button\" id=\"ubtn-3918\"  class=\"ubtn ult-adjust-bottom-margin ult-responsive ubtn-normal ubtn-top-bg  none  ubtn-left   tooltip-69deb0c77ca4e\"  data-hover=\"#d7bdae\" data-border-color=\"#ffffff\" data-bg=\"#d7bdae\" data-hover-bg=\"#ffffff\" data-border-hover=\"#ffffff\" data-shadow-hover=\"\" data-shadow-click=\"none\" data-shadow=\"\" data-shd-shadow=\"\"  data-ultimate-target='#ubtn-3918'  data-responsive-json-new='{\"font-size\":\"desktop:14px;\",\"line-height\":\"\"}'  style=\"font-family:&#039;Poppins&#039;;font-weight:600;border-radius:px;border-width:3px;border-color:#ffffff;border-style:solid;background: #d7bdae;color: #ffffff;\"><span class=\"ubtn-hover\" style=\"background-color:#ffffff\"><\/span><span class=\"ubtn-data ubtn-text \" >MAISONS \u00abLOFTY POD\u00bb<\/span><\/button><\/a><\/div>[\/vc_column_inner][\/vc_row_inner][\/vc_column][\/vc_row]<\/p>\n<\/div>","protected":false},"excerpt":{"rendered":"<p>[vc_row full_width=\u00a0\u00bbstretch_row\u00a0\u00bb css=\u00a0\u00bb.vc_custom_1591637536209{padding-top: 25px !important;}\u00a0\u00bb][vc_column][\/vc_column][\/vc_row][vc_row full_width=\u00a0\u00bbstretch_row\u00a0\u00bb css=\u00a0\u00bb.vc_custom_1591712826081{padding-top: 20px !important;padding-bottom: 10px !important;}\u00a0\u00bb][vc_column][\/vc_column][\/vc_row][vc_row full_width=\u00a0\u00bbstretch_row\u00a0\u00bb css=\u00a0\u00bb.vc_custom_1591795382618{margin-bottom: 90px !important;padding-bottom: 10px !important;}\u00a0\u00bb][vc_column][\/vc_column][\/vc_row][vc_row bg_type=\u00a0\u00bbbg_color\u00a0\u00bb bg_override=\u00a0\u00bbex-full\u00a0\u00bb css=\u00a0\u00bb.vc_custom_1593735836804{padding-top: 25px !important;}\u00a0\u00bb bg_color_value=\u00a0\u00bb#d7bdae\u00a0\u00bb][vc_column][vc_row_inner][vc_column_inner width=\u00a0\u00bb2\/3&Prime;][\/vc_column_inner][vc_column_inner width=\u00a0\u00bb1\/3&Prime;][\/vc_column_inner][\/vc_row_inner][\/vc_column][\/vc_row]<\/p>\n","protected":false},"author":1,"featured_media":0,"parent":3470,"menu_order":0,"comment_status":"closed","ping_status":"closed","template":"","meta":{"footnotes":""},"class_list":["post-14551","page","type-page","status-publish","hentry","description-off"],"yoast_head":"<!-- This site is optimized with the Yoast SEO Premium plugin v22.0 (Yoast SEO v27.4) - https:\/\/yoast.com\/product\/yoast-seo-premium-wordpress\/ -->\n<title>LoftyPod, mini-maison pr\u00e9fabriqu\u00e9es Quebec<\/title>\n<meta name=\"description\" content=\"LoftyPod, mini-maison pr\u00e9fabriqu\u00e9es Quebec peuvent \u00eatre construits en 9 semaines.\" \/>\n<meta name=\"robots\" content=\"index, follow, max-snippet:-1, max-image-preview:large, max-video-preview:-1\" \/>\n<link rel=\"canonical\" href=\"https:\/\/loftypods.com\/fr\/nos-pods\/rapidite\/\" \/>\n<meta property=\"og:locale\" content=\"fr_FR\" \/>\n<meta property=\"og:type\" content=\"article\" \/>\n<meta property=\"og:title\" content=\"Rapidit\u00e9\" \/>\n<meta property=\"og:description\" content=\"LoftyPod, mini-maison pr\u00e9fabriqu\u00e9es Quebec peuvent \u00eatre construits en 9 semaines.\" \/>\n<meta property=\"og:url\" content=\"https:\/\/loftypods.com\/fr\/nos-pods\/rapidite\/\" \/>\n<meta property=\"og:site_name\" content=\"LoftyPod modular homes\" \/>\n<meta property=\"article:publisher\" content=\"https:\/\/www.facebook.com\/Loftypods-102210318534979\/\" \/>\n<meta property=\"article:modified_time\" content=\"2021-03-03T16:23:24+00:00\" \/>\n<meta property=\"og:image\" content=\"https:\/\/loftypods.com\/wp-content\/uploads\/2021\/03\/loftypod-modular-homes-quebec.jpg\" \/>\n\t<meta property=\"og:image:width\" content=\"1500\" \/>\n\t<meta property=\"og:image:height\" content=\"843\" \/>\n\t<meta property=\"og:image:type\" content=\"image\/jpeg\" \/>\n<meta name=\"twitter:card\" content=\"summary_large_image\" \/>\n<meta name=\"twitter:label1\" content=\"Dur\u00e9e de lecture estim\u00e9e\" \/>\n\t<meta name=\"twitter:data1\" content=\"2 minutes\" \/>\n<script type=\"application\/ld+json\" class=\"yoast-schema-graph\">{\"@context\":\"https:\\\/\\\/schema.org\",\"@graph\":[{\"@type\":\"WebPage\",\"@id\":\"https:\\\/\\\/loftypods.com\\\/fr\\\/nos-pods\\\/rapidite\\\/\",\"url\":\"https:\\\/\\\/loftypods.com\\\/fr\\\/nos-pods\\\/rapidite\\\/\",\"name\":\"LoftyPod, mini-maison pr\u00e9fabriqu\u00e9es Quebec\",\"isPartOf\":{\"@id\":\"https:\\\/\\\/loftypods.com\\\/fr\\\/#website\"},\"datePublished\":\"2021-03-03T15:04:38+00:00\",\"dateModified\":\"2021-03-03T16:23:24+00:00\",\"description\":\"LoftyPod, mini-maison pr\u00e9fabriqu\u00e9es Quebec peuvent \u00eatre construits en 9 semaines.\",\"breadcrumb\":{\"@id\":\"https:\\\/\\\/loftypods.com\\\/fr\\\/nos-pods\\\/rapidite\\\/#breadcrumb\"},\"inLanguage\":\"fr-FR\",\"potentialAction\":[{\"@type\":\"ReadAction\",\"target\":[\"https:\\\/\\\/loftypods.com\\\/fr\\\/nos-pods\\\/rapidite\\\/\"]}]},{\"@type\":\"BreadcrumbList\",\"@id\":\"https:\\\/\\\/loftypods.com\\\/fr\\\/nos-pods\\\/rapidite\\\/#breadcrumb\",\"itemListElement\":[{\"@type\":\"ListItem\",\"position\":1,\"name\":\"Home\",\"item\":\"https:\\\/\\\/loftypods.com\\\/fr\\\/\"},{\"@type\":\"ListItem\",\"position\":2,\"name\":\"NOS PODS\",\"item\":\"https:\\\/\\\/loftypods.com\\\/fr\\\/our-pods\\\/\"},{\"@type\":\"ListItem\",\"position\":3,\"name\":\"Rapidit\u00e9\"}]},{\"@type\":\"WebSite\",\"@id\":\"https:\\\/\\\/loftypods.com\\\/fr\\\/#website\",\"url\":\"https:\\\/\\\/loftypods.com\\\/fr\\\/\",\"name\":\"LoftyPods modular homes Quebec\",\"description\":\"highest quality modular homes in Quebec\",\"publisher\":{\"@id\":\"https:\\\/\\\/loftypods.com\\\/fr\\\/#organization\"},\"potentialAction\":[{\"@type\":\"SearchAction\",\"target\":{\"@type\":\"EntryPoint\",\"urlTemplate\":\"https:\\\/\\\/loftypods.com\\\/fr\\\/?s={search_term_string}\"},\"query-input\":{\"@type\":\"PropertyValueSpecification\",\"valueRequired\":true,\"valueName\":\"search_term_string\"}}],\"inLanguage\":\"fr-FR\"},{\"@type\":\"Organization\",\"@id\":\"https:\\\/\\\/loftypods.com\\\/fr\\\/#organization\",\"name\":\"Lofty Pod modular homes\",\"url\":\"https:\\\/\\\/loftypods.com\\\/fr\\\/\",\"logo\":{\"@type\":\"ImageObject\",\"inLanguage\":\"fr-FR\",\"@id\":\"https:\\\/\\\/loftypods.com\\\/fr\\\/#\\\/schema\\\/logo\\\/image\\\/\",\"url\":\"https:\\\/\\\/loftypods.com\\\/wp-content\\\/uploads\\\/2020\\\/04\\\/LOFTY-TONE-1.png?v=1593034548\",\"contentUrl\":\"https:\\\/\\\/loftypods.com\\\/wp-content\\\/uploads\\\/2020\\\/04\\\/LOFTY-TONE-1.png?v=1593034548\",\"width\":225,\"height\":72,\"caption\":\"Lofty Pod modular homes\"},\"image\":{\"@id\":\"https:\\\/\\\/loftypods.com\\\/fr\\\/#\\\/schema\\\/logo\\\/image\\\/\"},\"sameAs\":[\"https:\\\/\\\/www.facebook.com\\\/Loftypods-102210318534979\\\/\",\"https:\\\/\\\/www.instagram.com\\\/loftypods\\\/?hl=en\",\"https:\\\/\\\/www.linkedin.com\\\/in\\\/lofty-pods\\\/\",\"https:\\\/\\\/www.pinterest.ca\\\/loftypods\\\/\"]}]}<\/script>\n<!-- \/ Yoast SEO Premium plugin. -->","yoast_head_json":{"title":"LoftyPod, mini-maison pr\u00e9fabriqu\u00e9es Quebec","description":"LoftyPod, mini-maison pr\u00e9fabriqu\u00e9es Quebec peuvent \u00eatre construits en 9 semaines.","robots":{"index":"index","follow":"follow","max-snippet":"max-snippet:-1","max-image-preview":"max-image-preview:large","max-video-preview":"max-video-preview:-1"},"canonical":"https:\/\/loftypods.com\/fr\/nos-pods\/rapidite\/","og_locale":"fr_FR","og_type":"article","og_title":"Rapidit\u00e9","og_description":"LoftyPod, mini-maison pr\u00e9fabriqu\u00e9es Quebec peuvent \u00eatre construits en 9 semaines.","og_url":"https:\/\/loftypods.com\/fr\/nos-pods\/rapidite\/","og_site_name":"LoftyPod modular homes","article_publisher":"https:\/\/www.facebook.com\/Loftypods-102210318534979\/","article_modified_time":"2021-03-03T16:23:24+00:00","og_image":[{"width":1500,"height":843,"url":"https:\/\/loftypods.com\/wp-content\/uploads\/2021\/03\/loftypod-modular-homes-quebec.jpg","type":"image\/jpeg"}],"twitter_card":"summary_large_image","twitter_misc":{"Dur\u00e9e de lecture estim\u00e9e":"2 minutes"},"schema":{"@context":"https:\/\/schema.org","@graph":[{"@type":"WebPage","@id":"https:\/\/loftypods.com\/fr\/nos-pods\/rapidite\/","url":"https:\/\/loftypods.com\/fr\/nos-pods\/rapidite\/","name":"LoftyPod, mini-maison pr\u00e9fabriqu\u00e9es Quebec","isPartOf":{"@id":"https:\/\/loftypods.com\/fr\/#website"},"datePublished":"2021-03-03T15:04:38+00:00","dateModified":"2021-03-03T16:23:24+00:00","description":"LoftyPod, mini-maison pr\u00e9fabriqu\u00e9es Quebec peuvent \u00eatre construits en 9 semaines.","breadcrumb":{"@id":"https:\/\/loftypods.com\/fr\/nos-pods\/rapidite\/#breadcrumb"},"inLanguage":"fr-FR","potentialAction":[{"@type":"ReadAction","target":["https:\/\/loftypods.com\/fr\/nos-pods\/rapidite\/"]}]},{"@type":"BreadcrumbList","@id":"https:\/\/loftypods.com\/fr\/nos-pods\/rapidite\/#breadcrumb","itemListElement":[{"@type":"ListItem","position":1,"name":"Home","item":"https:\/\/loftypods.com\/fr\/"},{"@type":"ListItem","position":2,"name":"NOS PODS","item":"https:\/\/loftypods.com\/fr\/our-pods\/"},{"@type":"ListItem","position":3,"name":"Rapidit\u00e9"}]},{"@type":"WebSite","@id":"https:\/\/loftypods.com\/fr\/#website","url":"https:\/\/loftypods.com\/fr\/","name":"LoftyPods modular homes Quebec","description":"highest quality modular homes in Quebec","publisher":{"@id":"https:\/\/loftypods.com\/fr\/#organization"},"potentialAction":[{"@type":"SearchAction","target":{"@type":"EntryPoint","urlTemplate":"https:\/\/loftypods.com\/fr\/?s={search_term_string}"},"query-input":{"@type":"PropertyValueSpecification","valueRequired":true,"valueName":"search_term_string"}}],"inLanguage":"fr-FR"},{"@type":"Organization","@id":"https:\/\/loftypods.com\/fr\/#organization","name":"Lofty Pod modular homes","url":"https:\/\/loftypods.com\/fr\/","logo":{"@type":"ImageObject","inLanguage":"fr-FR","@id":"https:\/\/loftypods.com\/fr\/#\/schema\/logo\/image\/","url":"https:\/\/loftypods.com\/wp-content\/uploads\/2020\/04\/LOFTY-TONE-1.png?v=1593034548","contentUrl":"https:\/\/loftypods.com\/wp-content\/uploads\/2020\/04\/LOFTY-TONE-1.png?v=1593034548","width":225,"height":72,"caption":"Lofty Pod modular homes"},"image":{"@id":"https:\/\/loftypods.com\/fr\/#\/schema\/logo\/image\/"},"sameAs":["https:\/\/www.facebook.com\/Loftypods-102210318534979\/","https:\/\/www.instagram.com\/loftypods\/?hl=en","https:\/\/www.linkedin.com\/in\/lofty-pods\/","https:\/\/www.pinterest.ca\/loftypods\/"]}]}},"jetpack_sharing_enabled":true,"_links":{"self":[{"href":"https:\/\/loftypods.com\/fr\/wp-json\/wp\/v2\/pages\/14551","targetHints":{"allow":["GET"]}}],"collection":[{"href":"https:\/\/loftypods.com\/fr\/wp-json\/wp\/v2\/pages"}],"about":[{"href":"https:\/\/loftypods.com\/fr\/wp-json\/wp\/v2\/types\/page"}],"author":[{"embeddable":true,"href":"https:\/\/loftypods.com\/fr\/wp-json\/wp\/v2\/users\/1"}],"replies":[{"embeddable":true,"href":"https:\/\/loftypods.com\/fr\/wp-json\/wp\/v2\/comments?post=14551"}],"version-history":[{"count":6,"href":"https:\/\/loftypods.com\/fr\/wp-json\/wp\/v2\/pages\/14551\/revisions"}],"predecessor-version":[{"id":14566,"href":"https:\/\/loftypods.com\/fr\/wp-json\/wp\/v2\/pages\/14551\/revisions\/14566"}],"up":[{"embeddable":true,"href":"https:\/\/loftypods.com\/fr\/wp-json\/wp\/v2\/pages\/3470"}],"wp:attachment":[{"href":"https:\/\/loftypods.com\/fr\/wp-json\/wp\/v2\/media?parent=14551"}],"curies":[{"name":"wp","href":"https:\/\/api.w.org\/{rel}","templated":true}]}}