{"id":14585,"date":"2021-03-03T20:05:36","date_gmt":"2021-03-03T20:05:36","guid":{"rendered":"https:\/\/loftypods.com\/fondation\/"},"modified":"2021-03-05T14:19:53","modified_gmt":"2021-03-05T14:19:53","slug":"fondation","status":"publish","type":"page","link":"https:\/\/loftypods.com\/fr\/fondation\/","title":{"rendered":"Fondation"},"content":{"rendered":"<div class=\"wpb-content-wrapper\"><p>[vc_row css=\u00a0\u00bb.vc_custom_1594262826455{padding-top: 25px !important;}\u00a0\u00bb][vc_column width=\u00a0\u00bb1\/6&Prime;][\/vc_column][vc_column width=\u00a0\u00bb2\/3&Prime;]<div id=\"ultimate-heading-990669e4840d5c2ab\" class=\"uvc-heading ult-adjust-bottom-margin ultimate-heading-990669e4840d5c2ab uvc-5283 \" data-hspacer=\"no_spacer\"  data-halign=\"left\" style=\"text-align:left\"><div class=\"uvc-heading-spacer no_spacer\" style=\"top\"><\/div><div class=\"uvc-sub-heading ult-responsive\"  data-ultimate-target='.uvc-heading.ultimate-heading-990669e4840d5c2ab .uvc-sub-heading '  data-responsive-json-new='{\"font-size\":\"desktop:22px;\",\"line-height\":\"\"}'  style=\"font-family:&#039;Poppins&#039;;font-weight:500;color:#3d5463;margin-top:25px;margin-bottom:20px;\"><\/p>\n<p style=\"text-align: center;\">La fondation est probablement la partie la plus importante dans la construction d\u2019une maison.<\/p>\n<p><\/div><\/div>[\/vc_column][vc_column width=\u00a0\u00bb1\/6&Prime;][\/vc_column][\/vc_row][vc_row css=\u00a0\u00bb.vc_custom_1592771079606{margin-bottom: 100px !important;padding-top: 20px !important;padding-bottom: 50px !important;}\u00a0\u00bb][vc_column width=\u00a0\u00bb1\/6&Prime;][\/vc_column][vc_column width=\u00a0\u00bb2\/3&Prime;][vc_column_text]<\/p>\n<p style=\"text-align: justify;\">La fondation est probablement la partie la plus importante dans la construction d\u2019une maison, elle soutient toute la structure d\u2019une maison, c\u2019est pourquoi elle doit \u00eatre tr\u00e8s solide. Au Qu\u00e9bec, votre maison et ses fondations seront expos\u00e9es \u00e0 de nombreux \u00e9l\u00e9ments, dont le gel et la glace, et il est important qu\u2019elles soient suffisamment solides pour r\u00e9sister \u00e0 ces facteurs.<\/p>\n<p style=\"text-align: justify;\">Nos pods sont relativement petits, mais ils n\u00e9cessitent tout de m\u00eame une fondation solide. Vous avez \u00e9galement besoin d\u2019une fondation adapt\u00e9e pour r\u00e9sister aux soul\u00e8vements dus au gel et aux lentilles de glace, qui sont un facteur environnemental perturbateur au Qu\u00e9bec. Plus important encore, vous aurez besoin d\u2019un syst\u00e8me de drainage qui \u00e9loigne l\u2019eau de la maison vers un drain d&rsquo;\u00e9gout ou une fosse pour \u00e9viter d\u2019affaiblir le sol sous et autour de la fondation.<\/p>\n<p>[\/vc_column_text][vc_column_text css=\u00a0\u00bb.vc_custom_1594912201154{padding-top: 15px !important;}\u00a0\u00bb]<\/p>\n<p style=\"text-align: justify;\">Nos pods peuvent \u00eatre construits sur des fondations traditionnelles en b\u00e9ton ou sur des pieux. La fondation que vous choisirez d\u00e9pendra du budget et doit \u00eatre adapt\u00e9e aux conditions de votre terrain qui peuvent inclure :<\/p>\n<ul>\n<li style=\"font-weight: 400;\" aria-level=\"1\"><span style=\"font-weight: 400;\">Un terrain montagneux<\/span><\/li>\n<li style=\"font-weight: 400;\" aria-level=\"1\"><span style=\"font-weight: 400;\">Avec de la terre molle<\/span><\/li>\n<li style=\"font-weight: 400;\" aria-level=\"1\"><span style=\"font-weight: 400;\">Pr\u00e8s d\u2019un lac ou d\u2019une rivi\u00e8re<\/span><\/li>\n<li style=\"font-weight: 400;\" aria-level=\"1\"><span style=\"font-weight: 400;\">Soumis \u00e0 de fortes pluies<\/span><\/li>\n<li style=\"font-weight: 400;\" aria-level=\"1\"><span style=\"font-weight: 400;\">Dans des conditions m\u00e9t\u00e9orologiques extr\u00eames (neige, gel, glace)<\/span><\/li>\n<li style=\"font-weight: 400;\" aria-level=\"1\"><span style=\"font-weight: 400;\">Loftypods con\u00e7oit des pods qui peuvent \u00eatre install\u00e9s sur des pieux ou des fondations de dalles de b\u00e9ton. Votre fondation n\u2019est pas incluse dans notre proposition, mais nous pouvons vous recommander des entreprises qui peuvent r\u00e9aliser votre fondation et nous vous aiderons tout au long du processus.<\/span><\/li>\n<\/ul>\n<p>[\/vc_column_text]<div id=\"ultimate-heading-605369e4840d5c36c\" class=\"uvc-heading ult-adjust-bottom-margin ultimate-heading-605369e4840d5c36c uvc-1998 \" data-hspacer=\"no_spacer\"  data-halign=\"left\" style=\"text-align:left\"><div class=\"uvc-heading-spacer no_spacer\" style=\"top\"><\/div><div class=\"uvc-sub-heading ult-responsive\"  data-ultimate-target='.uvc-heading.ultimate-heading-605369e4840d5c36c .uvc-sub-heading '  data-responsive-json-new='{\"font-size\":\"desktop:26px;\",\"line-height\":\"\"}'  style=\"font-family:&#039;Poppins&#039;;font-weight:300;color:#3d5463;margin-top:35px;margin-bottom:25px;\"><strong>TYPES DE FONDATIONSS<\/strong><\/div><\/div><div id=\"ultimate-heading-955069e4840d5c3e2\" class=\"uvc-heading ult-adjust-bottom-margin ultimate-heading-955069e4840d5c3e2 uvc-266 \" data-hspacer=\"no_spacer\"  data-halign=\"left\" style=\"text-align:left\"><div class=\"uvc-heading-spacer no_spacer\" style=\"top\"><\/div><div class=\"uvc-main-heading ult-responsive\"  data-ultimate-target='.uvc-heading.ultimate-heading-955069e4840d5c3e2 h2'  data-responsive-json-new='{\"font-size\":\"desktop:18px;\",\"line-height\":\"\"}' ><h2 style=\"font-family:&#039;Poppins&#039;;font-weight:600;color:#3d5463;\">FONDATION AVEC DALLE<\/h2><\/div><div class=\"uvc-sub-heading ult-responsive\"  data-ultimate-target='.uvc-heading.ultimate-heading-955069e4840d5c3e2 .uvc-sub-heading '  data-responsive-json-new='{\"font-size\":\"desktop:16px;\",\"line-height\":\"\"}'  style=\"font-family:&#039;Poppins&#039;;font-weight:normal;font-style:normal;margin-bottom:20px;\"><\/p>\n<p style=\"text-align: JUSTIFY;\"><img data-recalc-dims=\"1\" loading=\"lazy\" decoding=\"async\" class=\"alignright wp-image-5214\" src=\"https:\/\/i0.wp.com\/loftypods.com\/wp-content\/uploads\/2020\/07\/download-1.jpg?resize=196%2C152&#038;ssl=1\" alt=\"\" width=\"196\" height=\"152\" \/>Une fondation de type dalle sous une maison pr\u00e9fabriqu\u00e9e sert de plate-forme de soutien plut\u00f4t que de plancher. La dalle repose g\u00e9n\u00e9ralement sur le sol avec des ancrages au sol encastr\u00e9s dans le b\u00e9ton. Elle est isol\u00e9e sur tout son p\u00e9rim\u00e8tre, ce qui garde le sol sous la dalle plus chaud.<\/p>\n<p>Avantages des fondations sur dalle :<\/div><\/div><div class=\"standard-arrow bullet-top\"><ul>\n<li style=\"font-weight: 400;\" aria-level=\"1\"><span style=\"font-weight: 400;\">L\u2019un des syst\u00e8mes les plus abordables<\/span><\/li>\n<li style=\"font-weight: 400;\" aria-level=\"1\"><span style=\"font-weight: 400;\">Le temps n\u00e9cessaire \u00e0 cette fondation est minime<\/span><\/li>\n<li style=\"font-weight: 400;\" aria-level=\"1\"><span style=\"font-weight: 400;\">Une bonne isolation et des factures de chauffage et de climatisation r\u00e9duites au minimum<\/span><\/li>\n<li style=\"font-weight: 400;\" aria-level=\"1\"><span style=\"font-weight: 400;\">Moins de risques d\u2019inondations<\/span><\/li>\n<li style=\"font-weight: 400;\" aria-level=\"1\"><span style=\"font-weight: 400;\">Construites plus pr\u00e8s du sol pour faciliter l\u2019acc\u00e8s \u00e0 votre maison<\/span><\/li>\n<\/ul>\n<\/div><div id=\"ultimate-heading-563269e4840d5c549\" class=\"uvc-heading ult-adjust-bottom-margin ultimate-heading-563269e4840d5c549 uvc-4324 \" data-hspacer=\"no_spacer\"  data-halign=\"left\" style=\"text-align:left\"><div class=\"uvc-heading-spacer no_spacer\" style=\"top\"><\/div><div class=\"uvc-main-heading ult-responsive\"  data-ultimate-target='.uvc-heading.ultimate-heading-563269e4840d5c549 h2'  data-responsive-json-new='{\"font-size\":\"desktop:18px;\",\"line-height\":\"\"}' ><h2 style=\"font-family:&#039;Poppins&#039;;font-weight:600;color:#3d5463;margin-top:25px;margin-bottom:15px;\">FONDATION SUR PIEUX<\/h2><\/div><div class=\"uvc-sub-heading ult-responsive\"  data-ultimate-target='.uvc-heading.ultimate-heading-563269e4840d5c549 .uvc-sub-heading '  data-responsive-json-new='{\"font-size\":\"\",\"line-height\":\"\"}'  style=\"font-family:&#039;Poppins&#039;;font-weight:normal;font-style:normal;margin-bottom:20px;\"><\/p>\n<p style=\"text-align: JUSTIFY;\"><img data-recalc-dims=\"1\" loading=\"lazy\" decoding=\"async\" class=\"size-medium wp-image-5211 alignright\" src=\"https:\/\/i0.wp.com\/loftypods.com\/wp-content\/uploads\/2020\/07\/opt__aboutcom__coeus__resources__content_migration__treehugger__images__2011__10__helicalpile-9e04d6c589734815b742e60265503fbd.gif?resize=196%2C300&#038;ssl=1\" alt=\"\" width=\"196\" height=\"300\" \/>Les fondations sur pieux viss\u00e9s sont \u00e9galement connues sous le nom de pieux h\u00e9lico\u00efdaux, de piliers ou d\u2019ancrages \u00e0 vis. Les pieux viss\u00e9s sont consid\u00e9r\u00e9s comme l\u2019un des choix les plus \u00e9conomiques pour une fondation et leur installation peut prendre une journ\u00e9e seulement. Les pieux viss\u00e9s sont la solution id\u00e9ale si vous avez une couche sup\u00e9rieure de sol mou ou un terrain irr\u00e9gulier ou en pente.<\/p>\n<p style=\"text-align: justify;\">Les pieux sont enfonc\u00e9s dans le sol jusqu\u2019\u00e0 ce qu\u2019ils atteignent une couche de support plus solide. La mise en place de chaque pieu prend un temps minimal et l\u2019ensemble du processus n\u00e9cessite tr\u00e8s peu de travaux d\u2019excavation. Contrairement au b\u00e9ton, il n\u2019y a pas de temps de s\u00e9chage. Une maison peut \u00eatre plac\u00e9e sur les pieux imm\u00e9diatement apr\u00e8s leur mise en place.<\/p>\n<p>Avantages des fondations sur pieux :<\/div><\/div><div class=\"standard-arrow bullet-top\"><ul>\n<li style=\"font-weight: 400;\" aria-level=\"1\"><span style=\"font-weight: 400;\">Peuvent \u00eatre utilis\u00e9es dans tout type de sol<\/span><\/li>\n<li style=\"font-weight: 400;\" aria-level=\"1\"><span style=\"font-weight: 400;\">Plus rapide \u00e0 installer que les fondations en b\u00e9ton standard<\/span><\/li>\n<li style=\"font-weight: 400;\" aria-level=\"1\"><span style=\"font-weight: 400;\">Les installations peuvent \u00eatre effectu\u00e9es toute l\u2019ann\u00e9e<\/span><\/li>\n<li style=\"font-weight: 400;\" aria-level=\"1\"><span style=\"font-weight: 400;\">Install\u00e9es sur des sites \u00e9loign\u00e9s ou \u00e0 acc\u00e8s limit\u00e9<\/span><\/li>\n<li style=\"font-weight: 400;\" aria-level=\"1\"><span style=\"font-weight: 400;\">Con\u00e7ues pour tout type de capacit\u00e9 de charge<\/span><\/li>\n<li style=\"font-weight: 400;\" aria-level=\"1\"><span style=\"font-weight: 400;\">R\u00e9duction de l\u2019empreinte carbone<\/span><\/li>\n<\/ul>\n<\/div>[\/vc_column][vc_column width=\u00a0\u00bb1\/6&Prime;][\/vc_column][\/vc_row][vc_row full_width=\u00a0\u00bbstretch_row_content\u00a0\u00bb bg_type=\u00a0\u00bbbg_color\u00a0\u00bb bg_override=\u00a0\u00bbex-full\u00a0\u00bb css=\u00a0\u00bb.vc_custom_1593809640735{padding-top: 25px !important;}\u00a0\u00bb bg_color_value=\u00a0\u00bb#d7bdae\u00a0\u00bb][vc_column][vc_row_inner][vc_column_inner width=\u00a0\u00bb2\/3&Prime;]<div id=\"ultimate-heading-245169e4840d5c65c\" class=\"uvc-heading ult-adjust-bottom-margin ultimate-heading-245169e4840d5c65c uvc-2491 \" data-hspacer=\"no_spacer\"  data-halign=\"center\" style=\"text-align:center\"><div class=\"uvc-heading-spacer no_spacer\" style=\"top\"><\/div><div class=\"uvc-sub-heading ult-responsive\"  data-ultimate-target='.uvc-heading.ultimate-heading-245169e4840d5c65c .uvc-sub-heading '  data-responsive-json-new='{\"font-size\":\"desktop:26px;\",\"line-height\":\"\"}'  style=\"font-family:&#039;Poppins&#039;;font-weight:normal;color:#ffffff;margin-top:15px;\">Voir notre s\u00e9lection de maisons \u00ab lofty pods \u00bb<\/div><\/div>[\/vc_column_inner][vc_column_inner width=\u00a0\u00bb1\/3&Prime;]<div class=\" ubtn-ctn-left \"><button type=\"button\" id=\"ubtn-8372\"  class=\"ubtn ult-adjust-bottom-margin ult-responsive ubtn-normal ubtn-top-bg  none  ubtn-left   tooltip-69e4840d5c6ca\"  data-hover=\"#d7bdae\" data-border-color=\"#ffffff\" data-bg=\"#d7bdae\" data-hover-bg=\"#ffffff\" data-border-hover=\"#ffffff\" data-shadow-hover=\"\" data-shadow-click=\"none\" data-shadow=\"\" data-shd-shadow=\"\"  data-ultimate-target='#ubtn-8372'  data-responsive-json-new='{\"font-size\":\"desktop:14px;\",\"line-height\":\"\"}'  style=\"font-family:&#039;Poppins&#039;;font-weight:600;border-radius:px;border-width:3px;border-color:#ffffff;border-style:solid;background: #d7bdae;color: #ffffff;\"><span class=\"ubtn-hover\" style=\"background-color:#ffffff\"><\/span><span class=\"ubtn-data ubtn-text \" >MAISONS \u00abLOFTY POD\u00bb<\/span><\/button><\/div>[\/vc_column_inner][\/vc_row_inner][\/vc_column][\/vc_row]<\/p>\n<\/div>","protected":false},"excerpt":{"rendered":"<p>[vc_row css=\u00a0\u00bb.vc_custom_1594262826455{padding-top: 25px !important;}\u00a0\u00bb][vc_column width=\u00a0\u00bb1\/6&Prime;][\/vc_column][vc_column width=\u00a0\u00bb2\/3&Prime;][\/vc_column][vc_column width=\u00a0\u00bb1\/6&Prime;][\/vc_column][\/vc_row][vc_row css=\u00a0\u00bb.vc_custom_1592771079606{margin-bottom: 100px !important;padding-top: 20px !important;padding-bottom: 50px !important;}\u00a0\u00bb][vc_column width=\u00a0\u00bb1\/6&Prime;][\/vc_column][vc_column width=\u00a0\u00bb2\/3&Prime;][vc_column_text] La fondation est probablement la partie la plus importante dans la construction d\u2019une maison, elle soutient toute la structure d\u2019une maison, c\u2019est pourquoi elle doit \u00eatre tr\u00e8s solide. Au Qu\u00e9bec, votre maison et ses fondations seront expos\u00e9es \u00e0 de&hellip;<\/p>\n","protected":false},"author":1,"featured_media":0,"parent":0,"menu_order":0,"comment_status":"closed","ping_status":"closed","template":"","meta":{"footnotes":""},"class_list":["post-14585","page","type-page","status-publish","hentry","description-off"],"yoast_head":"<!-- This site is optimized with the Yoast SEO Premium plugin v22.0 (Yoast SEO v27.4) - https:\/\/yoast.com\/product\/yoast-seo-premium-wordpress\/ -->\n<title>Lofty Pods : maisons modulaires \u00e0 vendre au Qu\u00e9bec<\/title>\n<meta name=\"description\" content=\"maisons modulaires \u00e0 vendre au Qu\u00e9bec\" \/>\n<meta name=\"robots\" content=\"index, follow, max-snippet:-1, max-image-preview:large, max-video-preview:-1\" \/>\n<link rel=\"canonical\" href=\"https:\/\/loftypods.com\/fr\/fondation\/\" \/>\n<meta property=\"og:locale\" content=\"fr_FR\" \/>\n<meta property=\"og:type\" content=\"article\" \/>\n<meta property=\"og:title\" content=\"Fondation\" \/>\n<meta property=\"og:description\" content=\"maisons modulaires \u00e0 vendre au Qu\u00e9bec\" \/>\n<meta property=\"og:url\" content=\"https:\/\/loftypods.com\/fr\/fondation\/\" \/>\n<meta property=\"og:site_name\" content=\"LoftyPod modular homes\" \/>\n<meta property=\"article:publisher\" content=\"https:\/\/www.facebook.com\/Loftypods-102210318534979\/\" \/>\n<meta property=\"article:modified_time\" content=\"2021-03-05T14:19:53+00:00\" \/>\n<meta property=\"og:image\" content=\"https:\/\/loftypods.com\/wp-content\/uploads\/2020\/07\/download-1.jpg\" \/>\n<meta name=\"twitter:card\" content=\"summary_large_image\" \/>\n<meta name=\"twitter:label1\" content=\"Dur\u00e9e de lecture estim\u00e9e\" \/>\n\t<meta name=\"twitter:data1\" content=\"4 minutes\" \/>\n<script type=\"application\/ld+json\" class=\"yoast-schema-graph\">{\"@context\":\"https:\\\/\\\/schema.org\",\"@graph\":[{\"@type\":\"WebPage\",\"@id\":\"https:\\\/\\\/loftypods.com\\\/fr\\\/fondation\\\/\",\"url\":\"https:\\\/\\\/loftypods.com\\\/fr\\\/fondation\\\/\",\"name\":\"Lofty Pods : maisons modulaires \u00e0 vendre au Qu\u00e9bec\",\"isPartOf\":{\"@id\":\"https:\\\/\\\/loftypods.com\\\/fr\\\/#website\"},\"primaryImageOfPage\":{\"@id\":\"https:\\\/\\\/loftypods.com\\\/fr\\\/fondation\\\/#primaryimage\"},\"image\":{\"@id\":\"https:\\\/\\\/loftypods.com\\\/fr\\\/fondation\\\/#primaryimage\"},\"thumbnailUrl\":\"https:\\\/\\\/loftypods.com\\\/wp-content\\\/uploads\\\/2020\\\/07\\\/download-1.jpg\",\"datePublished\":\"2021-03-03T20:05:36+00:00\",\"dateModified\":\"2021-03-05T14:19:53+00:00\",\"description\":\"maisons modulaires \u00e0 vendre au Qu\u00e9bec\",\"breadcrumb\":{\"@id\":\"https:\\\/\\\/loftypods.com\\\/fr\\\/fondation\\\/#breadcrumb\"},\"inLanguage\":\"fr-FR\",\"potentialAction\":[{\"@type\":\"ReadAction\",\"target\":[\"https:\\\/\\\/loftypods.com\\\/fr\\\/fondation\\\/\"]}]},{\"@type\":\"ImageObject\",\"inLanguage\":\"fr-FR\",\"@id\":\"https:\\\/\\\/loftypods.com\\\/fr\\\/fondation\\\/#primaryimage\",\"url\":\"https:\\\/\\\/loftypods.com\\\/wp-content\\\/uploads\\\/2020\\\/07\\\/download-1.jpg\",\"contentUrl\":\"https:\\\/\\\/loftypods.com\\\/wp-content\\\/uploads\\\/2020\\\/07\\\/download-1.jpg\"},{\"@type\":\"BreadcrumbList\",\"@id\":\"https:\\\/\\\/loftypods.com\\\/fr\\\/fondation\\\/#breadcrumb\",\"itemListElement\":[{\"@type\":\"ListItem\",\"position\":1,\"name\":\"Home\",\"item\":\"https:\\\/\\\/loftypods.com\\\/fr\\\/\"},{\"@type\":\"ListItem\",\"position\":2,\"name\":\"Fondation\"}]},{\"@type\":\"WebSite\",\"@id\":\"https:\\\/\\\/loftypods.com\\\/fr\\\/#website\",\"url\":\"https:\\\/\\\/loftypods.com\\\/fr\\\/\",\"name\":\"LoftyPods modular homes Quebec\",\"description\":\"highest quality modular homes in Quebec\",\"publisher\":{\"@id\":\"https:\\\/\\\/loftypods.com\\\/fr\\\/#organization\"},\"potentialAction\":[{\"@type\":\"SearchAction\",\"target\":{\"@type\":\"EntryPoint\",\"urlTemplate\":\"https:\\\/\\\/loftypods.com\\\/fr\\\/?s={search_term_string}\"},\"query-input\":{\"@type\":\"PropertyValueSpecification\",\"valueRequired\":true,\"valueName\":\"search_term_string\"}}],\"inLanguage\":\"fr-FR\"},{\"@type\":\"Organization\",\"@id\":\"https:\\\/\\\/loftypods.com\\\/fr\\\/#organization\",\"name\":\"Lofty Pod modular homes\",\"url\":\"https:\\\/\\\/loftypods.com\\\/fr\\\/\",\"logo\":{\"@type\":\"ImageObject\",\"inLanguage\":\"fr-FR\",\"@id\":\"https:\\\/\\\/loftypods.com\\\/fr\\\/#\\\/schema\\\/logo\\\/image\\\/\",\"url\":\"https:\\\/\\\/loftypods.com\\\/wp-content\\\/uploads\\\/2020\\\/04\\\/LOFTY-TONE-1.png?v=1593034548\",\"contentUrl\":\"https:\\\/\\\/loftypods.com\\\/wp-content\\\/uploads\\\/2020\\\/04\\\/LOFTY-TONE-1.png?v=1593034548\",\"width\":225,\"height\":72,\"caption\":\"Lofty Pod modular homes\"},\"image\":{\"@id\":\"https:\\\/\\\/loftypods.com\\\/fr\\\/#\\\/schema\\\/logo\\\/image\\\/\"},\"sameAs\":[\"https:\\\/\\\/www.facebook.com\\\/Loftypods-102210318534979\\\/\",\"https:\\\/\\\/www.instagram.com\\\/loftypods\\\/?hl=en\",\"https:\\\/\\\/www.linkedin.com\\\/in\\\/lofty-pods\\\/\",\"https:\\\/\\\/www.pinterest.ca\\\/loftypods\\\/\"]}]}<\/script>\n<!-- \/ Yoast SEO Premium plugin. -->","yoast_head_json":{"title":"Lofty Pods : maisons modulaires \u00e0 vendre au Qu\u00e9bec","description":"maisons modulaires \u00e0 vendre au Qu\u00e9bec","robots":{"index":"index","follow":"follow","max-snippet":"max-snippet:-1","max-image-preview":"max-image-preview:large","max-video-preview":"max-video-preview:-1"},"canonical":"https:\/\/loftypods.com\/fr\/fondation\/","og_locale":"fr_FR","og_type":"article","og_title":"Fondation","og_description":"maisons modulaires \u00e0 vendre au Qu\u00e9bec","og_url":"https:\/\/loftypods.com\/fr\/fondation\/","og_site_name":"LoftyPod modular homes","article_publisher":"https:\/\/www.facebook.com\/Loftypods-102210318534979\/","article_modified_time":"2021-03-05T14:19:53+00:00","og_image":[{"url":"https:\/\/loftypods.com\/wp-content\/uploads\/2020\/07\/download-1.jpg","type":"","width":"","height":""}],"twitter_card":"summary_large_image","twitter_misc":{"Dur\u00e9e de lecture estim\u00e9e":"4 minutes"},"schema":{"@context":"https:\/\/schema.org","@graph":[{"@type":"WebPage","@id":"https:\/\/loftypods.com\/fr\/fondation\/","url":"https:\/\/loftypods.com\/fr\/fondation\/","name":"Lofty Pods : maisons modulaires \u00e0 vendre au Qu\u00e9bec","isPartOf":{"@id":"https:\/\/loftypods.com\/fr\/#website"},"primaryImageOfPage":{"@id":"https:\/\/loftypods.com\/fr\/fondation\/#primaryimage"},"image":{"@id":"https:\/\/loftypods.com\/fr\/fondation\/#primaryimage"},"thumbnailUrl":"https:\/\/loftypods.com\/wp-content\/uploads\/2020\/07\/download-1.jpg","datePublished":"2021-03-03T20:05:36+00:00","dateModified":"2021-03-05T14:19:53+00:00","description":"maisons modulaires \u00e0 vendre au Qu\u00e9bec","breadcrumb":{"@id":"https:\/\/loftypods.com\/fr\/fondation\/#breadcrumb"},"inLanguage":"fr-FR","potentialAction":[{"@type":"ReadAction","target":["https:\/\/loftypods.com\/fr\/fondation\/"]}]},{"@type":"ImageObject","inLanguage":"fr-FR","@id":"https:\/\/loftypods.com\/fr\/fondation\/#primaryimage","url":"https:\/\/loftypods.com\/wp-content\/uploads\/2020\/07\/download-1.jpg","contentUrl":"https:\/\/loftypods.com\/wp-content\/uploads\/2020\/07\/download-1.jpg"},{"@type":"BreadcrumbList","@id":"https:\/\/loftypods.com\/fr\/fondation\/#breadcrumb","itemListElement":[{"@type":"ListItem","position":1,"name":"Home","item":"https:\/\/loftypods.com\/fr\/"},{"@type":"ListItem","position":2,"name":"Fondation"}]},{"@type":"WebSite","@id":"https:\/\/loftypods.com\/fr\/#website","url":"https:\/\/loftypods.com\/fr\/","name":"LoftyPods modular homes Quebec","description":"highest quality modular homes in Quebec","publisher":{"@id":"https:\/\/loftypods.com\/fr\/#organization"},"potentialAction":[{"@type":"SearchAction","target":{"@type":"EntryPoint","urlTemplate":"https:\/\/loftypods.com\/fr\/?s={search_term_string}"},"query-input":{"@type":"PropertyValueSpecification","valueRequired":true,"valueName":"search_term_string"}}],"inLanguage":"fr-FR"},{"@type":"Organization","@id":"https:\/\/loftypods.com\/fr\/#organization","name":"Lofty Pod modular homes","url":"https:\/\/loftypods.com\/fr\/","logo":{"@type":"ImageObject","inLanguage":"fr-FR","@id":"https:\/\/loftypods.com\/fr\/#\/schema\/logo\/image\/","url":"https:\/\/loftypods.com\/wp-content\/uploads\/2020\/04\/LOFTY-TONE-1.png?v=1593034548","contentUrl":"https:\/\/loftypods.com\/wp-content\/uploads\/2020\/04\/LOFTY-TONE-1.png?v=1593034548","width":225,"height":72,"caption":"Lofty Pod modular homes"},"image":{"@id":"https:\/\/loftypods.com\/fr\/#\/schema\/logo\/image\/"},"sameAs":["https:\/\/www.facebook.com\/Loftypods-102210318534979\/","https:\/\/www.instagram.com\/loftypods\/?hl=en","https:\/\/www.linkedin.com\/in\/lofty-pods\/","https:\/\/www.pinterest.ca\/loftypods\/"]}]}},"jetpack_sharing_enabled":true,"_links":{"self":[{"href":"https:\/\/loftypods.com\/fr\/wp-json\/wp\/v2\/pages\/14585","targetHints":{"allow":["GET"]}}],"collection":[{"href":"https:\/\/loftypods.com\/fr\/wp-json\/wp\/v2\/pages"}],"about":[{"href":"https:\/\/loftypods.com\/fr\/wp-json\/wp\/v2\/types\/page"}],"author":[{"embeddable":true,"href":"https:\/\/loftypods.com\/fr\/wp-json\/wp\/v2\/users\/1"}],"replies":[{"embeddable":true,"href":"https:\/\/loftypods.com\/fr\/wp-json\/wp\/v2\/comments?post=14585"}],"version-history":[{"count":3,"href":"https:\/\/loftypods.com\/fr\/wp-json\/wp\/v2\/pages\/14585\/revisions"}],"predecessor-version":[{"id":14588,"href":"https:\/\/loftypods.com\/fr\/wp-json\/wp\/v2\/pages\/14585\/revisions\/14588"}],"wp:attachment":[{"href":"https:\/\/loftypods.com\/fr\/wp-json\/wp\/v2\/media?parent=14585"}],"curies":[{"name":"wp","href":"https:\/\/api.w.org\/{rel}","templated":true}]}}