{"id":3470,"date":"2020-05-03T02:38:50","date_gmt":"2020-05-03T02:38:50","guid":{"rendered":"https:\/\/loftypods.com\/nos-pods\/"},"modified":"2021-03-03T23:00:27","modified_gmt":"2021-03-03T23:00:27","slug":"nos-pods","status":"publish","type":"page","link":"https:\/\/loftypods.com\/fr\/nos-pods\/","title":{"rendered":"NOS PODS"},"content":{"rendered":"<div class=\"wpb-content-wrapper\"><p>[vc_row full_width=\u00a0\u00bbstretch_row_content_no_spaces\u00a0\u00bb css=\u00a0\u00bb.vc_custom_1595765617754{padding-top: 40px !important;padding-bottom: 50px !important;}\u00a0\u00bb][vc_column width=\u00a0\u00bb1\/6&Prime;][\/vc_column][vc_column width=\u00a0\u00bb2\/3&Prime;][vc_column_text]<\/p>\n<p style=\"text-align: justify;\"><span style=\"font-weight: 400;\">Chez Lofty pods, nous cr\u00e9ons des maisons pr\u00e9fabriqu\u00e9es de qualit\u00e9 au Qu\u00e9bec. Notre objectif est de cr\u00e9er des micro habitations avec un design sp\u00e9cifique, qui est sophistiqu\u00e9 et unique. Les lofty pods ont des designs \u00e9pur\u00e9s avec des lignes nettes, des plans de surfaces optimis\u00e9es, de hauts plafonds et une mise en place de fen\u00eatres \u00e9co \u00e9nerg\u00e9tique qui donne un maximum de luminosit\u00e9.<\/span><\/p>\n<p style=\"text-align: justify;\"><span style=\"font-weight: 400;\">Pour rester dans une gamme de prix raisonnable, nos mini maisons sont petites et ont une superficie qui varient entre 200 et 600 pieds carr\u00e9s. Elles peuvent \u00eatre personnalis\u00e9s en fonction des go\u00fbts et budget du propri\u00e9taire. Des extensions de pods peuvent \u00eatre ajout\u00e9s tel que des garages, bureaux, salles de sport, et plus.<\/span><\/p>\n<p style=\"text-align: justify;\"><span style=\"font-weight: 400;\">Nous utilisons une technologie de pointe pour concevoir et construire nos pods dans un milieu contr\u00f4l\u00e9, qui est notre usine de fabrication au Qu\u00e9bec. Ces maisons pods \u00e9cologiques sont construites avec des mat\u00e9riaux locaux qui sont stock\u00e9s \u00e0 l&rsquo;int\u00e9rieur de l\u2019usine, \u00e9vitant l&rsquo;intrusion d&rsquo;eau qui pourrait entra\u00eener de la moisissure. Nos syst\u00e8mes et logiciels nous fournissent des mesures exactes pour nos mat\u00e9riaux, ce qui nous permet de nous procurer exactement la quantit\u00e9 et le choix d\u00e9sir\u00e9 pour construire votre maison.<\/span><\/p>\n<p style=\"text-align: justify;\"><span style=\"font-weight: 400;\">Nos produits scell\u00e9s en usine assurent des maisons parfaitement \u00e9tanches, qui permettent un usage r\u00e9duit du chauffage en hiver et de la climatisations en \u00e9t\u00e9. Nos maisons pr\u00e9fabriqu\u00e9es ont des syst\u00e8mes de collecte d\u2019eau, des syst\u00e8mes de recyclage, et ont une faible \u00e9mission de carbone. Cela rend les maisons \u00e9cologiques et quasi auto suffisantes.<\/span><\/p>\n<p>[\/vc_column_text][\/vc_column][vc_column width=\u00a0\u00bb1\/6&Prime;][\/vc_column][\/vc_row][vc_row full_width=\u00a0\u00bbstretch_row_content\u00a0\u00bb gap=\u00a0\u00bb25&Prime;][vc_column width=\u00a0\u00bb1\/6&Prime;][\/vc_column][vc_column width=\u00a0\u00bb2\/3&Prime;][vc_row_inner][vc_column_inner width=\u00a0\u00bb1\/2&Prime;]<div id=\"ultib3-209391418669e4806aa244b\" class=\" ultb3-box ult-adjust-bottom-margin  \" style=\"background-color: #d7bdae;\"><div class=\"ultb3-box-overlay\" style=\"background:#d7bdae;\"><\/div><div id=\"Info-banner-wrap8891\" class=\"ultb3-info ib3-info-center\" data-animation=\"fadeIn\" data-animation-delay=\"03\"><div class=\"ultb3-title ult-responsive\"  data-ultimate-target='#Info-banner-wrap8891 .ultb3-title'  data-responsive-json-new='{\"font-size\":\"desktop:26px;\",\"line-height\":\"\"}'  style=\"font-family:Poppins;font-weight:600;color:#ededed;\">DES PRIX ABORDABLES<\/div><div class=\"ultb3-desc ult-responsive\"  data-ultimate-target='#Info-banner-wrap8891 .ultb3-desc'  data-responsive-json-new='{\"font-size\":\"desktop:16px;\",\"line-height\":\"\"}'  style=\"font-family:Poppins;font-weight:normal;color:#ffffff;\">Moins de gaspillage, un achat de mat\u00e9riaux en gros, et des temps de construction rapide signifient que les co\u00fbts peuvent \u00eatre r\u00e9duits.<\/div><a href=\"https:\/\/loftypods.com\/fr\/nos-pods\/abordabilite\/\" target=\"target=\"_blank\"\"  class=\"ultb3-btn ult-responsive\"  data-ultimate-target='#Info-banner-wrap8891 .ultb3-btn'  data-responsive-json-new='{\"font-size\":\"desktop:14px;\",\"line-height\":\"\"}'  style=\"font-family:Poppins;font-weight:600;\">En savoir plus<i class=\"Defaults-angle-right\"><\/i><\/a><\/div><\/div><style>\n\t\t\t\t\t#ultib3-209391418669e4806aa244b {\n\t\t\t\t\t\tmin-height:250px;\n\t\t\t\t\t}\n\t\t\t\t\t#ultib3-209391418669e4806aa244b img.ultb3-img {\n\t\t\t\t\t\theight: px;\n\t\t\t\t\t}\n\t\t\t\t\t#ultib3-209391418669e4806aa244b .ultb3-btn {\n\t\t\t\t\t\tborder:2px solid #ffffff;border-radius:50px;color:#ffffff;\n\t\t\t\t\t}\n\t\t\t\t\t#ultib3-209391418669e4806aa244b .ultb3-btn:hover {\n\t\t\t\t\t\tbackground:#ffffff;color:#dddddd;\n\t\t\t\t\t}\n\t\t\t\t<\/style>[\/vc_column_inner][vc_column_inner width=\u00a0\u00bb1\/2&Prime;]<div id=\"ultib3-298069139569e4806aa2559\" class=\" ultb3-box ult-adjust-bottom-margin  \" style=\"background-color: #d7bdae;\"><div class=\"ultb3-box-overlay\" style=\"background:#d7bdae;\"><\/div><div id=\"Info-banner-wrap5496\" class=\"ultb3-info ib3-info-center\" data-animation=\"fadeIn\" data-animation-delay=\"03\"><div class=\"ultb3-title ult-responsive\"  data-ultimate-target='#Info-banner-wrap5496 .ultb3-title'  data-responsive-json-new='{\"font-size\":\"desktop:26px;\",\"line-height\":\"\"}'  style=\"font-family:Poppins;font-weight:600;color:#ededed;\">DURABILITE<\/div><div class=\"ultb3-desc ult-responsive\"  data-ultimate-target='#Info-banner-wrap5496 .ultb3-desc'  data-responsive-json-new='{\"font-size\":\"desktop:15px;\",\"line-height\":\"\"}'  style=\"font-family:Poppins;font-weight:normal;color:#ffffff;\">Une durabilit\u00e9 garanti avec l&#039;utilisation de mat\u00e9riaux de hautes qualit\u00e9s, un design optimale, et un de meilleurs environnement de construction, m\u00eame en hiver.<\/div><a href=\"https:\/\/loftypods.com\/fr\/nos-pods\/durabilite\/\" target=\"target=\"_blank\"\"  class=\"ultb3-btn ult-responsive\"  data-ultimate-target='#Info-banner-wrap5496 .ultb3-btn'  data-responsive-json-new='{\"font-size\":\"desktop:14px;\",\"line-height\":\"\"}'  style=\"font-family:Poppins;font-weight:600;\">En savoir plus<i class=\"Defaults-angle-right\"><\/i><\/a><\/div><\/div><style>\n\t\t\t\t\t#ultib3-298069139569e4806aa2559 {\n\t\t\t\t\t\tmin-height:250px;\n\t\t\t\t\t}\n\t\t\t\t\t#ultib3-298069139569e4806aa2559 img.ultb3-img {\n\t\t\t\t\t\theight: px;\n\t\t\t\t\t}\n\t\t\t\t\t#ultib3-298069139569e4806aa2559 .ultb3-btn {\n\t\t\t\t\t\tborder:2px solid #ffffff;border-radius:50px;color:#ffffff;\n\t\t\t\t\t}\n\t\t\t\t\t#ultib3-298069139569e4806aa2559 .ultb3-btn:hover {\n\t\t\t\t\t\tbackground:#ffffff;color:#dddddd;\n\t\t\t\t\t}\n\t\t\t\t<\/style>[\/vc_column_inner][\/vc_row_inner][\/vc_column][vc_column width=\u00a0\u00bb1\/6&Prime;][\/vc_column][\/vc_row][vc_row full_width=\u00a0\u00bbstretch_row_content\u00a0\u00bb gap=\u00a0\u00bb25&Prime;][vc_column width=\u00a0\u00bb1\/6&Prime;][\/vc_column][vc_column width=\u00a0\u00bb2\/3&Prime;][vc_row_inner][vc_column_inner width=\u00a0\u00bb1\/2&Prime;]<div id=\"ultib3-407381478369e4806aa263a\" class=\" ultb3-box ult-adjust-bottom-margin  \" style=\"background-color: #d7bdae;\"><div class=\"ultb3-box-overlay\" style=\"background:#d7bdae;\"><\/div><div id=\"Info-banner-wrap8359\" class=\"ultb3-info ib3-info-center\" data-animation=\"fadeIn\" data-animation-delay=\"03\"><div class=\"ultb3-title ult-responsive\"  data-ultimate-target='#Info-banner-wrap8359 .ultb3-title'  data-responsive-json-new='{\"font-size\":\"desktop:26px;\",\"line-height\":\"\"}'  style=\"font-family:Poppins;font-weight:600;color:#ededed;\">EFFICACIT\u00c9 \u00c9NERG\u00c9TIQUE<\/div><div class=\"ultb3-desc ult-responsive\"  data-ultimate-target='#Info-banner-wrap8359 .ultb3-desc'  data-responsive-json-new='{\"font-size\":\"desktop:16px;\",\"line-height\":\"\"}'  style=\"font-family:Poppins;font-weight:normal;color:#ffffff;\">Notre technologie de pointe ainsi que notre ing\u00e9nierie sup\u00e9rieur nous permettent d\u2019augmenter consid\u00e9rablement l&#039;efficacit\u00e9 \u00e9nerg\u00e9tique de nos maisons modulaires.<\/div><a href=\"https:\/\/loftypods.com\/fr\/nos-pods\/efficacite\/\" target=\"target=\"_blank\"\"  class=\"ultb3-btn ult-responsive\"  data-ultimate-target='#Info-banner-wrap8359 .ultb3-btn'  data-responsive-json-new='{\"font-size\":\"desktop:14px;\",\"line-height\":\"\"}'  style=\"font-family:Poppins;font-weight:600;\">En savoir plus<i class=\"Defaults-angle-right\"><\/i><\/a><\/div><\/div><style>\n\t\t\t\t\t#ultib3-407381478369e4806aa263a {\n\t\t\t\t\t\tmin-height:250px;\n\t\t\t\t\t}\n\t\t\t\t\t#ultib3-407381478369e4806aa263a img.ultb3-img {\n\t\t\t\t\t\theight: px;\n\t\t\t\t\t}\n\t\t\t\t\t#ultib3-407381478369e4806aa263a .ultb3-btn {\n\t\t\t\t\t\tborder:2px solid #ffffff;border-radius:50px;color:#ffffff;\n\t\t\t\t\t}\n\t\t\t\t\t#ultib3-407381478369e4806aa263a .ultb3-btn:hover {\n\t\t\t\t\t\tbackground:#ffffff;color:#dddddd;\n\t\t\t\t\t}\n\t\t\t\t<\/style>[\/vc_column_inner][vc_column_inner width=\u00a0\u00bb1\/2&Prime;]<div id=\"ultib3-282834926569e4806aa26f2\" class=\" ultb3-box ult-adjust-bottom-margin  \" style=\"background-color: #d7bdae;\"><div class=\"ultb3-box-overlay\" style=\"background:#d7bdae;\"><\/div><div id=\"Info-banner-wrap9165\" class=\"ultb3-info ib3-info-center\" data-animation=\"fadeIn\" data-animation-delay=\"03\"><div class=\"ultb3-title ult-responsive\"  data-ultimate-target='#Info-banner-wrap9165 .ultb3-title'  data-responsive-json-new='{\"font-size\":\"desktop:26px;\",\"line-height\":\"\"}'  style=\"font-family:Poppins;font-weight:600;color:#ededed;\">MOINS D\u2019ENTRETIEN<\/div><div class=\"ultb3-desc ult-responsive\"  data-ultimate-target='#Info-banner-wrap9165 .ultb3-desc'  data-responsive-json-new='{\"font-size\":\"desktop:16px;\",\"line-height\":\"\"}'  style=\"font-family:Poppins;font-weight:normal;color:#ffffff;\">Nos maisons sont con\u00e7us avec des mat\u00e9riaux durable, qui n\u00e9cessitent moins d&#039;entretien et d&#039;attention au quotidien.<\/div><a href=\"javascript:void(0);\"  class=\"ultb3-btn ult-responsive\"  data-ultimate-target='#Info-banner-wrap9165 .ultb3-btn'  data-responsive-json-new='{\"font-size\":\"desktop:14px;\",\"line-height\":\"\"}'  style=\"font-family:Poppins;font-weight:600;\">En savoir plus<i class=\"Defaults-angle-right\"><\/i><\/a><\/div><\/div><style>\n\t\t\t\t\t#ultib3-282834926569e4806aa26f2 {\n\t\t\t\t\t\tmin-height:250px;\n\t\t\t\t\t}\n\t\t\t\t\t#ultib3-282834926569e4806aa26f2 img.ultb3-img {\n\t\t\t\t\t\theight: px;\n\t\t\t\t\t}\n\t\t\t\t\t#ultib3-282834926569e4806aa26f2 .ultb3-btn {\n\t\t\t\t\t\tborder:2px solid #ffffff;border-radius:50px;color:#ffffff;\n\t\t\t\t\t}\n\t\t\t\t\t#ultib3-282834926569e4806aa26f2 .ultb3-btn:hover {\n\t\t\t\t\t\tbackground:#ffffff;color:#dddddd;\n\t\t\t\t\t}\n\t\t\t\t<\/style>[\/vc_column_inner][\/vc_row_inner][\/vc_column][vc_column width=\u00a0\u00bb1\/6&Prime;][\/vc_column][\/vc_row][vc_row full_width=\u00a0\u00bbstretch_row_content\u00a0\u00bb gap=\u00a0\u00bb25&Prime;][vc_column width=\u00a0\u00bb1\/6&Prime;][\/vc_column][vc_column width=\u00a0\u00bb2\/3&Prime;][vc_row_inner][vc_column_inner width=\u00a0\u00bb1\/4&Prime;][\/vc_column_inner][vc_column_inner width=\u00a0\u00bb1\/2&Prime;]<div id=\"ultib3-373644437069e4806aa279d\" class=\" ultb3-box ult-adjust-bottom-margin  \" style=\"background-color: #d7bdae;\"><div class=\"ultb3-box-overlay\" style=\"background:#d7bdae;\"><\/div><div id=\"Info-banner-wrap7112\" class=\"ultb3-info ib3-info-center\" data-animation=\"fadeIn\" data-animation-delay=\"03\"><div class=\"ultb3-title ult-responsive\"  data-ultimate-target='#Info-banner-wrap7112 .ultb3-title'  data-responsive-json-new='{\"font-size\":\"desktop:26px;\",\"line-height\":\"\"}'  style=\"font-family:Poppins;font-weight:600;color:#ededed;\">TEMPS DE CONSTRUCTION<\/div><div class=\"ultb3-desc ult-responsive\"  data-ultimate-target='#Info-banner-wrap7112 .ultb3-desc'  data-responsive-json-new='{\"font-size\":\"desktop:16px;\",\"line-height\":\"\"}'  style=\"font-family:Poppins;font-weight:normal;color:#ffffff;\">Le travail de fondation est fait en parall\u00e8le avec la construction de nos maisons modulaires en usine. Il n&#039;y a pas de d\u00e9lai d\u00fb aux intemp\u00e9ries.<\/div><a href=\"https:\/\/loftypods.com\/fr\/nos-pods\/rapidite\/\"  class=\"ultb3-btn ult-responsive\"  data-ultimate-target='#Info-banner-wrap7112 .ultb3-btn'  data-responsive-json-new='{\"font-size\":\"desktop:14px;\",\"line-height\":\"\"}'  style=\"font-family:Poppins;font-weight:600;\">En savoir plus<i class=\"Defaults-angle-right\"><\/i><\/a><\/div><\/div><style>\n\t\t\t\t\t#ultib3-373644437069e4806aa279d {\n\t\t\t\t\t\tmin-height:250px;\n\t\t\t\t\t}\n\t\t\t\t\t#ultib3-373644437069e4806aa279d img.ultb3-img {\n\t\t\t\t\t\theight: px;\n\t\t\t\t\t}\n\t\t\t\t\t#ultib3-373644437069e4806aa279d .ultb3-btn {\n\t\t\t\t\t\tborder:2px solid #ffffff;border-radius:50px;color:#ffffff;\n\t\t\t\t\t}\n\t\t\t\t\t#ultib3-373644437069e4806aa279d .ultb3-btn:hover {\n\t\t\t\t\t\tbackground:#ffffff;color:#dddddd;\n\t\t\t\t\t}\n\t\t\t\t<\/style>[\/vc_column_inner][vc_column_inner width=\u00a0\u00bb1\/4&Prime;][\/vc_column_inner][\/vc_row_inner][\/vc_column][vc_column width=\u00a0\u00bb1\/6&Prime;][\/vc_column][\/vc_row][vc_row css=\u00a0\u00bb.vc_custom_1595765518277{padding-bottom: 100px !important;}\u00a0\u00bb][vc_column width=\u00a0\u00bb1\/4&Prime;][\/vc_column][vc_column width=\u00a0\u00bb1\/2&Prime;][\/vc_column][vc_column width=\u00a0\u00bb1\/4&Prime;][\/vc_column][\/vc_row][vc_row bg_type=\u00a0\u00bbbg_color\u00a0\u00bb bg_override=\u00a0\u00bbex-full\u00a0\u00bb css=\u00a0\u00bb.vc_custom_1595765776962{padding-top: 30px !important;}\u00a0\u00bb bg_color_value=\u00a0\u00bb#d7bdae\u00a0\u00bb][vc_column][vc_row_inner][vc_column_inner width=\u00a0\u00bb2\/3&Prime;]<div id=\"ultimate-heading-209369e4806aa283f\" class=\"uvc-heading ult-adjust-bottom-margin ultimate-heading-209369e4806aa283f uvc-3786 \" data-hspacer=\"no_spacer\"  data-halign=\"center\" style=\"text-align:center\"><div class=\"uvc-heading-spacer no_spacer\" style=\"top\"><\/div><div class=\"uvc-sub-heading ult-responsive\"  data-ultimate-target='.uvc-heading.ultimate-heading-209369e4806aa283f .uvc-sub-heading '  data-responsive-json-new='{\"font-size\":\"desktop:26px;\",\"line-height\":\"\"}'  style=\"font-family:&#039;Poppins&#039;;font-weight:normal;color:#ffffff;margin-top:15px;margin-bottom:0px;\">Voir notre s\u00e9lection de maisons \u00ab lofty pods \u00bb<\/div><\/div>[\/vc_column_inner][vc_column_inner width=\u00a0\u00bb1\/3&Prime;]<div class=\" ubtn-ctn-left \"><a class=\"ubtn-link ult-adjust-bottom-margin ubtn-left ubtn-normal \" href=\"https:\/\/loftypods.com\/fr\/maisons-pod\/\" target=\"_blank\" rel=\"nofollow  noopener\" ><button type=\"button\" id=\"ubtn-2536\"  class=\"ubtn ult-adjust-bottom-margin ult-responsive ubtn-normal ubtn-top-bg  none  ubtn-left   tooltip-69e4806aa28ba\"  data-hover=\"#d7bdae\" data-border-color=\"#ffffff\" data-bg=\"#d7bdae\" data-hover-bg=\"#ffffff\" data-border-hover=\"#ffffff\" data-shadow-hover=\"\" data-shadow-click=\"none\" data-shadow=\"\" data-shd-shadow=\"\"  data-ultimate-target='#ubtn-2536'  data-responsive-json-new='{\"font-size\":\"desktop:14px;\",\"line-height\":\"\"}'  style=\"font-family:&#039;Poppins&#039;;font-weight:600;border-radius:px;border-width:3px;border-color:#ffffff;border-style:solid;background: #d7bdae;color: #ffffff;\"><span class=\"ubtn-hover\" style=\"background-color:#ffffff\"><\/span><span class=\"ubtn-data ubtn-text \" >MAISONS \u00abLOFTY POD\u00bb<\/span><\/button><\/a><\/div>[\/vc_column_inner][\/vc_row_inner][\/vc_column][\/vc_row]<\/p>\n<\/div>","protected":false},"excerpt":{"rendered":"<p>[vc_row full_width=\u00a0\u00bbstretch_row_content_no_spaces\u00a0\u00bb css=\u00a0\u00bb.vc_custom_1595765617754{padding-top: 40px !important;padding-bottom: 50px !important;}\u00a0\u00bb][vc_column width=\u00a0\u00bb1\/6&Prime;][\/vc_column][vc_column width=\u00a0\u00bb2\/3&Prime;][vc_column_text] Chez Lofty pods, nous cr\u00e9ons des maisons pr\u00e9fabriqu\u00e9es de qualit\u00e9 au Qu\u00e9bec. Notre objectif est de cr\u00e9er des micro habitations avec un design sp\u00e9cifique, qui est sophistiqu\u00e9 et unique. Les lofty pods ont des designs \u00e9pur\u00e9s avec des lignes nettes, des plans de surfaces optimis\u00e9es, de&hellip;<\/p>\n","protected":false},"author":1,"featured_media":0,"parent":0,"menu_order":0,"comment_status":"closed","ping_status":"closed","template":"","meta":{"footnotes":""},"class_list":["post-3470","page","type-page","status-publish","hentry","description-off"],"yoast_head":"<!-- This site is optimized with the Yoast SEO Premium plugin v22.0 (Yoast SEO v27.4) - https:\/\/yoast.com\/product\/yoast-seo-premium-wordpress\/ -->\n<title>Maisons pr\u00e9fabriqu\u00e9es de qualit\u00e9 au Qu\u00e9bec | Maisons &quot;Lofty pod&quot;<\/title>\n<meta name=\"description\" content=\"Chez Lofty pods, nous cr\u00e9ons des maisons pr\u00e9fabriqu\u00e9es de qualit\u00e9 au Qu\u00e9bec.\" \/>\n<meta name=\"robots\" content=\"index, follow, max-snippet:-1, max-image-preview:large, max-video-preview:-1\" \/>\n<link rel=\"canonical\" href=\"https:\/\/loftypods.com\/fr\/nos-pods\/\" \/>\n<meta property=\"og:locale\" content=\"fr_FR\" \/>\n<meta property=\"og:type\" content=\"article\" \/>\n<meta property=\"og:title\" content=\"NOS PODS\" \/>\n<meta property=\"og:description\" content=\"Chez Lofty pods, nous cr\u00e9ons des maisons pr\u00e9fabriqu\u00e9es de qualit\u00e9 au Qu\u00e9bec.\" \/>\n<meta property=\"og:url\" content=\"https:\/\/loftypods.com\/fr\/nos-pods\/\" \/>\n<meta property=\"og:site_name\" content=\"LoftyPod modular homes\" \/>\n<meta property=\"article:publisher\" content=\"https:\/\/www.facebook.com\/Loftypods-102210318534979\/\" \/>\n<meta property=\"article:modified_time\" content=\"2021-03-03T23:00:27+00:00\" \/>\n<meta property=\"og:image\" content=\"https:\/\/loftypods.com\/wp-content\/uploads\/2021\/03\/loftypod-modular-homes-quebec.jpg\" \/>\n\t<meta property=\"og:image:width\" content=\"1500\" \/>\n\t<meta property=\"og:image:height\" content=\"843\" \/>\n\t<meta property=\"og:image:type\" content=\"image\/jpeg\" \/>\n<meta name=\"twitter:card\" content=\"summary_large_image\" \/>\n<meta name=\"twitter:label1\" content=\"Dur\u00e9e de lecture estim\u00e9e\" \/>\n\t<meta name=\"twitter:data1\" content=\"3 minutes\" \/>\n<script type=\"application\/ld+json\" class=\"yoast-schema-graph\">{\"@context\":\"https:\\\/\\\/schema.org\",\"@graph\":[{\"@type\":\"WebPage\",\"@id\":\"https:\\\/\\\/loftypods.com\\\/fr\\\/nos-pods\\\/\",\"url\":\"https:\\\/\\\/loftypods.com\\\/fr\\\/nos-pods\\\/\",\"name\":\"Maisons pr\u00e9fabriqu\u00e9es de qualit\u00e9 au Qu\u00e9bec | Maisons \\\"Lofty pod\\\"\",\"isPartOf\":{\"@id\":\"https:\\\/\\\/loftypods.com\\\/fr\\\/#website\"},\"datePublished\":\"2020-05-03T02:38:50+00:00\",\"dateModified\":\"2021-03-03T23:00:27+00:00\",\"description\":\"Chez Lofty pods, nous cr\u00e9ons des maisons pr\u00e9fabriqu\u00e9es de qualit\u00e9 au Qu\u00e9bec.\",\"breadcrumb\":{\"@id\":\"https:\\\/\\\/loftypods.com\\\/fr\\\/nos-pods\\\/#breadcrumb\"},\"inLanguage\":\"fr-FR\",\"potentialAction\":[{\"@type\":\"ReadAction\",\"target\":[\"https:\\\/\\\/loftypods.com\\\/fr\\\/nos-pods\\\/\"]}]},{\"@type\":\"BreadcrumbList\",\"@id\":\"https:\\\/\\\/loftypods.com\\\/fr\\\/nos-pods\\\/#breadcrumb\",\"itemListElement\":[{\"@type\":\"ListItem\",\"position\":1,\"name\":\"Home\",\"item\":\"https:\\\/\\\/loftypods.com\\\/fr\\\/\"},{\"@type\":\"ListItem\",\"position\":2,\"name\":\"NOS PODS\"}]},{\"@type\":\"WebSite\",\"@id\":\"https:\\\/\\\/loftypods.com\\\/fr\\\/#website\",\"url\":\"https:\\\/\\\/loftypods.com\\\/fr\\\/\",\"name\":\"LoftyPods modular homes Quebec\",\"description\":\"highest quality modular homes in Quebec\",\"publisher\":{\"@id\":\"https:\\\/\\\/loftypods.com\\\/fr\\\/#organization\"},\"potentialAction\":[{\"@type\":\"SearchAction\",\"target\":{\"@type\":\"EntryPoint\",\"urlTemplate\":\"https:\\\/\\\/loftypods.com\\\/fr\\\/?s={search_term_string}\"},\"query-input\":{\"@type\":\"PropertyValueSpecification\",\"valueRequired\":true,\"valueName\":\"search_term_string\"}}],\"inLanguage\":\"fr-FR\"},{\"@type\":\"Organization\",\"@id\":\"https:\\\/\\\/loftypods.com\\\/fr\\\/#organization\",\"name\":\"Lofty Pod modular homes\",\"url\":\"https:\\\/\\\/loftypods.com\\\/fr\\\/\",\"logo\":{\"@type\":\"ImageObject\",\"inLanguage\":\"fr-FR\",\"@id\":\"https:\\\/\\\/loftypods.com\\\/fr\\\/#\\\/schema\\\/logo\\\/image\\\/\",\"url\":\"https:\\\/\\\/loftypods.com\\\/wp-content\\\/uploads\\\/2020\\\/04\\\/LOFTY-TONE-1.png?v=1593034548\",\"contentUrl\":\"https:\\\/\\\/loftypods.com\\\/wp-content\\\/uploads\\\/2020\\\/04\\\/LOFTY-TONE-1.png?v=1593034548\",\"width\":225,\"height\":72,\"caption\":\"Lofty Pod modular homes\"},\"image\":{\"@id\":\"https:\\\/\\\/loftypods.com\\\/fr\\\/#\\\/schema\\\/logo\\\/image\\\/\"},\"sameAs\":[\"https:\\\/\\\/www.facebook.com\\\/Loftypods-102210318534979\\\/\",\"https:\\\/\\\/www.instagram.com\\\/loftypods\\\/?hl=en\",\"https:\\\/\\\/www.linkedin.com\\\/in\\\/lofty-pods\\\/\",\"https:\\\/\\\/www.pinterest.ca\\\/loftypods\\\/\"]}]}<\/script>\n<!-- \/ Yoast SEO Premium plugin. -->","yoast_head_json":{"title":"Maisons pr\u00e9fabriqu\u00e9es de qualit\u00e9 au Qu\u00e9bec | Maisons \"Lofty pod\"","description":"Chez Lofty pods, nous cr\u00e9ons des maisons pr\u00e9fabriqu\u00e9es de qualit\u00e9 au Qu\u00e9bec.","robots":{"index":"index","follow":"follow","max-snippet":"max-snippet:-1","max-image-preview":"max-image-preview:large","max-video-preview":"max-video-preview:-1"},"canonical":"https:\/\/loftypods.com\/fr\/nos-pods\/","og_locale":"fr_FR","og_type":"article","og_title":"NOS PODS","og_description":"Chez Lofty pods, nous cr\u00e9ons des maisons pr\u00e9fabriqu\u00e9es de qualit\u00e9 au Qu\u00e9bec.","og_url":"https:\/\/loftypods.com\/fr\/nos-pods\/","og_site_name":"LoftyPod modular homes","article_publisher":"https:\/\/www.facebook.com\/Loftypods-102210318534979\/","article_modified_time":"2021-03-03T23:00:27+00:00","og_image":[{"width":1500,"height":843,"url":"https:\/\/loftypods.com\/wp-content\/uploads\/2021\/03\/loftypod-modular-homes-quebec.jpg","type":"image\/jpeg"}],"twitter_card":"summary_large_image","twitter_misc":{"Dur\u00e9e de lecture estim\u00e9e":"3 minutes"},"schema":{"@context":"https:\/\/schema.org","@graph":[{"@type":"WebPage","@id":"https:\/\/loftypods.com\/fr\/nos-pods\/","url":"https:\/\/loftypods.com\/fr\/nos-pods\/","name":"Maisons pr\u00e9fabriqu\u00e9es de qualit\u00e9 au Qu\u00e9bec | Maisons \"Lofty pod\"","isPartOf":{"@id":"https:\/\/loftypods.com\/fr\/#website"},"datePublished":"2020-05-03T02:38:50+00:00","dateModified":"2021-03-03T23:00:27+00:00","description":"Chez Lofty pods, nous cr\u00e9ons des maisons pr\u00e9fabriqu\u00e9es de qualit\u00e9 au Qu\u00e9bec.","breadcrumb":{"@id":"https:\/\/loftypods.com\/fr\/nos-pods\/#breadcrumb"},"inLanguage":"fr-FR","potentialAction":[{"@type":"ReadAction","target":["https:\/\/loftypods.com\/fr\/nos-pods\/"]}]},{"@type":"BreadcrumbList","@id":"https:\/\/loftypods.com\/fr\/nos-pods\/#breadcrumb","itemListElement":[{"@type":"ListItem","position":1,"name":"Home","item":"https:\/\/loftypods.com\/fr\/"},{"@type":"ListItem","position":2,"name":"NOS PODS"}]},{"@type":"WebSite","@id":"https:\/\/loftypods.com\/fr\/#website","url":"https:\/\/loftypods.com\/fr\/","name":"LoftyPods modular homes Quebec","description":"highest quality modular homes in Quebec","publisher":{"@id":"https:\/\/loftypods.com\/fr\/#organization"},"potentialAction":[{"@type":"SearchAction","target":{"@type":"EntryPoint","urlTemplate":"https:\/\/loftypods.com\/fr\/?s={search_term_string}"},"query-input":{"@type":"PropertyValueSpecification","valueRequired":true,"valueName":"search_term_string"}}],"inLanguage":"fr-FR"},{"@type":"Organization","@id":"https:\/\/loftypods.com\/fr\/#organization","name":"Lofty Pod modular homes","url":"https:\/\/loftypods.com\/fr\/","logo":{"@type":"ImageObject","inLanguage":"fr-FR","@id":"https:\/\/loftypods.com\/fr\/#\/schema\/logo\/image\/","url":"https:\/\/loftypods.com\/wp-content\/uploads\/2020\/04\/LOFTY-TONE-1.png?v=1593034548","contentUrl":"https:\/\/loftypods.com\/wp-content\/uploads\/2020\/04\/LOFTY-TONE-1.png?v=1593034548","width":225,"height":72,"caption":"Lofty Pod modular homes"},"image":{"@id":"https:\/\/loftypods.com\/fr\/#\/schema\/logo\/image\/"},"sameAs":["https:\/\/www.facebook.com\/Loftypods-102210318534979\/","https:\/\/www.instagram.com\/loftypods\/?hl=en","https:\/\/www.linkedin.com\/in\/lofty-pods\/","https:\/\/www.pinterest.ca\/loftypods\/"]}]}},"jetpack_sharing_enabled":true,"_links":{"self":[{"href":"https:\/\/loftypods.com\/fr\/wp-json\/wp\/v2\/pages\/3470","targetHints":{"allow":["GET"]}}],"collection":[{"href":"https:\/\/loftypods.com\/fr\/wp-json\/wp\/v2\/pages"}],"about":[{"href":"https:\/\/loftypods.com\/fr\/wp-json\/wp\/v2\/types\/page"}],"author":[{"embeddable":true,"href":"https:\/\/loftypods.com\/fr\/wp-json\/wp\/v2\/users\/1"}],"replies":[{"embeddable":true,"href":"https:\/\/loftypods.com\/fr\/wp-json\/wp\/v2\/comments?post=3470"}],"version-history":[{"count":13,"href":"https:\/\/loftypods.com\/fr\/wp-json\/wp\/v2\/pages\/3470\/revisions"}],"predecessor-version":[{"id":14595,"href":"https:\/\/loftypods.com\/fr\/wp-json\/wp\/v2\/pages\/3470\/revisions\/14595"}],"wp:attachment":[{"href":"https:\/\/loftypods.com\/fr\/wp-json\/wp\/v2\/media?parent=3470"}],"curies":[{"name":"wp","href":"https:\/\/api.w.org\/{rel}","templated":true}]}}