{"id":4696,"date":"2020-06-27T15:41:15","date_gmt":"2020-06-27T15:41:15","guid":{"rendered":"https:\/\/loftypods.com\/maisons-modulaires-informations\/"},"modified":"2020-06-28T14:58:33","modified_gmt":"2020-06-28T14:58:33","slug":"maisons-modulaires-informations","status":"publish","type":"page","link":"https:\/\/loftypods.com\/fr\/maisons-modulaires-informations\/","title":{"rendered":"Maisons modulaires Informations"},"content":{"rendered":"<div class=\"wpb-content-wrapper\"><p>[vc_row bg_type=\u00a0\u00bbbg_color\u00a0\u00bb bg_override=\u00a0\u00bbex-full\u00a0\u00bb bg_color_value=\u00a0\u00bb#d7bdae\u00a0\u00bb css=\u00a0\u00bb.vc_custom_1593356257240{padding-top: 25px !important;}\u00a0\u00bb][vc_column][vc_row_inner][vc_column_inner width=\u00a0\u00bb2\/3&Prime;]<div id=\"ultimate-heading-752369d5848dd06f5\" class=\"uvc-heading ult-adjust-bottom-margin ultimate-heading-752369d5848dd06f5 uvc-7875 \" data-hspacer=\"no_spacer\"  data-halign=\"center\" style=\"text-align:center\"><div class=\"uvc-heading-spacer no_spacer\" style=\"top\"><\/div><div class=\"uvc-sub-heading ult-responsive\"  data-ultimate-target='.uvc-heading.ultimate-heading-752369d5848dd06f5 .uvc-sub-heading '  data-responsive-json-new='{\"font-size\":\"desktop:26px;\",\"line-height\":\"\"}'  style=\"font-family:&#039;Poppins&#039;;font-weight:normal;color:#ffffff;margin-top:15px;\">Voir notre s\u00e9lection de maisons \u00ab lofty pods \u00bb<\/div><\/div>[\/vc_column_inner][vc_column_inner width=\u00a0\u00bb1\/3&Prime;]<div class=\" ubtn-ctn-left \"><button type=\"button\" id=\"ubtn-2462\"  class=\"ubtn ult-adjust-bottom-margin ult-responsive ubtn-normal ubtn-top-bg  none  ubtn-left   tooltip-69d5848dd07a5\"  data-hover=\"#d7bdae\" data-border-color=\"#ffffff\" data-bg=\"#d7bdae\" data-hover-bg=\"#ffffff\" data-border-hover=\"#ffffff\" data-shadow-hover=\"\" data-shadow-click=\"none\" data-shadow=\"\" data-shd-shadow=\"\"  data-ultimate-target='#ubtn-2462'  data-responsive-json-new='{\"font-size\":\"desktop:14px;\",\"line-height\":\"\"}'  style=\"font-family:&#039;Poppins&#039;;font-weight:normal;border-radius:3px;border-width:3px;border-color:#ffffff;border-style:solid;background: #d7bdae;color: #ffffff;\"><span class=\"ubtn-hover\" style=\"background-color:#ffffff\"><\/span><span class=\"ubtn-data ubtn-text \" >MAISONS \u00abLOFTY POD\u00bb<\/span><\/button><\/div>[\/vc_column_inner][\/vc_row_inner][\/vc_column][\/vc_row]<\/p>\n<\/div>","protected":false},"excerpt":{"rendered":"<p>[vc_row bg_type=\u00a0\u00bbbg_color\u00a0\u00bb bg_override=\u00a0\u00bbex-full\u00a0\u00bb bg_color_value=\u00a0\u00bb#d7bdae\u00a0\u00bb css=\u00a0\u00bb.vc_custom_1593356257240{padding-top: 25px !important;}\u00a0\u00bb][vc_column][vc_row_inner][vc_column_inner width=\u00a0\u00bb2\/3&Prime;][\/vc_column_inner][vc_column_inner width=\u00a0\u00bb1\/3&Prime;][\/vc_column_inner][\/vc_row_inner][\/vc_column][\/vc_row]<\/p>\n","protected":false},"author":1,"featured_media":0,"parent":0,"menu_order":0,"comment_status":"closed","ping_status":"closed","template":"template-blog-list.php","meta":{"footnotes":""},"class_list":["post-4696","page","type-page","status-publish","hentry","description-off"],"yoast_head":"<!-- This site is optimized with the Yoast SEO Premium plugin v22.0 (Yoast SEO v27.3) - https:\/\/yoast.com\/product\/yoast-seo-premium-wordpress\/ -->\n<title>Informations g\u00e9n\u00e9rales sur les maisons modulaires au Qu\u00e9bec Canada<\/title>\n<meta name=\"robots\" content=\"index, follow, max-snippet:-1, max-image-preview:large, max-video-preview:-1\" \/>\n<link rel=\"canonical\" href=\"https:\/\/loftypods.com\/fr\/maisons-modulaires-informations\/\" \/>\n<meta property=\"og:locale\" content=\"fr_FR\" \/>\n<meta property=\"og:type\" content=\"article\" \/>\n<meta property=\"og:title\" content=\"Maisons modulaires Informations\" \/>\n<meta property=\"og:description\" content=\"[vc_row bg_type=\u00a0\u00bbbg_color\u00a0\u00bb bg_override=\u00a0\u00bbex-full\u00a0\u00bb bg_color_value=\u00a0\u00bb#d7bdae\u00a0\u00bb css=\u00a0\u00bb.vc_custom_1593356257240{padding-top: 25px !important;}\u00a0\u00bb][vc_column][vc_row_inner][vc_column_inner width=\u00a0\u00bb2\/3&Prime;][\/vc_column_inner][vc_column_inner width=\u00a0\u00bb1\/3&Prime;][\/vc_column_inner][\/vc_row_inner][\/vc_column][\/vc_row]\" \/>\n<meta property=\"og:url\" content=\"https:\/\/loftypods.com\/fr\/maisons-modulaires-informations\/\" \/>\n<meta property=\"og:site_name\" content=\"LoftyPod modular homes\" \/>\n<meta property=\"article:publisher\" content=\"https:\/\/www.facebook.com\/Loftypods-102210318534979\/\" \/>\n<meta property=\"article:modified_time\" content=\"2020-06-28T14:58:33+00:00\" \/>\n<meta property=\"og:image\" content=\"https:\/\/loftypods.com\/wp-content\/uploads\/2021\/03\/loftypod-modular-homes-quebec.jpg\" \/>\n\t<meta property=\"og:image:width\" content=\"1500\" \/>\n\t<meta property=\"og:image:height\" content=\"843\" \/>\n\t<meta property=\"og:image:type\" content=\"image\/jpeg\" \/>\n<meta name=\"twitter:card\" content=\"summary_large_image\" \/>\n<meta name=\"twitter:label1\" content=\"Dur\u00e9e de lecture estim\u00e9e\" \/>\n\t<meta name=\"twitter:data1\" content=\"1 minute\" \/>\n<script type=\"application\/ld+json\" class=\"yoast-schema-graph\">{\"@context\":\"https:\\\/\\\/schema.org\",\"@graph\":[{\"@type\":\"WebPage\",\"@id\":\"https:\\\/\\\/loftypods.com\\\/fr\\\/maisons-modulaires-informations\\\/\",\"url\":\"https:\\\/\\\/loftypods.com\\\/fr\\\/maisons-modulaires-informations\\\/\",\"name\":\"Informations g\u00e9n\u00e9rales sur les maisons modulaires au Qu\u00e9bec Canada\",\"isPartOf\":{\"@id\":\"https:\\\/\\\/loftypods.com\\\/fr\\\/#website\"},\"datePublished\":\"2020-06-27T15:41:15+00:00\",\"dateModified\":\"2020-06-28T14:58:33+00:00\",\"breadcrumb\":{\"@id\":\"https:\\\/\\\/loftypods.com\\\/fr\\\/maisons-modulaires-informations\\\/#breadcrumb\"},\"inLanguage\":\"fr-FR\",\"potentialAction\":[{\"@type\":\"ReadAction\",\"target\":[\"https:\\\/\\\/loftypods.com\\\/fr\\\/maisons-modulaires-informations\\\/\"]}]},{\"@type\":\"BreadcrumbList\",\"@id\":\"https:\\\/\\\/loftypods.com\\\/fr\\\/maisons-modulaires-informations\\\/#breadcrumb\",\"itemListElement\":[{\"@type\":\"ListItem\",\"position\":1,\"name\":\"Home\",\"item\":\"https:\\\/\\\/loftypods.com\\\/fr\\\/\"},{\"@type\":\"ListItem\",\"position\":2,\"name\":\"Maisons modulaires Informations\"}]},{\"@type\":\"WebSite\",\"@id\":\"https:\\\/\\\/loftypods.com\\\/fr\\\/#website\",\"url\":\"https:\\\/\\\/loftypods.com\\\/fr\\\/\",\"name\":\"LoftyPods modular homes Quebec\",\"description\":\"highest quality modular homes in Quebec\",\"publisher\":{\"@id\":\"https:\\\/\\\/loftypods.com\\\/fr\\\/#organization\"},\"potentialAction\":[{\"@type\":\"SearchAction\",\"target\":{\"@type\":\"EntryPoint\",\"urlTemplate\":\"https:\\\/\\\/loftypods.com\\\/fr\\\/?s={search_term_string}\"},\"query-input\":{\"@type\":\"PropertyValueSpecification\",\"valueRequired\":true,\"valueName\":\"search_term_string\"}}],\"inLanguage\":\"fr-FR\"},{\"@type\":\"Organization\",\"@id\":\"https:\\\/\\\/loftypods.com\\\/fr\\\/#organization\",\"name\":\"Lofty Pod modular homes\",\"url\":\"https:\\\/\\\/loftypods.com\\\/fr\\\/\",\"logo\":{\"@type\":\"ImageObject\",\"inLanguage\":\"fr-FR\",\"@id\":\"https:\\\/\\\/loftypods.com\\\/fr\\\/#\\\/schema\\\/logo\\\/image\\\/\",\"url\":\"https:\\\/\\\/loftypods.com\\\/wp-content\\\/uploads\\\/2020\\\/04\\\/LOFTY-TONE-1.png?v=1593034548\",\"contentUrl\":\"https:\\\/\\\/loftypods.com\\\/wp-content\\\/uploads\\\/2020\\\/04\\\/LOFTY-TONE-1.png?v=1593034548\",\"width\":225,\"height\":72,\"caption\":\"Lofty Pod modular homes\"},\"image\":{\"@id\":\"https:\\\/\\\/loftypods.com\\\/fr\\\/#\\\/schema\\\/logo\\\/image\\\/\"},\"sameAs\":[\"https:\\\/\\\/www.facebook.com\\\/Loftypods-102210318534979\\\/\",\"https:\\\/\\\/www.instagram.com\\\/loftypods\\\/?hl=en\",\"https:\\\/\\\/www.linkedin.com\\\/in\\\/lofty-pods\\\/\",\"https:\\\/\\\/www.pinterest.ca\\\/loftypods\\\/\"]}]}<\/script>\n<!-- \/ Yoast SEO Premium plugin. -->","yoast_head_json":{"title":"Informations g\u00e9n\u00e9rales sur les maisons modulaires au Qu\u00e9bec Canada","robots":{"index":"index","follow":"follow","max-snippet":"max-snippet:-1","max-image-preview":"max-image-preview:large","max-video-preview":"max-video-preview:-1"},"canonical":"https:\/\/loftypods.com\/fr\/maisons-modulaires-informations\/","og_locale":"fr_FR","og_type":"article","og_title":"Maisons modulaires Informations","og_description":"[vc_row bg_type=\u00a0\u00bbbg_color\u00a0\u00bb bg_override=\u00a0\u00bbex-full\u00a0\u00bb bg_color_value=\u00a0\u00bb#d7bdae\u00a0\u00bb css=\u00a0\u00bb.vc_custom_1593356257240{padding-top: 25px !important;}\u00a0\u00bb][vc_column][vc_row_inner][vc_column_inner width=\u00a0\u00bb2\/3&Prime;][\/vc_column_inner][vc_column_inner width=\u00a0\u00bb1\/3&Prime;][\/vc_column_inner][\/vc_row_inner][\/vc_column][\/vc_row]","og_url":"https:\/\/loftypods.com\/fr\/maisons-modulaires-informations\/","og_site_name":"LoftyPod modular homes","article_publisher":"https:\/\/www.facebook.com\/Loftypods-102210318534979\/","article_modified_time":"2020-06-28T14:58:33+00:00","og_image":[{"width":1500,"height":843,"url":"https:\/\/loftypods.com\/wp-content\/uploads\/2021\/03\/loftypod-modular-homes-quebec.jpg","type":"image\/jpeg"}],"twitter_card":"summary_large_image","twitter_misc":{"Dur\u00e9e de lecture estim\u00e9e":"1 minute"},"schema":{"@context":"https:\/\/schema.org","@graph":[{"@type":"WebPage","@id":"https:\/\/loftypods.com\/fr\/maisons-modulaires-informations\/","url":"https:\/\/loftypods.com\/fr\/maisons-modulaires-informations\/","name":"Informations g\u00e9n\u00e9rales sur les maisons modulaires au Qu\u00e9bec Canada","isPartOf":{"@id":"https:\/\/loftypods.com\/fr\/#website"},"datePublished":"2020-06-27T15:41:15+00:00","dateModified":"2020-06-28T14:58:33+00:00","breadcrumb":{"@id":"https:\/\/loftypods.com\/fr\/maisons-modulaires-informations\/#breadcrumb"},"inLanguage":"fr-FR","potentialAction":[{"@type":"ReadAction","target":["https:\/\/loftypods.com\/fr\/maisons-modulaires-informations\/"]}]},{"@type":"BreadcrumbList","@id":"https:\/\/loftypods.com\/fr\/maisons-modulaires-informations\/#breadcrumb","itemListElement":[{"@type":"ListItem","position":1,"name":"Home","item":"https:\/\/loftypods.com\/fr\/"},{"@type":"ListItem","position":2,"name":"Maisons modulaires Informations"}]},{"@type":"WebSite","@id":"https:\/\/loftypods.com\/fr\/#website","url":"https:\/\/loftypods.com\/fr\/","name":"LoftyPods modular homes Quebec","description":"highest quality modular homes in Quebec","publisher":{"@id":"https:\/\/loftypods.com\/fr\/#organization"},"potentialAction":[{"@type":"SearchAction","target":{"@type":"EntryPoint","urlTemplate":"https:\/\/loftypods.com\/fr\/?s={search_term_string}"},"query-input":{"@type":"PropertyValueSpecification","valueRequired":true,"valueName":"search_term_string"}}],"inLanguage":"fr-FR"},{"@type":"Organization","@id":"https:\/\/loftypods.com\/fr\/#organization","name":"Lofty Pod modular homes","url":"https:\/\/loftypods.com\/fr\/","logo":{"@type":"ImageObject","inLanguage":"fr-FR","@id":"https:\/\/loftypods.com\/fr\/#\/schema\/logo\/image\/","url":"https:\/\/loftypods.com\/wp-content\/uploads\/2020\/04\/LOFTY-TONE-1.png?v=1593034548","contentUrl":"https:\/\/loftypods.com\/wp-content\/uploads\/2020\/04\/LOFTY-TONE-1.png?v=1593034548","width":225,"height":72,"caption":"Lofty Pod modular homes"},"image":{"@id":"https:\/\/loftypods.com\/fr\/#\/schema\/logo\/image\/"},"sameAs":["https:\/\/www.facebook.com\/Loftypods-102210318534979\/","https:\/\/www.instagram.com\/loftypods\/?hl=en","https:\/\/www.linkedin.com\/in\/lofty-pods\/","https:\/\/www.pinterest.ca\/loftypods\/"]}]}},"jetpack_sharing_enabled":true,"_links":{"self":[{"href":"https:\/\/loftypods.com\/fr\/wp-json\/wp\/v2\/pages\/4696","targetHints":{"allow":["GET"]}}],"collection":[{"href":"https:\/\/loftypods.com\/fr\/wp-json\/wp\/v2\/pages"}],"about":[{"href":"https:\/\/loftypods.com\/fr\/wp-json\/wp\/v2\/types\/page"}],"author":[{"embeddable":true,"href":"https:\/\/loftypods.com\/fr\/wp-json\/wp\/v2\/users\/1"}],"replies":[{"embeddable":true,"href":"https:\/\/loftypods.com\/fr\/wp-json\/wp\/v2\/comments?post=4696"}],"version-history":[{"count":5,"href":"https:\/\/loftypods.com\/fr\/wp-json\/wp\/v2\/pages\/4696\/revisions"}],"predecessor-version":[{"id":4710,"href":"https:\/\/loftypods.com\/fr\/wp-json\/wp\/v2\/pages\/4696\/revisions\/4710"}],"wp:attachment":[{"href":"https:\/\/loftypods.com\/fr\/wp-json\/wp\/v2\/media?parent=4696"}],"curies":[{"name":"wp","href":"https:\/\/api.w.org\/{rel}","templated":true}]}}